{"id":38,"date":"2014-09-18T12:34:08","date_gmt":"2014-09-18T12:34:08","guid":{"rendered":"http:\/\/agora.xtec.cat\/ceipenricfarreny\/?page_id=38"},"modified":"2017-01-21T20:44:16","modified_gmt":"2017-01-21T19:44:16","slug":"salut","status":"publish","type":"page","link":"https:\/\/agora.xtec.cat\/ceipenricfarreny\/lescola\/salut\/","title":{"rendered":"Salut"},"content":{"rendered":"<p>El car\u00e0cter d&#8217;aquesta p\u00e0gina \u00e9s b\u00e0sicament informatiu. En aquesta secci\u00f3 fem una refer\u00e8ncia directa a q\u00fcestions de salut que poden afectar directament als alumnes del centre.<\/p>\n<p><strong>Medicaments<\/strong><\/p>\n<ul>\n<li>\n<h4><a href=\"http:\/\/www.xtec.cat\/ceipenricfarreny\/00-docs\/Medicacio2011.pdf\">Administraci\u00f3 de medicaments<\/a><\/h4>\n<\/li>\n<\/ul>\n<p><strong>Par\u00e0sits<\/strong>.<\/p>\n<ul>\n<li><a href=\"http:\/\/www.xtec.cat\/ceipenricfarreny\/00-docs\/circular%20polls-1.pdf\"><strong>Polls<\/strong><\/a><\/li>\n<li><strong><a href=\"http:\/\/www.familiaysalud.es\/sintomas-y-enfermedades\/infecciones\/de-la-h-la-o\/las-lombrices-como-es-posible-que-mi-hijo-le-hayan\">Cucs 1<\/a>\u00a0\u00a0 &#8211; \u00a0 <a href=\"http:\/\/www.osakidetza.euskadi.eus\/contenidos\/informacion\/cevime_ibotika_fichas\/es_cevime\/adjuntos\/ibotika_F9_LOMBRICES_ES.pdf\">Cucs 2<\/a><\/strong><\/li>\n<\/ul>\n","protected":false},"excerpt":{"rendered":"<p>El car\u00e0cter d&#8217;aquesta p\u00e0gina \u00e9s b\u00e0sicament informatiu. En aquesta secci\u00f3 fem una refer\u00e8ncia directa a q\u00fcestions de salut que poden afectar directament als alumnes del centre.<br \/>\nMedicaments<\/p>\n<ul>\n<li>\n<a href=\"http:\/\/www.xtec.cat\/ceipenricfarreny\/00-docs\/Medicacio2011.pdf\">Administraci\u00f3 de medicaments<\/a>\n<\/li>\n<\/ul>\n<p>Par\u00e0sits.<\/p>\n<ul>\n<li><a href=\"http:\/\/www.xtec.cat\/ceipenricfarreny\/00-docs\/circular%20polls-1.pdf\">Polls<\/a><\/li>\n<li><a href=\"http:\/\/www.familiaysalud.es\/sintomas-y-enfermedades\/infecciones\/de-la-h-la-o\/las-lombrices-como-es-posible-que-mi-hijo-le-hayan\">Cucs 1<\/a>\u00a0\u00a0 &#8211; \u00a0 <a href=\"http:\/\/www.osakidetza.euskadi.eus\/contenidos\/informacion\/cevime_ibotika_fichas\/es_cevime\/adjuntos\/ibotika_F9_LOMBRICES_ES.pdf\">Cucs 2<\/a><\/li>\n<\/ul>\n","protected":false},"author":2,"featured_media":0,"parent":22,"menu_order":80,"comment_status":"closed","ping_status":"closed","template":"page-templates\/side-menu.php","meta":{"_bbp_topic_count":0,"_bbp_reply_count":0,"_bbp_total_topic_count":0,"_bbp_total_reply_count":0,"_bbp_voice_count":0,"_bbp_anonymous_reply_count":0,"_bbp_topic_count_hidden":0,"_bbp_reply_count_hidden":0,"_bbp_forum_subforum_count":0,"footnotes":""},"class_list":["post-38","page","type-page","status-publish","hentry"],"post_mailing_queue_ids":[],"_links":{"self":[{"href":"https:\/\/agora.xtec.cat\/ceipenricfarreny\/wp-json\/wp\/v2\/pages\/38","targetHints":{"allow":["GET"]}}],"collection":[{"href":"https:\/\/agora.xtec.cat\/ceipenricfarreny\/wp-json\/wp\/v2\/pages"}],"about":[{"href":"https:\/\/agora.xtec.cat\/ceipenricfarreny\/wp-json\/wp\/v2\/types\/page"}],"author":[{"embeddable":true,"href":"https:\/\/agora.xtec.cat\/ceipenricfarreny\/wp-json\/wp\/v2\/users\/2"}],"replies":[{"embeddable":true,"href":"https:\/\/agora.xtec.cat\/ceipenricfarreny\/wp-json\/wp\/v2\/comments?post=38"}],"version-history":[{"count":3,"href":"https:\/\/agora.xtec.cat\/ceipenricfarreny\/wp-json\/wp\/v2\/pages\/38\/revisions"}],"predecessor-version":[{"id":455,"href":"https:\/\/agora.xtec.cat\/ceipenricfarreny\/wp-json\/wp\/v2\/pages\/38\/revisions\/455"}],"up":[{"embeddable":true,"href":"https:\/\/agora.xtec.cat\/ceipenricfarreny\/wp-json\/wp\/v2\/pages\/22"}],"wp:attachment":[{"href":"https:\/\/agora.xtec.cat\/ceipenricfarreny\/wp-json\/wp\/v2\/media?parent=38"}],"curies":[{"name":"wp","href":"https:\/\/api.w.org\/{rel}","templated":true}]}}