{"id":28,"date":"2014-09-18T12:29:35","date_gmt":"2014-09-18T12:29:35","guid":{"rendered":"http:\/\/agora.xtec.cat\/ceipenricfarreny\/?page_id=28"},"modified":"2025-06-25T20:29:57","modified_gmt":"2025-06-25T18:29:57","slug":"consell-escolar","status":"publish","type":"page","link":"https:\/\/agora.xtec.cat\/ceipenricfarreny\/lescola\/consell-escolar\/","title":{"rendered":"Consell escolar"},"content":{"rendered":"<table style=\"width: 75.7032%; height: 571px;\">\n<tbody>\n<tr style=\"height: 55px;\">\n<td style=\"height: 55px; width: 28.3148%;\" width=\"137\"><strong>Unipersonals:<\/strong><\/td>\n<td style=\"height: 55px; width: 20.7167%;\" width=\"111\">Director:<\/p>\n<p>Cap d\u2019Estudis:<\/p>\n<p>Secret\u00e0ria:<\/td>\n<td style=\"height: 55px; width: 96.6167%;\" width=\"328\">Ramon Corral L\u00f3pez (P\/E\/C\/L)<\/p>\n<p>Juan Antonio Soler Vilanova (P)<\/p>\n<p>Marta Broto Folguera (P\/E)<\/td>\n<\/tr>\n<tr style=\"height: 185px;\">\n<td style=\"height: 516px; width: 28.3148%;\" rowspan=\"4\" width=\"137\"><strong>Consell Escolar:<\/strong><\/td>\n<td style=\"height: 185px; width: 20.7167%;\" width=\"111\">Mestres:<\/td>\n<td style=\"height: 185px; width: 96.6167%;\" width=\"328\">\u00c0ngels Mateu Vidal (E)<\/p>\n<p>Raquel Ferrer Berrio (P)<\/p>\n<p>Anna Busto Bonveh\u00ed (L)<\/p>\n<p>M. Jos\u00e9 Pesta\u00f1a (L)<\/p>\n<p>Montserrat Mancilla (C)<\/p>\n<p>Gerard Nav\u00e9s Palou<\/td>\n<\/tr>\n<tr style=\"height: 257px;\">\n<td style=\"height: 217px; width: 20.7167%;\" width=\"111\">Pares:<\/td>\n<td style=\"height: 217px; width: 96.6167%;\" width=\"328\">M\u00f2nica Cardona Roca (E)<\/p>\n<p>Fernando Castel Sanju\u00e1n (C)<\/p>\n<p>S\u00edlvia Butia Sirvent (L)<\/p>\n<p>Sara Armengol Solsona (P)<\/p>\n<p>To\u00f1i Calero Su\u00e1rez (L)<\/p>\n<p>Carme Badia (AFA)<\/td>\n<\/tr>\n<tr style=\"height: 57px;\">\n<td style=\"height: 57px; width: 20.7167%;\" width=\"111\">PAS:<\/td>\n<td style=\"height: 57px; width: 96.6167%;\" width=\"328\">Joan Miranda L\u00f3pez<\/td>\n<\/tr>\n<tr style=\"height: 57px;\">\n<td style=\"height: 57px; width: 20.7167%;\" width=\"111\">Ajuntament:<\/td>\n<td style=\"height: 57px; width: 96.6167%;\" width=\"328\">Roberto Pino<\/td>\n<\/tr>\n<\/tbody>\n<\/table>\n<h4>Comissions<\/h4>\n<table width=\"624\">\n<tbody>\n<tr>\n<td width=\"38\"><\/td>\n<td width=\"139\">(E) \u20accon\u00f2mica<\/td>\n<td width=\"139\">(P) Permanent<\/td>\n<td width=\"139\">\u00a0(C) Conviv\u00e8ncia<\/td>\n<td width=\"168\">(L) Socialitzaci\u00f3 Llibres<\/td>\n<\/tr>\n<tr>\n<td rowspan=\"3\" width=\"38\">ED<\/td>\n<td rowspan=\"2\" width=\"139\">Ramon<\/td>\n<td width=\"139\">Ramon<\/td>\n<td rowspan=\"3\" width=\"139\">Ramon<\/td>\n<td rowspan=\"3\" width=\"168\">Ramon<\/td>\n<\/tr>\n<tr>\n<td width=\"139\">Juan<\/td>\n<\/tr>\n<tr>\n<td width=\"139\">Marta<\/td>\n<td width=\"139\">Marta<\/td>\n<\/tr>\n<tr>\n<td width=\"38\">M<\/td>\n<td width=\"139\">M\u00f2nica<\/td>\n<td width=\"139\">Sara<\/td>\n<td width=\"139\">Fernando<\/td>\n<td width=\"168\">To\u00f1i, S\u00edlvia<\/td>\n<\/tr>\n<tr>\n<td width=\"38\">P<\/td>\n<td width=\"139\">\u00c0ngels<\/td>\n<td width=\"139\">Raquel<\/td>\n<td width=\"139\">Montse<\/td>\n<td width=\"168\">Anna, Mabel<\/td>\n<\/tr>\n<\/tbody>\n<\/table>\n<p><span style=\"font-family: inherit; font-size: 1em; text-align: justify;\"><br \/>\nEl <strong>consell escolar<\/strong> \u00e9s un \u00f2rgan de govern del centre format per l\u2019equip directiu representants dels mestres, les fam\u00edlies, l\u2019ajuntament i el personal d\u2019administraci\u00f3.<\/span><\/p>\n<p style=\"text-align: justify;\">El consell escolar del centre es reuneix preceptivament una vegada al trimestre. Actua normalment en ple i es poden constituir comissions espec\u00edfiques d\u2019estudi i informaci\u00f3.<\/p>\n<p style=\"text-align: justify;\">T\u00e9 com a <strong>funcions<\/strong>:<\/p>\n<ul style=\"text-align: justify;\">\n<li>Participar en l&#8217;aprovaci\u00f3 del projecte educatiu i les seves modificacions.<\/li>\n<li>Participar en l&#8217;aprovaci\u00f3 de la programaci\u00f3 general anual, de les normes de funcionament i de la gesti\u00f3 econ\u00f2mica del centre.<\/li>\n<li>Avaluar l&#8217;aplicaci\u00f3 del projecte educatiu i de les seves modificacions aix\u00ed com de la resta de documents de gesti\u00f3 del centre.<\/li>\n<li>Aprovar les propostes d&#8217;acords de corresponsabilitat, convenis i altres acords de col\u00b7laboraci\u00f3 del centre amb entitats i institucions.<\/li>\n<li>Intervenir en el procediment d&#8217;admissi\u00f3 d&#8217;alumnes.<\/li>\n<li>Participar en el procediment de selecci\u00f3 i en la proposta de cessament del director o directora.<\/li>\n<li>Intervenir en la resoluci\u00f3 dels conflictes i, si escau, revisar les sancions als alumnes.<\/li>\n<li>Aprovar les directrius per a la programaci\u00f3 d&#8217;activitats escolars complement\u00e0ries i d&#8217;activitats extraescolars, i avaluar-ne el desenvolupament.<\/li>\n<li>Participar en les an\u00e0lisis i les avaluacions del centre<\/li>\n<li>Aprovar els criteris de col\u00b7laboraci\u00f3 amb altres centres i amb l&#8217;entorn.<\/li>\n<li>Qualsevol altre que li sigui atribu\u00efda per les normes legals o reglament\u00e0ries.<\/li>\n<\/ul>\n<p style=\"text-align: justify;\">Si les fam\u00edlies voleu fer arribar les vostres propostes, preguntes, suggeriments i\/o comentaris als vostres representats del centre\u00a0 podeu utilitzar el seg\u00fcent correu electr\u00f2nic:<\/p>\n<h3 style=\"text-align: center;\"><a href=\"mailto:consell.escolar.ef@gmail.com\">consell.escolar.ef@gmail.com<\/a><\/h3>\n","protected":false},"excerpt":{"rendered":"<p>Unipersonals:<br \/>\nDirector:<br \/>\nCap d\u2019Estudis:<br \/>\nSecret\u00e0ria:<br \/>\nRamon Corral L\u00f3pez (P\/E\/C\/L)<br \/>\nJuan Antonio Soler Vilanova (P)<br \/>\nMarta Broto Folguera (P\/E)<\/p>\n<p>Consell Escolar:<br \/>\nMestres:<br \/>\n\u00c0ngels Mateu Vidal (E)<br \/>\nRaquel Ferrer Berrio (P)<br \/>\nAnna Busto Bonveh\u00ed (L)<br \/>\nM. Jos\u00e9 Pesta\u00f1a (L)<br \/>\nMontserrat Mancilla (C)<br \/>\nGerard Nav\u00e9s Palou<\/p>\n<p>Pares:<br \/>\nM\u00f2nica Cardona Roca (E)<br \/>\nFernando Castel Sanju\u00e1n (C)<br \/>\nS\u00edlvia Butia Sirvent (L)<br \/>\nSara Armengol Solsona (P)<br \/>\nTo\u00f1i Calero Su\u00e1rez (L)<br \/>\nCarme Badia&hellip;  <a href=\"https:\/\/agora.xtec.cat\/ceipenricfarreny\/lescola\/consell-escolar\/\" title=\"Read Consell escolar\">Llegeix m\u00e9s\u00bb<\/a><\/p>\n","protected":false},"author":2,"featured_media":0,"parent":22,"menu_order":30,"comment_status":"closed","ping_status":"closed","template":"page-templates\/side-menu.php","meta":{"_bbp_topic_count":0,"_bbp_reply_count":0,"_bbp_total_topic_count":0,"_bbp_total_reply_count":0,"_bbp_voice_count":0,"_bbp_anonymous_reply_count":0,"_bbp_topic_count_hidden":0,"_bbp_reply_count_hidden":0,"_bbp_forum_subforum_count":0,"footnotes":""},"class_list":["post-28","page","type-page","status-publish","hentry"],"post_mailing_queue_ids":[],"_links":{"self":[{"href":"https:\/\/agora.xtec.cat\/ceipenricfarreny\/wp-json\/wp\/v2\/pages\/28","targetHints":{"allow":["GET"]}}],"collection":[{"href":"https:\/\/agora.xtec.cat\/ceipenricfarreny\/wp-json\/wp\/v2\/pages"}],"about":[{"href":"https:\/\/agora.xtec.cat\/ceipenricfarreny\/wp-json\/wp\/v2\/types\/page"}],"author":[{"embeddable":true,"href":"https:\/\/agora.xtec.cat\/ceipenricfarreny\/wp-json\/wp\/v2\/users\/2"}],"replies":[{"embeddable":true,"href":"https:\/\/agora.xtec.cat\/ceipenricfarreny\/wp-json\/wp\/v2\/comments?post=28"}],"version-history":[{"count":7,"href":"https:\/\/agora.xtec.cat\/ceipenricfarreny\/wp-json\/wp\/v2\/pages\/28\/revisions"}],"predecessor-version":[{"id":28766,"href":"https:\/\/agora.xtec.cat\/ceipenricfarreny\/wp-json\/wp\/v2\/pages\/28\/revisions\/28766"}],"up":[{"embeddable":true,"href":"https:\/\/agora.xtec.cat\/ceipenricfarreny\/wp-json\/wp\/v2\/pages\/22"}],"wp:attachment":[{"href":"https:\/\/agora.xtec.cat\/ceipenricfarreny\/wp-json\/wp\/v2\/media?parent=28"}],"curies":[{"name":"wp","href":"https:\/\/api.w.org\/{rel}","templated":true}]}}