{"id":17153,"date":"2019-10-09T23:53:43","date_gmt":"2019-10-09T21:53:43","guid":{"rendered":"http:\/\/agora.xtec.cat\/ceipenricfarreny\/?page_id=17153"},"modified":"2022-06-21T17:32:11","modified_gmt":"2022-06-21T15:32:11","slug":"agenda-21-camera-i-accio","status":"publish","type":"page","link":"https:\/\/agora.xtec.cat\/ceipenricfarreny\/agenda-21-camera-i-accio\/","title":{"rendered":"Agenda 21 ESCOLAR: C\u00e0mera i Acci\u00f3"},"content":{"rendered":"<h3><\/h3>\n<h3><\/h3>\n<h1 style=\"text-align: center;\">C\u00c0MERA I ACCI\u00d3 US PRESENTA:<\/h1>\n<p>Ja tenim aqu\u00ed el recull dels v\u00eddeos que les fam\u00edlies ens vau fer arribar per la nova edici\u00f3 de C\u00c0MERA I ACCI\u00d3 presentats pels nostres Agents 21 del cicle superior.<\/p>\n<p><a href=\"https:\/\/youtu.be\/FY7l3HB4FCg\"><strong>Estalvi energ\u00e8tic:<\/strong><\/a> La Val\u00e8ria i l&#8217;\u00c8rik ens ensenyen dues accions que ens ajudaran a estalviar energia i que son ben f\u00e0cils de fer.<\/p>\n<p><strong><a href=\"https:\/\/youtu.be\/Sdw3RA2jLWg\">El reciclatge<\/a>:<\/strong> Aprenem de l&#8217;Alejandro, l&#8217;Arlet, la Sira, el Sergi, el Pol, la N\u00faria, el Nel, la J\u00falia i la Si\u00f3 per fer un bon reciclatge a casa.<\/p>\n<p><a href=\"https:\/\/youtu.be\/lf8MD4nSmO0\"><strong>La reutilitzaci\u00f3<\/strong>:<\/a> La J\u00falia, l&#8217;Oriol, el Sergi i la Luc\u00eda ens donen idees per reutilitzar diferents materials.<\/p>\n<p>Esperem que aquestes aportacions ens ajudin a fer un m\u00f3n m\u00e9s sostenible. Som-hi fam\u00edlies!<\/p>\n<p>C\u00c0MERA I ACCI\u00d3 PER UN M\u00d3N MILLOR!!!<\/p>\n<p>&nbsp;<\/p>\n<p><a href=\"https:\/\/agora.xtec.cat\/ceipenricfarreny\/wp-content\/uploads\/usu137\/2022\/06\/camera-i-accio.jpg\"><img loading=\"lazy\" decoding=\"async\" class=\"alignnone size-full wp-image-22542\" src=\"https:\/\/agora.xtec.cat\/ceipenricfarreny\/wp-content\/uploads\/usu137\/2022\/06\/camera-i-accio.jpg\" alt=\"\" width=\"597\" height=\"277\" srcset=\"https:\/\/agora.xtec.cat\/ceipenricfarreny\/wp-content\/uploads\/usu137\/2022\/06\/camera-i-accio.jpg 597w, https:\/\/agora.xtec.cat\/ceipenricfarreny\/wp-content\/uploads\/usu137\/2022\/06\/camera-i-accio-300x139.jpg 300w\" sizes=\"auto, (max-width: 597px) 100vw, 597px\" \/><\/a><\/p>\n<p>&nbsp;<\/p>\n<p>&nbsp;<\/p>\n<h4>V\u00cdDEO 4: La Mar de 4t i l&#8217;Ona de P5 ens expliquen com ho fan a casa per reutilitzar aigua.<\/h4>\n<p><iframe loading=\"lazy\" src=\"\/\/www.youtube.com\/embed\/94kXchyNfoY\" width=\"560\" height=\"315\" frameborder=\"0\" allowfullscreen=\"allowfullscreen\"><\/iframe><\/p>\n<p>&nbsp;<\/p>\n<h4>V\u00cdDEO 3: La Laia de P5 ha redu\u00eft totalment l&#8217;\u00fas d&#8217;un pl\u00e0stic.<\/h4>\n<p><iframe loading=\"lazy\" src=\"\/\/www.youtube.com\/embed\/5FD_AxQCNas\" width=\"560\" height=\"315\" frameborder=\"0\" allowfullscreen=\"allowfullscreen\"><\/iframe><\/p>\n<p>&nbsp;<\/p>\n<h4>V\u00cdDEO 2: La Marta de 4t ens ensenya com podem reduir el consum de pl\u00e0stic de les ampolles.<\/h4>\n<p><iframe loading=\"lazy\" src=\"\/\/www.youtube.com\/embed\/4m994qYZH_k\" width=\"560\" height=\"315\" frameborder=\"0\" allowfullscreen=\"allowfullscreen\"><\/iframe><\/p>\n<h3><\/h3>\n<h4>V\u00cdDEO 1: L&#8217;Alba de 4t ens dona idees de com reutilitzar alguns objectes quotidians.<\/h4>\n<h3><iframe loading=\"lazy\" src=\"\/\/www.youtube.com\/embed\/EmcoiZ-RqX0\" width=\"560\" height=\"315\" frameborder=\"0\" allowfullscreen=\"allowfullscreen\"><\/iframe><\/h3>\n<h5 style=\"text-align: center;\"><\/h5>\n<h3><\/h3>\n<h3 style=\"text-align: center;\"><strong>Benvinguts al canal!<\/strong><\/h3>\n<h4><strong>Avui us presentem els Superagents 21. Estem molt il\u00b7lusionats. Esperem rebre moltes idees, consells i trucs per millorar dia a dia el nostre planeta.<\/strong><\/h4>\n<h4><strong>Animeu-vos a participar en aquest projecte!\u00a0<\/strong><\/h4>\n<h4><strong>Comencem &#8220;C\u00c0MERA I ACCI\u00d3&#8221;.\u00a0<\/strong><\/h4>\n<p style=\"text-align: center;\"><a href=\"https:\/\/youtu.be\/lL5uvl3yMnI\" target=\"_blank\" rel=\"noopener noreferrer\"><img loading=\"lazy\" decoding=\"async\" class=\"aligncenter wp-image-17573 size-full\" src=\"https:\/\/agora.xtec.cat\/ceipenricfarreny\/wp-content\/uploads\/usu137\/2019\/11\/CiAcciomq2.jpg\" alt=\"\" width=\"320\" height=\"180\" srcset=\"https:\/\/agora.xtec.cat\/ceipenricfarreny\/wp-content\/uploads\/usu137\/2019\/11\/CiAcciomq2.jpg 320w, https:\/\/agora.xtec.cat\/ceipenricfarreny\/wp-content\/uploads\/usu137\/2019\/11\/CiAcciomq2-300x169.jpg 300w\" sizes=\"auto, (max-width: 320px) 100vw, 320px\" \/><\/a>CLIQUEU A LA IMATGE PER VEURE EL PRIMER V\u00cdDEO PRESENTACI\u00d3<\/p>\n<h4><strong>Canal de v\u00eddeos mensual<\/strong>: \u201c<strong>C\u00c0MERA I ACCI\u00d3\u201d<\/strong>, on fam\u00edlies, mestres i alumnes expliquen estrat\u00e8gies per reciclar, reutilitzar i reduir.<\/h4>\n<p style=\"text-align: center;\"><a href=\"https:\/\/agora.xtec.cat\/ceipenricfarreny\/wp-content\/uploads\/usu137\/2019\/10\/claqueta-cine.jpg\"><img loading=\"lazy\" decoding=\"async\" class=\"alignnone size-full wp-image-17157\" src=\"https:\/\/agora.xtec.cat\/ceipenricfarreny\/wp-content\/uploads\/usu137\/2019\/10\/claqueta-cine.jpg\" alt=\"\" width=\"225\" height=\"225\" srcset=\"https:\/\/agora.xtec.cat\/ceipenricfarreny\/wp-content\/uploads\/usu137\/2019\/10\/claqueta-cine.jpg 225w, https:\/\/agora.xtec.cat\/ceipenricfarreny\/wp-content\/uploads\/usu137\/2019\/10\/claqueta-cine-150x150.jpg 150w\" sizes=\"auto, (max-width: 225px) 100vw, 225px\" \/><\/a><\/p>\n<p style=\"text-align: center;\"><a href=\"https:\/\/agora.xtec.cat\/ceipenricfarreny\/wp-content\/uploads\/usu137\/2019\/10\/rrr.png\"><img loading=\"lazy\" decoding=\"async\" class=\"alignnone size-full wp-image-17159\" src=\"https:\/\/agora.xtec.cat\/ceipenricfarreny\/wp-content\/uploads\/usu137\/2019\/10\/rrr.png\" alt=\"\" width=\"313\" height=\"161\" srcset=\"https:\/\/agora.xtec.cat\/ceipenricfarreny\/wp-content\/uploads\/usu137\/2019\/10\/rrr.png 313w, https:\/\/agora.xtec.cat\/ceipenricfarreny\/wp-content\/uploads\/usu137\/2019\/10\/rrr-300x154.png 300w\" sizes=\"auto, (max-width: 313px) 100vw, 313px\" \/><\/a><\/p>\n","protected":false},"excerpt":{"rendered":"<p>C\u00c0MERA I ACCI\u00d3 US PRESENTA:<br \/>\nJa tenim aqu\u00ed el recull dels v\u00eddeos que les fam\u00edlies ens vau fer arribar per la nova edici\u00f3 de C\u00c0MERA I ACCI\u00d3 presentats pels nostres Agents 21 del cicle superior.<br \/>\n<a href=\"https:\/\/youtu.be\/FY7l3HB4FCg\">Estalvi energ\u00e8tic:<\/a> La Val\u00e8ria i l&#8217;\u00c8rik ens ensenyen dues accions que&hellip;  <a href=\"https:\/\/agora.xtec.cat\/ceipenricfarreny\/agenda-21-camera-i-accio\/\" title=\"Read Agenda 21 ESCOLAR: C\u00e0mera i Acci\u00f3\">Llegeix m\u00e9s\u00bb<\/a><\/p>\n","protected":false},"author":1,"featured_media":0,"parent":0,"menu_order":0,"comment_status":"closed","ping_status":"closed","template":"","meta":{"_bbp_topic_count":0,"_bbp_reply_count":0,"_bbp_total_topic_count":0,"_bbp_total_reply_count":0,"_bbp_voice_count":0,"_bbp_anonymous_reply_count":0,"_bbp_topic_count_hidden":0,"_bbp_reply_count_hidden":0,"_bbp_forum_subforum_count":0,"footnotes":""},"class_list":["post-17153","page","type-page","status-publish","hentry"],"post_mailing_queue_ids":[],"_links":{"self":[{"href":"https:\/\/agora.xtec.cat\/ceipenricfarreny\/wp-json\/wp\/v2\/pages\/17153","targetHints":{"allow":["GET"]}}],"collection":[{"href":"https:\/\/agora.xtec.cat\/ceipenricfarreny\/wp-json\/wp\/v2\/pages"}],"about":[{"href":"https:\/\/agora.xtec.cat\/ceipenricfarreny\/wp-json\/wp\/v2\/types\/page"}],"author":[{"embeddable":true,"href":"https:\/\/agora.xtec.cat\/ceipenricfarreny\/wp-json\/wp\/v2\/users\/1"}],"replies":[{"embeddable":true,"href":"https:\/\/agora.xtec.cat\/ceipenricfarreny\/wp-json\/wp\/v2\/comments?post=17153"}],"version-history":[{"count":4,"href":"https:\/\/agora.xtec.cat\/ceipenricfarreny\/wp-json\/wp\/v2\/pages\/17153\/revisions"}],"predecessor-version":[{"id":22544,"href":"https:\/\/agora.xtec.cat\/ceipenricfarreny\/wp-json\/wp\/v2\/pages\/17153\/revisions\/22544"}],"wp:attachment":[{"href":"https:\/\/agora.xtec.cat\/ceipenricfarreny\/wp-json\/wp\/v2\/media?parent=17153"}],"curies":[{"name":"wp","href":"https:\/\/api.w.org\/{rel}","templated":true}]}}