{"id":14729,"date":"2019-02-04T20:42:55","date_gmt":"2019-02-04T19:42:55","guid":{"rendered":"http:\/\/agora.xtec.cat\/ceipenricfarreny\/?page_id=14729"},"modified":"2025-05-29T11:31:38","modified_gmt":"2025-05-29T09:31:38","slug":"galeria-fotografica","status":"publish","type":"page","link":"https:\/\/agora.xtec.cat\/ceipenricfarreny\/galeria-fotografica\/","title":{"rendered":"Benvignuts al CETE+"},"content":{"rendered":"<p>Aix\u00f2 \u00e9s un recull d&#8217;experi\u00e8ncies &#8230;<\/p>\n","protected":false},"excerpt":{"rendered":"<p>Aix\u00f2 \u00e9s un recull d&#8217;experi\u00e8ncies &#8230;<\/p>\n","protected":false},"author":1,"featured_media":0,"parent":0,"menu_order":0,"comment_status":"closed","ping_status":"closed","template":"","meta":{"_bbp_topic_count":0,"_bbp_reply_count":0,"_bbp_total_topic_count":0,"_bbp_total_reply_count":0,"_bbp_voice_count":0,"_bbp_anonymous_reply_count":0,"_bbp_topic_count_hidden":0,"_bbp_reply_count_hidden":0,"_bbp_forum_subforum_count":0,"footnotes":""},"class_list":["post-14729","page","type-page","status-publish","hentry"],"post_mailing_queue_ids":[],"_links":{"self":[{"href":"https:\/\/agora.xtec.cat\/ceipenricfarreny\/wp-json\/wp\/v2\/pages\/14729","targetHints":{"allow":["GET"]}}],"collection":[{"href":"https:\/\/agora.xtec.cat\/ceipenricfarreny\/wp-json\/wp\/v2\/pages"}],"about":[{"href":"https:\/\/agora.xtec.cat\/ceipenricfarreny\/wp-json\/wp\/v2\/types\/page"}],"author":[{"embeddable":true,"href":"https:\/\/agora.xtec.cat\/ceipenricfarreny\/wp-json\/wp\/v2\/users\/1"}],"replies":[{"embeddable":true,"href":"https:\/\/agora.xtec.cat\/ceipenricfarreny\/wp-json\/wp\/v2\/comments?post=14729"}],"version-history":[{"count":6,"href":"https:\/\/agora.xtec.cat\/ceipenricfarreny\/wp-json\/wp\/v2\/pages\/14729\/revisions"}],"predecessor-version":[{"id":28477,"href":"https:\/\/agora.xtec.cat\/ceipenricfarreny\/wp-json\/wp\/v2\/pages\/14729\/revisions\/28477"}],"wp:attachment":[{"href":"https:\/\/agora.xtec.cat\/ceipenricfarreny\/wp-json\/wp\/v2\/media?parent=14729"}],"curies":[{"name":"wp","href":"https:\/\/api.w.org\/{rel}","templated":true}]}}