{"id":28,"date":"2014-09-18T12:29:35","date_gmt":"2014-09-18T12:29:35","guid":{"rendered":"http:\/\/agora.xtec.cat\/ceipelviracuyas\/?page_id=28"},"modified":"2026-01-29T11:00:36","modified_gmt":"2026-01-29T10:00:36","slug":"consell-escolar","status":"publish","type":"page","link":"https:\/\/agora.xtec.cat\/ceipelviracuyas\/lescola\/consell-escolar\/","title":{"rendered":"Consell Escolar"},"content":{"rendered":"<p>El Consell Escolar \u00e9s l&#8217;\u00f2rgan de participaci\u00f3 de la comunitat escolar en el centre. Hi participen fam\u00edlies, mestres, personal no docent i l&#8217;equip directiu. Es renova cada 4 cursos.<\/p>\n<p><strong>MEMBRES DEL CONSELL ESCOLAR <\/strong><strong>CURS 2025-2026<\/strong><\/p>\n<p><strong>PRESIDENT<\/strong><br \/>\nIsrael Crespo Gonz\u00e1lez<\/p>\n<p><strong>CAP D\u2019ESTUDIS<\/strong><br \/>\nNo\u00e8lia Sarda\u00f1a Rosell\u00f3<\/p>\n<p><strong>REPRESENTANT AJU<\/strong><strong>NTAMENT<\/strong><br \/>\nAnabel Moreno<\/p>\n<p><strong>SECTOR MESTRES<\/strong><br \/>\nJosep Llu\u00eds Salda\u00f1a Carceller<br \/>\nAnna Alsina Garcia<br \/>\nGema Pizarro Ord\u00f3\u00f1ez<br \/>\nN\u00faria Paredes Juli\u00e0<br \/>\nSara Nieves Curto<\/p>\n<p>Cristian Grajera Teruel<\/p>\n<p><strong>SECTOR PARES\/MARES<\/strong><br \/>\nVictor Bea Hern\u00e1ndez<br \/>\nMiriam Medialdea Gim\u00e9nez<\/p>\n<p>Abigail Montero Vilas<\/p>\n<p>Gemma V\u00e1zquez Fuertes<\/p>\n<p>Juan Redondo Nu\u00f1ez<\/p>\n<p><strong>AFA<\/strong><br \/>\nRa\u00fal P\u00e9rez L\u00f3pez<\/p>\n<p><strong>PAE<\/strong><br \/>\nN\u00faria Rojano<\/p>\n<p><strong>PAS<\/strong><br \/>\nJordi Candela Castellv\u00ed<\/p>\n<p><strong>SECRET\u00c0RIA<\/strong><br \/>\nElisabet Planas Boada<\/p>\n<table style=\"border-collapse: collapse; width: 100%;\">\n<tbody>\n<tr>\n<td style=\"width: 32.4197%;\"><strong>ACORDS DEL CONSELL ESCOLAR 1<\/strong><\/td>\n<td style=\"width: 67.5803%;\"><a href=\"https:\/\/agora.xtec.cat\/ceipelviracuyas\/wp-content\/uploads\/usu801\/2026\/01\/ACORDS-Consell-escolar-1-16_10_2025.pdf\">ACORDS Consell escolar 1 16_10_2025<\/a><\/td>\n<\/tr>\n<tr>\n<td style=\"width: 32.4197%;\"><strong>ACORDS DEL CONSELL ESCOLAR 2<\/strong><\/td>\n<td style=\"width: 67.5803%;\"><a href=\"https:\/\/agora.xtec.cat\/ceipelviracuyas\/wp-content\/uploads\/usu801\/2026\/01\/Acta-del-Consell-Escolar-2-16_12_25-1.pdf\">ACORDS Consell escolar 2<\/a><\/td>\n<\/tr>\n<tr>\n<td style=\"width: 32.4197%;\"><strong>ACORDS DEL CONSELL ESCOLAR 3<\/strong><\/td>\n<td style=\"width: 67.5803%;\"><a href=\"https:\/\/agora.xtec.cat\/ceipelviracuyas\/wp-content\/uploads\/usu801\/2026\/01\/Acta-del-Consell-Escolar-3-28_01_26-1.pdf\">ACORDS Consell escolar 3<\/a><\/td>\n<\/tr>\n<\/tbody>\n<\/table>\n","protected":false},"excerpt":{"rendered":"<p>El Consell Escolar \u00e9s l&#8217;\u00f2rgan de participaci\u00f3 de la comunitat escolar en el centre. Hi participen fam\u00edlies, mestres, personal no docent i l&#8217;equip directiu. Es renova cada 4 cursos.<br \/>\nMEMBRES DEL CONSELL ESCOLAR CURS 2025-2026<br \/>\nPRESIDENT<br \/>\nIsrael Crespo Gonz\u00e1lez<br \/>\nCAP D\u2019ESTUDIS<br \/>\nNo\u00e8lia Sarda\u00f1a Rosell\u00f3<br \/>\nREPRESENTANT AJUNTAMENT<br \/>\nAnabel Moreno<br \/>\nSECTOR MESTRES<br \/>\nJosep Llu\u00eds Salda\u00f1a Carceller<br \/>\nAnna&hellip;  <a href=\"https:\/\/agora.xtec.cat\/ceipelviracuyas\/lescola\/consell-escolar\/\" title=\"Read Consell Escolar\">Llegeix m\u00e9s\u00bb<\/a><\/p>\n","protected":false},"author":2,"featured_media":0,"parent":22,"menu_order":30,"comment_status":"closed","ping_status":"closed","template":"page-templates\/side-menu.php","meta":{"_bbp_topic_count":0,"_bbp_reply_count":0,"_bbp_total_topic_count":0,"_bbp_total_reply_count":0,"_bbp_voice_count":0,"_bbp_anonymous_reply_count":0,"_bbp_topic_count_hidden":0,"_bbp_reply_count_hidden":0,"_bbp_forum_subforum_count":0,"footnotes":""},"class_list":["post-28","page","type-page","status-publish","hentry"],"post_mailing_queue_ids":[],"_links":{"self":[{"href":"https:\/\/agora.xtec.cat\/ceipelviracuyas\/wp-json\/wp\/v2\/pages\/28","targetHints":{"allow":["GET"]}}],"collection":[{"href":"https:\/\/agora.xtec.cat\/ceipelviracuyas\/wp-json\/wp\/v2\/pages"}],"about":[{"href":"https:\/\/agora.xtec.cat\/ceipelviracuyas\/wp-json\/wp\/v2\/types\/page"}],"author":[{"embeddable":true,"href":"https:\/\/agora.xtec.cat\/ceipelviracuyas\/wp-json\/wp\/v2\/users\/2"}],"replies":[{"embeddable":true,"href":"https:\/\/agora.xtec.cat\/ceipelviracuyas\/wp-json\/wp\/v2\/comments?post=28"}],"version-history":[{"count":8,"href":"https:\/\/agora.xtec.cat\/ceipelviracuyas\/wp-json\/wp\/v2\/pages\/28\/revisions"}],"predecessor-version":[{"id":14600,"href":"https:\/\/agora.xtec.cat\/ceipelviracuyas\/wp-json\/wp\/v2\/pages\/28\/revisions\/14600"}],"up":[{"embeddable":true,"href":"https:\/\/agora.xtec.cat\/ceipelviracuyas\/wp-json\/wp\/v2\/pages\/22"}],"wp:attachment":[{"href":"https:\/\/agora.xtec.cat\/ceipelviracuyas\/wp-json\/wp\/v2\/media?parent=28"}],"curies":[{"name":"wp","href":"https:\/\/api.w.org\/{rel}","templated":true}]}}