{"id":22,"date":"2014-09-18T12:19:57","date_gmt":"2014-09-18T12:19:57","guid":{"rendered":"http:\/\/agora.xtec.cat\/ceipelviracuyas\/?page_id=22"},"modified":"2023-02-23T12:53:30","modified_gmt":"2023-02-23T11:53:30","slug":"lescola","status":"publish","type":"page","link":"https:\/\/agora.xtec.cat\/ceipelviracuyas\/lescola\/","title":{"rendered":"L&#8217;escola"},"content":{"rendered":"<p>L&#8217;escola Elvira\u00a0<span class=\"hiddenSpellError\">Cuy\u00e0s<\/span>, com figura al seu Projecte Educatiu \u00e9s una escola p\u00fablica,\u00a0aconfessional, progressista, democr\u00e0tica i catalana. \u00c9s un centre dependent del Departament d&#8217;Educaci\u00f3 de la Generalitat de Catalunya i imparteix els nivells d&#8217;Educaci\u00f3 Infantil (3, 4 i 5 anys) i Educaci\u00f3 Prim\u00e0ria (de 6 a 12 anys).<\/p>\n<p>Som un centre de doble l\u00ednia (dues aules per nivell) des de I-3 fins a P-6 d&#8217;Educaci\u00f3 Prim\u00e0ria distribu\u00efts en dos edificis dins del mateix recinte. A l&#8217;edifici del parvulari hi ha els alumnes d&#8217;Educaci\u00f3 Infantil de 3 i 4 anys (I-3 i I-4) i a l&#8217;edifici principal hi ha els alumnes d&#8217;Educaci\u00f3 Infantil de <span class=\"hiddenGreenError\">5<\/span> anys i tots els d&#8217;Educaci\u00f3 Prim\u00e0ria (de P-1 a P-6).<\/p>\n<p>&nbsp;<\/p>\n","protected":false},"excerpt":{"rendered":"<p>L&#8217;escola Elvira\u00a0Cuy\u00e0s, com figura al seu Projecte Educatiu \u00e9s una escola p\u00fablica,\u00a0aconfessional, progressista, democr\u00e0tica i catalana. \u00c9s un centre dependent del Departament d&#8217;Educaci\u00f3 de la Generalitat de Catalunya i imparteix els nivells d&#8217;Educaci\u00f3 Infantil (3, 4 i 5 anys) i Educaci\u00f3 Prim\u00e0ria (de 6 a&hellip;  <a href=\"https:\/\/agora.xtec.cat\/ceipelviracuyas\/lescola\/\" title=\"Read L&#8217;escola\">Llegeix m\u00e9s\u00bb<\/a><\/p>\n","protected":false},"author":2,"featured_media":0,"parent":0,"menu_order":0,"comment_status":"closed","ping_status":"closed","template":"page-templates\/side-menu.php","meta":{"_bbp_topic_count":0,"_bbp_reply_count":0,"_bbp_total_topic_count":0,"_bbp_total_reply_count":0,"_bbp_voice_count":0,"_bbp_anonymous_reply_count":0,"_bbp_topic_count_hidden":0,"_bbp_reply_count_hidden":0,"_bbp_forum_subforum_count":0,"footnotes":""},"class_list":["post-22","page","type-page","status-publish","hentry"],"post_mailing_queue_ids":[],"_links":{"self":[{"href":"https:\/\/agora.xtec.cat\/ceipelviracuyas\/wp-json\/wp\/v2\/pages\/22","targetHints":{"allow":["GET"]}}],"collection":[{"href":"https:\/\/agora.xtec.cat\/ceipelviracuyas\/wp-json\/wp\/v2\/pages"}],"about":[{"href":"https:\/\/agora.xtec.cat\/ceipelviracuyas\/wp-json\/wp\/v2\/types\/page"}],"author":[{"embeddable":true,"href":"https:\/\/agora.xtec.cat\/ceipelviracuyas\/wp-json\/wp\/v2\/users\/2"}],"replies":[{"embeddable":true,"href":"https:\/\/agora.xtec.cat\/ceipelviracuyas\/wp-json\/wp\/v2\/comments?post=22"}],"version-history":[{"count":4,"href":"https:\/\/agora.xtec.cat\/ceipelviracuyas\/wp-json\/wp\/v2\/pages\/22\/revisions"}],"predecessor-version":[{"id":12713,"href":"https:\/\/agora.xtec.cat\/ceipelviracuyas\/wp-json\/wp\/v2\/pages\/22\/revisions\/12713"}],"wp:attachment":[{"href":"https:\/\/agora.xtec.cat\/ceipelviracuyas\/wp-json\/wp\/v2\/media?parent=22"}],"curies":[{"name":"wp","href":"https:\/\/api.w.org\/{rel}","templated":true}]}}