{"id":10722,"date":"2020-11-08T23:05:55","date_gmt":"2020-11-08T22:05:55","guid":{"rendered":"http:\/\/agora.xtec.cat\/ceipelviracuyas\/?page_id=10722"},"modified":"2021-01-20T21:16:01","modified_gmt":"2021-01-20T20:16:01","slug":"etwinning","status":"publish","type":"page","link":"https:\/\/agora.xtec.cat\/ceipelviracuyas\/angles-a-lelvira\/etwinning\/","title":{"rendered":"eTwinning"},"content":{"rendered":"<p>Qu\u00e8 \u00e9s un projecte eTwinning?<\/p>\n<p>Un projecte eTwinning \u00e9s un treball de col\u00b7laboraci\u00f3 entre dos o m\u00e9s centres escolars europeus de pa\u00efsos diferents sobre un tema acordat pr\u00e8viament. La col\u00b7laboraci\u00f3 es porta a terme a trav\u00e9s d\u2019una plataforma a Internet i de l\u2019\u00fas d\u2019altres eines TIC.<\/p>\n<p>L&#8217;aprenentatge a trav\u00e9s dels projectes eTwinning focalitzen en la cooperaci\u00f3, interacci\u00f3 i un paper actiu aix\u00ed com en la pressa de decisions i el foment de les habilitats del segle XXI.<\/p>\n<p>La plataforma eTwinning forma part d&#8217; Erasmus+ i permet la participaci\u00f3 de\u00a0pa\u00efsos com ara, Alemanya, \u00c0ustria, Bulg\u00e0ria, B\u00e8lgica, Xipre, Cro\u00e0cia, Dinamarca, Eslov\u00e0quia, Eslov\u00e8nia, Espanya, Est\u00f2nia, Finl\u00e0ndia, Fran\u00e7a, Gr\u00e8cia, Hongria, Irlanda, Isl\u00e0ndia, It\u00e0lia, Let\u00f2nia, Litu\u00e0nia, Luxemburg, Malta, Noruega, Pa\u00efsos Baixos, Pol\u00f2nia, Portugal, Regne Unit, Rep\u00fablica Txeca, Romania, Su\u00e8cia, Turquia.<\/p>\n<div style=\"width: 100%;\">\n<div style=\"position: relative; padding-bottom: 56.25%; padding-top: 0px; height: 0px; text-align: center;\">\u00a0 \u00a0<iframe loading=\"lazy\" src=\"https:\/\/view.genial.ly\/600883e1c839640d8700e5fb\" width=\"700\" height=\"575\" frameborder=\"0\"><span data-mce-type=\"bookmark\" style=\"display: inline-block; width: 0px; overflow: hidden; line-height: 0;\" class=\"mce_SELRES_start\">\ufeff<\/span><\/iframe><\/div>\n<\/div>\n","protected":false},"excerpt":{"rendered":"<p>Qu\u00e8 \u00e9s un projecte eTwinning?<br \/>\nUn projecte eTwinning \u00e9s un treball de col\u00b7laboraci\u00f3 entre dos o m\u00e9s centres escolars europeus de pa\u00efsos diferents sobre un tema acordat pr\u00e8viament. La col\u00b7laboraci\u00f3 es porta a terme a trav\u00e9s d\u2019una plataforma a Internet i de l\u2019\u00fas d\u2019altres eines TIC.<br \/>\nL&#8217;aprenentatge&hellip;  <a href=\"https:\/\/agora.xtec.cat\/ceipelviracuyas\/angles-a-lelvira\/etwinning\/\" title=\"Read eTwinning\">Llegeix m\u00e9s\u00bb<\/a><\/p>\n","protected":false},"author":1,"featured_media":0,"parent":10718,"menu_order":0,"comment_status":"closed","ping_status":"closed","template":"","meta":{"_bbp_topic_count":0,"_bbp_reply_count":0,"_bbp_total_topic_count":0,"_bbp_total_reply_count":0,"_bbp_voice_count":0,"_bbp_anonymous_reply_count":0,"_bbp_topic_count_hidden":0,"_bbp_reply_count_hidden":0,"_bbp_forum_subforum_count":0,"footnotes":""},"class_list":["post-10722","page","type-page","status-publish","hentry"],"post_mailing_queue_ids":[],"_links":{"self":[{"href":"https:\/\/agora.xtec.cat\/ceipelviracuyas\/wp-json\/wp\/v2\/pages\/10722","targetHints":{"allow":["GET"]}}],"collection":[{"href":"https:\/\/agora.xtec.cat\/ceipelviracuyas\/wp-json\/wp\/v2\/pages"}],"about":[{"href":"https:\/\/agora.xtec.cat\/ceipelviracuyas\/wp-json\/wp\/v2\/types\/page"}],"author":[{"embeddable":true,"href":"https:\/\/agora.xtec.cat\/ceipelviracuyas\/wp-json\/wp\/v2\/users\/1"}],"replies":[{"embeddable":true,"href":"https:\/\/agora.xtec.cat\/ceipelviracuyas\/wp-json\/wp\/v2\/comments?post=10722"}],"version-history":[{"count":3,"href":"https:\/\/agora.xtec.cat\/ceipelviracuyas\/wp-json\/wp\/v2\/pages\/10722\/revisions"}],"predecessor-version":[{"id":10876,"href":"https:\/\/agora.xtec.cat\/ceipelviracuyas\/wp-json\/wp\/v2\/pages\/10722\/revisions\/10876"}],"up":[{"embeddable":true,"href":"https:\/\/agora.xtec.cat\/ceipelviracuyas\/wp-json\/wp\/v2\/pages\/10718"}],"wp:attachment":[{"href":"https:\/\/agora.xtec.cat\/ceipelviracuyas\/wp-json\/wp\/v2\/media?parent=10722"}],"curies":[{"name":"wp","href":"https:\/\/api.w.org\/{rel}","templated":true}]}}