{"id":9078,"date":"2024-02-10T16:16:36","date_gmt":"2024-02-10T15:16:36","guid":{"rendered":"https:\/\/agora.xtec.cat\/ceipelvinyet\/?page_id=9078"},"modified":"2024-02-10T16:32:39","modified_gmt":"2024-02-10T15:32:39","slug":"reading-in-pairs","status":"publish","type":"page","link":"https:\/\/agora.xtec.cat\/ceipelvinyet\/reading-in-pairs\/","title":{"rendered":"Reading in pairs"},"content":{"rendered":"<p>El curs 21-22 ens vam adherit al programa Reading in pairs impulsat pel <b><em>Grup de Recerca sobre Aprenentatge entre Iguals<\/em> de la Universitat Aut\u00f2noma de Barcelona, <\/b>aquest\u00a0planteja com a objectiu la millora de la lectura i la comprensi\u00f3 lectora en angl\u00e8s.<\/p>\n<p>La\u00a0tutoria entre iguals\u00a0\u00e9s recomanada per la UNESCO i els experts en educaci\u00f3 com una estrat\u00e8gia educativa per a l\u2019escola de qualitat, perqu\u00e8 treu profit pedag\u00f2gic de les difer\u00e8ncies entre alumnes, desenvolupa actituds democr\u00e0tiques, permet aprendre a cooperar i, sobretot, \u00e9s un motor d\u2019aprenentatge, tant per a l\u2019alumne tutor (perqu\u00e8 ensenyar \u00e9s una bona manera d\u2019aprendre) com per al tutorat.<\/p>\n<p>Setmanalment els infants de la comunitat de grans, a l\u2019estona d\u2019obrim portes, llegeixen i estableixen di\u00e0legs en parelles en angl\u00e8s. Complicitat, comprensi\u00f3, cooperaci\u00f3, vincles, connexions, aprenentatge \u00e9s el que podem palpar en aquestes estones compartides.<\/p>\n","protected":false},"excerpt":{"rendered":"<p>El curs 21-22 ens vam adherit al programa Reading in pairs impulsat pel Grup de Recerca sobre Aprenentatge entre Iguals de la Universitat Aut\u00f2noma de Barcelona, aquest\u00a0planteja com a objectiu la millora de la lectura i la comprensi\u00f3 lectora en angl\u00e8s.<br \/>\nLa\u00a0tutoria entre iguals\u00a0\u00e9s recomanada per&hellip;  <a href=\"https:\/\/agora.xtec.cat\/ceipelvinyet\/reading-in-pairs\/\" title=\"Read Reading in pairs\">Llegeix m\u00e9s\u00bb<\/a><\/p>\n","protected":false},"author":1,"featured_media":0,"parent":0,"menu_order":0,"comment_status":"closed","ping_status":"closed","template":"","meta":{"_bbp_topic_count":0,"_bbp_reply_count":0,"_bbp_total_topic_count":0,"_bbp_total_reply_count":0,"_bbp_voice_count":0,"_bbp_anonymous_reply_count":0,"_bbp_topic_count_hidden":0,"_bbp_reply_count_hidden":0,"_bbp_forum_subforum_count":0,"footnotes":""},"class_list":["post-9078","page","type-page","status-publish","hentry"],"post_mailing_queue_ids":[],"_links":{"self":[{"href":"https:\/\/agora.xtec.cat\/ceipelvinyet\/wp-json\/wp\/v2\/pages\/9078","targetHints":{"allow":["GET"]}}],"collection":[{"href":"https:\/\/agora.xtec.cat\/ceipelvinyet\/wp-json\/wp\/v2\/pages"}],"about":[{"href":"https:\/\/agora.xtec.cat\/ceipelvinyet\/wp-json\/wp\/v2\/types\/page"}],"author":[{"embeddable":true,"href":"https:\/\/agora.xtec.cat\/ceipelvinyet\/wp-json\/wp\/v2\/users\/1"}],"replies":[{"embeddable":true,"href":"https:\/\/agora.xtec.cat\/ceipelvinyet\/wp-json\/wp\/v2\/comments?post=9078"}],"version-history":[{"count":4,"href":"https:\/\/agora.xtec.cat\/ceipelvinyet\/wp-json\/wp\/v2\/pages\/9078\/revisions"}],"predecessor-version":[{"id":9088,"href":"https:\/\/agora.xtec.cat\/ceipelvinyet\/wp-json\/wp\/v2\/pages\/9078\/revisions\/9088"}],"wp:attachment":[{"href":"https:\/\/agora.xtec.cat\/ceipelvinyet\/wp-json\/wp\/v2\/media?parent=9078"}],"curies":[{"name":"wp","href":"https:\/\/api.w.org\/{rel}","templated":true}]}}