{"id":8981,"date":"2024-02-05T14:53:45","date_gmt":"2024-02-05T13:53:45","guid":{"rendered":"https:\/\/agora.xtec.cat\/ceipelvinyet\/?page_id=8981"},"modified":"2024-02-06T12:06:06","modified_gmt":"2024-02-06T11:06:06","slug":"que-fem","status":"publish","type":"page","link":"https:\/\/agora.xtec.cat\/ceipelvinyet\/que-fem\/","title":{"rendered":"Qu\u00e8 fem?"},"content":{"rendered":"<p>A l&#8217;escola del Vinyet ens agrupem en tres comunitats: Petits, Mitjans i Grans.<\/p>\n<p>A les tardes utilitzem els espais per organitzar-nos. A la comunitat de Petits trobem els espais de: construccions, llum i color, naturaigua i cos i moviment.<\/p>\n<p>Tant a la comunitat de Mitjans com Grans els espais s\u00f3n: angl\u00e8s, art\u00edstic, cient\u00edfic i educaci\u00f3 f\u00edsica (els mitjans combinen sessions d&#8217;Educaci\u00f3 f\u00edsica i psicomotricitat).<\/p>\n<p><a href=\"https:\/\/agora.xtec.cat\/ceipelvinyet\/nivells\/\"><img loading=\"lazy\" decoding=\"async\" class=\"alignnone size-full wp-image-9030\" src=\"https:\/\/agora.xtec.cat\/ceipelvinyet\/wp-content\/uploads\/usu1255\/2024\/02\/comunitats-1.png\" alt=\"\" width=\"206\" height=\"180\" \/><\/a><a href=\"https:\/\/agora.xtec.cat\/ceipelvinyet\/categoria\/espais\/\"><img loading=\"lazy\" decoding=\"async\" class=\"alignnone size-full wp-image-9031\" src=\"https:\/\/agora.xtec.cat\/ceipelvinyet\/wp-content\/uploads\/usu1255\/2024\/02\/Espais.png\" alt=\"\" width=\"201\" height=\"186\" \/><\/a><\/p>\n","protected":false},"excerpt":{"rendered":"<p>A l&#8217;escola del Vinyet ens agrupem en tres comunitats: Petits, Mitjans i Grans.<br \/>\nA les tardes utilitzem els espais per organitzar-nos. A la comunitat de Petits trobem els espais de: construccions, llum i color, naturaigua i cos i moviment.<br \/>\nTant a la comunitat de Mitjans com Grans&hellip;  <a href=\"https:\/\/agora.xtec.cat\/ceipelvinyet\/que-fem\/\" title=\"Read Qu\u00e8 fem?\">Llegeix m\u00e9s\u00bb<\/a><\/p>\n","protected":false},"author":1,"featured_media":0,"parent":0,"menu_order":0,"comment_status":"closed","ping_status":"closed","template":"","meta":{"_bbp_topic_count":0,"_bbp_reply_count":0,"_bbp_total_topic_count":0,"_bbp_total_reply_count":0,"_bbp_voice_count":0,"_bbp_anonymous_reply_count":0,"_bbp_topic_count_hidden":0,"_bbp_reply_count_hidden":0,"_bbp_forum_subforum_count":0,"footnotes":""},"class_list":["post-8981","page","type-page","status-publish","hentry"],"post_mailing_queue_ids":[],"_links":{"self":[{"href":"https:\/\/agora.xtec.cat\/ceipelvinyet\/wp-json\/wp\/v2\/pages\/8981","targetHints":{"allow":["GET"]}}],"collection":[{"href":"https:\/\/agora.xtec.cat\/ceipelvinyet\/wp-json\/wp\/v2\/pages"}],"about":[{"href":"https:\/\/agora.xtec.cat\/ceipelvinyet\/wp-json\/wp\/v2\/types\/page"}],"author":[{"embeddable":true,"href":"https:\/\/agora.xtec.cat\/ceipelvinyet\/wp-json\/wp\/v2\/users\/1"}],"replies":[{"embeddable":true,"href":"https:\/\/agora.xtec.cat\/ceipelvinyet\/wp-json\/wp\/v2\/comments?post=8981"}],"version-history":[{"count":4,"href":"https:\/\/agora.xtec.cat\/ceipelvinyet\/wp-json\/wp\/v2\/pages\/8981\/revisions"}],"predecessor-version":[{"id":9034,"href":"https:\/\/agora.xtec.cat\/ceipelvinyet\/wp-json\/wp\/v2\/pages\/8981\/revisions\/9034"}],"wp:attachment":[{"href":"https:\/\/agora.xtec.cat\/ceipelvinyet\/wp-json\/wp\/v2\/media?parent=8981"}],"curies":[{"name":"wp","href":"https:\/\/api.w.org\/{rel}","templated":true}]}}