{"id":8946,"date":"2024-02-05T13:49:28","date_gmt":"2024-02-05T12:49:28","guid":{"rendered":"https:\/\/agora.xtec.cat\/ceipelvinyet\/?page_id=8946"},"modified":"2024-02-06T16:05:42","modified_gmt":"2024-02-06T15:05:42","slug":"mirada-inclusiva","status":"publish","type":"page","link":"https:\/\/agora.xtec.cat\/ceipelvinyet\/mirada-inclusiva\/","title":{"rendered":"Mirada inclusiva"},"content":{"rendered":"<p>&nbsp;<\/p>\n<p><img loading=\"lazy\" decoding=\"async\" class=\"wp-image-9047 alignright\" src=\"https:\/\/agora.xtec.cat\/ceipelvinyet\/wp-content\/uploads\/usu1255\/2024\/02\/psicomot.png\" alt=\"\" width=\"211\" height=\"274\" srcset=\"https:\/\/agora.xtec.cat\/ceipelvinyet\/wp-content\/uploads\/usu1255\/2024\/02\/psicomot.png 276w, https:\/\/agora.xtec.cat\/ceipelvinyet\/wp-content\/uploads\/usu1255\/2024\/02\/psicomot-231x300.png 231w\" sizes=\"auto, (max-width: 211px) 100vw, 211px\" \/><\/p>\n<p>&nbsp;<\/p>\n<p class=\"cvGsUA direction-ltr align-justify para-style-body\"><strong><span class=\"OYPEnA text-decoration-none text-strikethrough-none\">PSICOMOTRICITAT<\/span> <span class=\"OYPEnA text-decoration-none text-strikethrough-none\">AUCOUTURIER<\/span><\/strong><\/p>\n<p class=\"cvGsUA direction-ltr align-justify para-style-body\"><span class=\"OYPEnA text-decoration-none text-strikethrough-none\">Espai on t<\/span><span class=\"OYPEnA text-decoration-none text-strikethrough-none\">enen cabuda totes les <\/span><strong><span class=\"OYPEnA text-decoration-none text-strikethrough-none\">emocions<\/span><\/strong><span class=\"OYPEnA text-decoration-none text-strikethrough-none\">. L&#8217;infant expressa lliurement all\u00f2 que sent, les emocions plaents i les menys plaents, sota l&#8217;atenta mirada de dos adults que l&#8217;acompanyen en la seva gesti\u00f3. per esdevenir persones amb un bon <\/span><strong><span class=\"OYPEnA text-decoration-none text-strikethrough-none\">bagatge<\/span> <span class=\"OYPEnA text-decoration-none text-strikethrough-none\">emocional<\/span><\/strong><span class=\"OYPEnA text-decoration-none text-strikethrough-none\">.<\/span><\/p>\n<p>&nbsp;<\/p>\n<p>&nbsp;<\/p>\n<p><img loading=\"lazy\" decoding=\"async\" class=\"wp-image-9049 alignleft\" src=\"https:\/\/agora.xtec.cat\/ceipelvinyet\/wp-content\/uploads\/usu1255\/2024\/02\/inclusiva.png\" alt=\"\" width=\"277\" height=\"211\" srcset=\"https:\/\/agora.xtec.cat\/ceipelvinyet\/wp-content\/uploads\/usu1255\/2024\/02\/inclusiva.png 333w, https:\/\/agora.xtec.cat\/ceipelvinyet\/wp-content\/uploads\/usu1255\/2024\/02\/inclusiva-300x229.png 300w\" sizes=\"auto, (max-width: 277px) 100vw, 277px\" \/><\/p>\n<p class=\"cvGsUA direction-ltr align-justify para-style-body\"><strong><span class=\"OYPEnA text-decoration-none text-strikethrough-none\">INTEGRACI\u00d3<\/span> <span class=\"OYPEnA text-decoration-none text-strikethrough-none\">SENSORIAL<\/span><\/strong><\/p>\n<p class=\"cvGsUA direction-ltr align-justify para-style-body\"><span class=\"OYPEnA text-decoration-none text-strikethrough-none\">Gaudim del suport i de l&#8217;assessorament d&#8217;una <\/span><strong><span class=\"OYPEnA text-decoration-none text-strikethrough-none\">terapeuta ocupacional<\/span><\/strong><span class=\"OYPEnA text-decoration-none text-strikethrough-none\"> especialitzada en <\/span><span class=\"OYPEnA text-decoration-none text-strikethrough-none\"><strong>integraci\u00f3 sensorial<\/strong>. <\/span><span class=\"OYPEnA text-decoration-none text-strikethrough-none\">D\u00f3na eines a l&#8217;equip de mestres perqu\u00e8 els infants puguin assolir una bona <\/span><span class=\"OYPEnA text-decoration-none text-strikethrough-none\"><strong>maduresa neurol\u00f2gica i aix\u00ed avan\u00e7ar en els aprenentatges<\/strong>.<\/span><\/p>\n<p>&nbsp;<\/p>\n<p>&nbsp;<\/p>\n","protected":false},"excerpt":{"rendered":"<p>&nbsp;<\/p>\n<p>&nbsp;<br \/>\nPSICOMOTRICITAT AUCOUTURIER<br \/>\nEspai on tenen cabuda totes les emocions. L&#8217;infant expressa lliurement all\u00f2 que sent, les emocions plaents i les menys plaents, sota l&#8217;atenta mirada de dos adults que l&#8217;acompanyen en la seva gesti\u00f3. per esdevenir persones amb un bon bagatge emocional.<br \/>\n&nbsp;<br \/>\n&nbsp;<\/p>\n<p>INTEGRACI\u00d3 SENSORIAL<br \/>\nGaudim del suport i&hellip;  <a href=\"https:\/\/agora.xtec.cat\/ceipelvinyet\/mirada-inclusiva\/\" title=\"Read Mirada inclusiva\">Llegeix m\u00e9s\u00bb<\/a><\/p>\n","protected":false},"author":1,"featured_media":0,"parent":0,"menu_order":0,"comment_status":"closed","ping_status":"closed","template":"","meta":{"_bbp_topic_count":0,"_bbp_reply_count":0,"_bbp_total_topic_count":0,"_bbp_total_reply_count":0,"_bbp_voice_count":0,"_bbp_anonymous_reply_count":0,"_bbp_topic_count_hidden":0,"_bbp_reply_count_hidden":0,"_bbp_forum_subforum_count":0,"footnotes":""},"class_list":["post-8946","page","type-page","status-publish","hentry"],"post_mailing_queue_ids":[],"_links":{"self":[{"href":"https:\/\/agora.xtec.cat\/ceipelvinyet\/wp-json\/wp\/v2\/pages\/8946","targetHints":{"allow":["GET"]}}],"collection":[{"href":"https:\/\/agora.xtec.cat\/ceipelvinyet\/wp-json\/wp\/v2\/pages"}],"about":[{"href":"https:\/\/agora.xtec.cat\/ceipelvinyet\/wp-json\/wp\/v2\/types\/page"}],"author":[{"embeddable":true,"href":"https:\/\/agora.xtec.cat\/ceipelvinyet\/wp-json\/wp\/v2\/users\/1"}],"replies":[{"embeddable":true,"href":"https:\/\/agora.xtec.cat\/ceipelvinyet\/wp-json\/wp\/v2\/comments?post=8946"}],"version-history":[{"count":6,"href":"https:\/\/agora.xtec.cat\/ceipelvinyet\/wp-json\/wp\/v2\/pages\/8946\/revisions"}],"predecessor-version":[{"id":9051,"href":"https:\/\/agora.xtec.cat\/ceipelvinyet\/wp-json\/wp\/v2\/pages\/8946\/revisions\/9051"}],"wp:attachment":[{"href":"https:\/\/agora.xtec.cat\/ceipelvinyet\/wp-json\/wp\/v2\/media?parent=8946"}],"curies":[{"name":"wp","href":"https:\/\/api.w.org\/{rel}","templated":true}]}}