{"id":80,"date":"2014-09-18T14:09:48","date_gmt":"2014-09-18T13:09:48","guid":{"rendered":"http:\/\/agora.xtec.cat\/ceipelvinyet\/?page_id=80"},"modified":"2017-09-06T17:52:59","modified_gmt":"2017-09-06T15:52:59","slug":"transport-escolar","status":"publish","type":"page","link":"https:\/\/agora.xtec.cat\/ceipelvinyet\/serveis\/transport-escolar\/","title":{"rendered":"Transport Escolar"},"content":{"rendered":"<p>Actualment, tots els infants de l&#8217;escola que viuen a el Pi de Sant Just compten amb el servei gratu\u00eft de transport que ofereix el Consell Comarcal del Solson\u00e8s. Per fer \u00fas d&#8217;aquest servei les fam\u00edlies han de fer la petici\u00f3 d&#8217;una beca dins dels terminis establerts, generalment a final de curs (aprox. maig) i\/o al setembre.<\/p>\n<p>L&#8217;escola recull i facilita les sol\u00b7licituds a les fam\u00edlies que ho demanen i el Consell Comarcal \u00e9s qui concedeix les beques.<\/p>\n<p>Si necessiteu m\u00e9s informaci\u00f3, podeu adre\u00e7ar-vos a l&#8217;escola i\/o al Consell Comarcal.<\/p>\n<p>&nbsp;<\/p>\n","protected":false},"excerpt":{"rendered":"<p>Actualment, tots els infants de l&#8217;escola que viuen a el Pi de Sant Just compten amb el servei gratu\u00eft de transport que ofereix el Consell Comarcal del Solson\u00e8s. Per fer \u00fas d&#8217;aquest servei les fam\u00edlies han de fer la petici\u00f3 d&#8217;una beca dins dels terminis&hellip;  <a href=\"https:\/\/agora.xtec.cat\/ceipelvinyet\/serveis\/transport-escolar\/\" title=\"Read Transport Escolar\">Llegeix m\u00e9s\u00bb<\/a><\/p>\n","protected":false},"author":1,"featured_media":0,"parent":66,"menu_order":40,"comment_status":"closed","ping_status":"closed","template":"page-templates\/side-menu.php","meta":{"_bbp_topic_count":0,"_bbp_reply_count":0,"_bbp_total_topic_count":0,"_bbp_total_reply_count":0,"_bbp_voice_count":0,"_bbp_anonymous_reply_count":0,"_bbp_topic_count_hidden":0,"_bbp_reply_count_hidden":0,"_bbp_forum_subforum_count":0,"footnotes":""},"class_list":["post-80","page","type-page","status-publish","hentry"],"post_mailing_queue_ids":[],"_links":{"self":[{"href":"https:\/\/agora.xtec.cat\/ceipelvinyet\/wp-json\/wp\/v2\/pages\/80","targetHints":{"allow":["GET"]}}],"collection":[{"href":"https:\/\/agora.xtec.cat\/ceipelvinyet\/wp-json\/wp\/v2\/pages"}],"about":[{"href":"https:\/\/agora.xtec.cat\/ceipelvinyet\/wp-json\/wp\/v2\/types\/page"}],"author":[{"embeddable":true,"href":"https:\/\/agora.xtec.cat\/ceipelvinyet\/wp-json\/wp\/v2\/users\/1"}],"replies":[{"embeddable":true,"href":"https:\/\/agora.xtec.cat\/ceipelvinyet\/wp-json\/wp\/v2\/comments?post=80"}],"version-history":[{"count":2,"href":"https:\/\/agora.xtec.cat\/ceipelvinyet\/wp-json\/wp\/v2\/pages\/80\/revisions"}],"predecessor-version":[{"id":703,"href":"https:\/\/agora.xtec.cat\/ceipelvinyet\/wp-json\/wp\/v2\/pages\/80\/revisions\/703"}],"up":[{"embeddable":true,"href":"https:\/\/agora.xtec.cat\/ceipelvinyet\/wp-json\/wp\/v2\/pages\/66"}],"wp:attachment":[{"href":"https:\/\/agora.xtec.cat\/ceipelvinyet\/wp-json\/wp\/v2\/media?parent=80"}],"curies":[{"name":"wp","href":"https:\/\/api.w.org\/{rel}","templated":true}]}}