{"id":7255,"date":"2021-06-14T11:34:49","date_gmt":"2021-06-14T09:34:49","guid":{"rendered":"https:\/\/agora.xtec.cat\/ceipelvinyet\/?page_id=7255"},"modified":"2024-02-10T20:10:51","modified_gmt":"2024-02-10T19:10:51","slug":"projecte-el-joc","status":"publish","type":"page","link":"https:\/\/agora.xtec.cat\/ceipelvinyet\/projecte-el-joc\/","title":{"rendered":"ART I ESCOLA"},"content":{"rendered":"<p><strong><img loading=\"lazy\" decoding=\"async\" class=\"alignnone size-full wp-image-8818\" src=\"https:\/\/agora.xtec.cat\/ceipelvinyet\/wp-content\/uploads\/usu1255\/2024\/01\/logo-art-i-escola.png\" alt=\"\" width=\"336\" height=\"138\" srcset=\"https:\/\/agora.xtec.cat\/ceipelvinyet\/wp-content\/uploads\/usu1255\/2024\/01\/logo-art-i-escola.png 336w, https:\/\/agora.xtec.cat\/ceipelvinyet\/wp-content\/uploads\/usu1255\/2024\/01\/logo-art-i-escola-300x123.png 300w\" sizes=\"auto, (max-width: 336px) 100vw, 336px\" \/><\/strong><\/p>\n<p><strong>ART I ESCOLA\u00a0<\/strong><\/p>\n<p>L&#8217;escola el Vinyet participa en el projecte Art i Escola des del curs 2013-2014.<\/p>\n<p><strong>QU\u00c8 \u00c9S ART I ESCOLA?<\/strong><\/p>\n<p>ART i ESCOLA\u00a0\u00e9s un programa que t\u00e9 com a fita promoure i posar en valor la pres\u00e8ncia de l\u2019art a les escoles.<br \/>\n\u00c9s una iniciativa que estableix una xarxa de col\u00b7laboracions entre diferents institucions que treballen des de l\u2019\u00e0mbit de l\u2019<strong>art i l&#8217;educaci\u00f3<\/strong>, conjuntament amb centres educatius.<\/p>\n<p>Parteix de la premissa que l&#8217;<strong>educaci\u00f3<\/strong>\u00a0\u00e9s part de la producci\u00f3 cultural i que l&#8217;<strong>art<\/strong>, ent\u00e8s des de la seva multiplicitat de formes contempor\u00e0nies, pot proporcionar diverses eines \u00fatils per revitalitzar accions educatives.<\/p>\n<p>&nbsp;<\/p>\n<p>Per a m\u00e9s informaci\u00f3:<\/p>\n<p><a href=\"https:\/\/www.artiescola.cat\/ca\/qu%C3%A8-%C3%A9s\/qu%C3%A8-%C3%A9s-art-i-escola\">https:\/\/www.artiescola.cat\/ca\/qu%C3%A8-%C3%A9s\/qu%C3%A8-%C3%A9s-art-i-escola<\/a><\/p>\n<p>&nbsp;<\/p>\n","protected":false},"excerpt":{"rendered":"<p>ART I ESCOLA\u00a0<br \/>\nL&#8217;escola el Vinyet participa en el projecte Art i Escola des del curs 2013-2014.<br \/>\nQU\u00c8 \u00c9S ART I ESCOLA?<br \/>\nART i ESCOLA\u00a0\u00e9s un programa que t\u00e9 com a fita promoure i posar en valor la pres\u00e8ncia de l\u2019art a les escoles.<br \/>\n\u00c9s una iniciativa que estableix&hellip;  <a href=\"https:\/\/agora.xtec.cat\/ceipelvinyet\/projecte-el-joc\/\" title=\"Read ART I ESCOLA\">Llegeix m\u00e9s\u00bb<\/a><\/p>\n","protected":false},"author":1,"featured_media":0,"parent":0,"menu_order":0,"comment_status":"closed","ping_status":"closed","template":"","meta":{"_bbp_topic_count":0,"_bbp_reply_count":0,"_bbp_total_topic_count":0,"_bbp_total_reply_count":0,"_bbp_voice_count":0,"_bbp_anonymous_reply_count":0,"_bbp_topic_count_hidden":0,"_bbp_reply_count_hidden":0,"_bbp_forum_subforum_count":0,"footnotes":""},"class_list":["post-7255","page","type-page","status-publish","hentry"],"post_mailing_queue_ids":[],"_links":{"self":[{"href":"https:\/\/agora.xtec.cat\/ceipelvinyet\/wp-json\/wp\/v2\/pages\/7255","targetHints":{"allow":["GET"]}}],"collection":[{"href":"https:\/\/agora.xtec.cat\/ceipelvinyet\/wp-json\/wp\/v2\/pages"}],"about":[{"href":"https:\/\/agora.xtec.cat\/ceipelvinyet\/wp-json\/wp\/v2\/types\/page"}],"author":[{"embeddable":true,"href":"https:\/\/agora.xtec.cat\/ceipelvinyet\/wp-json\/wp\/v2\/users\/1"}],"replies":[{"embeddable":true,"href":"https:\/\/agora.xtec.cat\/ceipelvinyet\/wp-json\/wp\/v2\/comments?post=7255"}],"version-history":[{"count":6,"href":"https:\/\/agora.xtec.cat\/ceipelvinyet\/wp-json\/wp\/v2\/pages\/7255\/revisions"}],"predecessor-version":[{"id":9096,"href":"https:\/\/agora.xtec.cat\/ceipelvinyet\/wp-json\/wp\/v2\/pages\/7255\/revisions\/9096"}],"wp:attachment":[{"href":"https:\/\/agora.xtec.cat\/ceipelvinyet\/wp-json\/wp\/v2\/media?parent=7255"}],"curies":[{"name":"wp","href":"https:\/\/api.w.org\/{rel}","templated":true}]}}