{"id":5510,"date":"2020-09-25T22:14:23","date_gmt":"2020-09-25T20:14:23","guid":{"rendered":"http:\/\/agora.xtec.cat\/ceipelvinyet\/?page_id=5510"},"modified":"2024-01-22T13:07:01","modified_gmt":"2024-01-22T12:07:01","slug":"servei-dacollida-i-canguratge","status":"publish","type":"page","link":"https:\/\/agora.xtec.cat\/ceipelvinyet\/serveis\/servei-dacollida-i-canguratge\/","title":{"rendered":"Servei d&#8217;acollida i canguratge"},"content":{"rendered":"<div class=\"post-header-line-1\">\n<div class=\"elementor-element elementor-element-de93611 elementor-widget elementor-widget-heading\" data-id=\"de93611\" data-element_type=\"widget\" data-widget_type=\"heading.default\">\n<div class=\"elementor-widget-container\">\n<p class=\"elementor-heading-title elementor-size-default\">Des de l\u2019AFA de l\u2019Escola El Vinyet s\u2019ofereix el servei de canguratge per facilitar la conciliaci\u00f3 hor\u00e0ria a les fam\u00edlies.<\/p>\n<\/div>\n<\/div>\n<div class=\"elementor-element elementor-element-25e7204 elementor-widget elementor-widget-text-editor\" data-id=\"25e7204\" data-element_type=\"widget\" data-widget_type=\"text-editor.default\">\n<div class=\"elementor-widget-container\">\n<p>Hi ha tres franges hor\u00e0ries:<\/p>\n<p><strong>Canguratge mat\u00ed<\/strong>\u00a0de 8h a 9h<br \/>\n<strong>Canguratge migdia<\/strong>\u00a0de 12:30h a 13:15h<br \/>\n<strong>Canguratge tarda<\/strong>\u00a0de 16:30 a 17:30h<\/p>\n<\/div>\n<\/div>\n<div class=\"elementor-element elementor-element-81720c0 elementor-widget elementor-widget-heading\" data-id=\"81720c0\" data-element_type=\"widget\" data-widget_type=\"heading.default\">\n<div class=\"elementor-widget-container\">\n<p class=\"elementor-heading-title elementor-size-default\">Per m\u00e9s informaci\u00f3, contacteu amb:<\/p>\n<p><a href=\"https:\/\/lleurequalia.cat\/\"><strong>Qu\u00e0lia<\/strong><\/a><\/p>\n<\/div>\n<\/div>\n<\/div>\n","protected":false},"excerpt":{"rendered":"<p>Des de l\u2019AFA de l\u2019Escola El Vinyet s\u2019ofereix el servei de canguratge per facilitar la conciliaci\u00f3 hor\u00e0ria a les fam\u00edlies.<\/p>\n<p>Hi ha tres franges hor\u00e0ries:<br \/>\nCanguratge mat\u00ed\u00a0de 8h a 9h<br \/>\nCanguratge migdia\u00a0de 12:30h a 13:15h<br \/>\nCanguratge tarda\u00a0de 16:30 a 17:30h<\/p>\n<p>Per m\u00e9s informaci\u00f3, contacteu amb:<br \/>\n<a href=\"https:\/\/lleurequalia.cat\/\">Qu\u00e0lia<\/a><\/p>\n","protected":false},"author":1,"featured_media":0,"parent":66,"menu_order":0,"comment_status":"closed","ping_status":"closed","template":"","meta":{"_bbp_topic_count":0,"_bbp_reply_count":0,"_bbp_total_topic_count":0,"_bbp_total_reply_count":0,"_bbp_voice_count":0,"_bbp_anonymous_reply_count":0,"_bbp_topic_count_hidden":0,"_bbp_reply_count_hidden":0,"_bbp_forum_subforum_count":0,"footnotes":""},"class_list":["post-5510","page","type-page","status-publish","hentry"],"post_mailing_queue_ids":[],"_links":{"self":[{"href":"https:\/\/agora.xtec.cat\/ceipelvinyet\/wp-json\/wp\/v2\/pages\/5510","targetHints":{"allow":["GET"]}}],"collection":[{"href":"https:\/\/agora.xtec.cat\/ceipelvinyet\/wp-json\/wp\/v2\/pages"}],"about":[{"href":"https:\/\/agora.xtec.cat\/ceipelvinyet\/wp-json\/wp\/v2\/types\/page"}],"author":[{"embeddable":true,"href":"https:\/\/agora.xtec.cat\/ceipelvinyet\/wp-json\/wp\/v2\/users\/1"}],"replies":[{"embeddable":true,"href":"https:\/\/agora.xtec.cat\/ceipelvinyet\/wp-json\/wp\/v2\/comments?post=5510"}],"version-history":[{"count":3,"href":"https:\/\/agora.xtec.cat\/ceipelvinyet\/wp-json\/wp\/v2\/pages\/5510\/revisions"}],"predecessor-version":[{"id":8834,"href":"https:\/\/agora.xtec.cat\/ceipelvinyet\/wp-json\/wp\/v2\/pages\/5510\/revisions\/8834"}],"up":[{"embeddable":true,"href":"https:\/\/agora.xtec.cat\/ceipelvinyet\/wp-json\/wp\/v2\/pages\/66"}],"wp:attachment":[{"href":"https:\/\/agora.xtec.cat\/ceipelvinyet\/wp-json\/wp\/v2\/media?parent=5510"}],"curies":[{"name":"wp","href":"https:\/\/api.w.org\/{rel}","templated":true}]}}