{"id":4612,"date":"2020-02-19T16:16:07","date_gmt":"2020-02-19T15:16:07","guid":{"rendered":"http:\/\/agora.xtec.cat\/ceipelvinyet\/?page_id=4612"},"modified":"2024-01-22T13:27:47","modified_gmt":"2024-01-22T12:27:47","slug":"integracio-sensorial","status":"publish","type":"page","link":"https:\/\/agora.xtec.cat\/ceipelvinyet\/integracio-sensorial\/","title":{"rendered":"INTEGRACI\u00d3 SENSORIAL"},"content":{"rendered":"<p>Les implicacions de la integraci\u00f3 sensorial en l&#8217;aprenentatge s\u00f3n decisives, donat que els problemes deguts a aquesta, s\u00f3n un dels factors de falta d&#8217;atenci\u00f3 i concentraci\u00f3 en l&#8217;aula escolar en infants. L&#8217;etapa escolar \u00e9s aquella on es produeixen els grans processos maduratius de l&#8217;infant. i s\u00f3n producte d&#8217;una gran quantitat, varietat i qualitat d&#8217;experi\u00e8ncies sensorials i motrius. \u00c9s tamb\u00e9 on el cervell apr\u00e8n a processar la informaci\u00f3 que rep.<\/p>\n<p>A l&#8217;escola comptem amb l&#8217;assessorament d&#8217;una terapeuta ocupacional.<\/p>\n<p>&nbsp;<\/p>\n<p>&nbsp;<\/p>\n","protected":false},"excerpt":{"rendered":"<p>Les implicacions de la integraci\u00f3 sensorial en l&#8217;aprenentatge s\u00f3n decisives, donat que els problemes deguts a aquesta, s\u00f3n un dels factors de falta d&#8217;atenci\u00f3 i concentraci\u00f3 en l&#8217;aula escolar en infants. L&#8217;etapa escolar \u00e9s aquella on es produeixen els grans processos maduratius de l&#8217;infant. i&hellip;  <a href=\"https:\/\/agora.xtec.cat\/ceipelvinyet\/integracio-sensorial\/\" title=\"Read INTEGRACI\u00d3 SENSORIAL\">Llegeix m\u00e9s\u00bb<\/a><\/p>\n","protected":false},"author":1,"featured_media":0,"parent":0,"menu_order":0,"comment_status":"closed","ping_status":"closed","template":"","meta":{"_bbp_topic_count":0,"_bbp_reply_count":0,"_bbp_total_topic_count":0,"_bbp_total_reply_count":0,"_bbp_voice_count":0,"_bbp_anonymous_reply_count":0,"_bbp_topic_count_hidden":0,"_bbp_reply_count_hidden":0,"_bbp_forum_subforum_count":0,"footnotes":""},"class_list":["post-4612","page","type-page","status-publish","hentry"],"post_mailing_queue_ids":[],"_links":{"self":[{"href":"https:\/\/agora.xtec.cat\/ceipelvinyet\/wp-json\/wp\/v2\/pages\/4612","targetHints":{"allow":["GET"]}}],"collection":[{"href":"https:\/\/agora.xtec.cat\/ceipelvinyet\/wp-json\/wp\/v2\/pages"}],"about":[{"href":"https:\/\/agora.xtec.cat\/ceipelvinyet\/wp-json\/wp\/v2\/types\/page"}],"author":[{"embeddable":true,"href":"https:\/\/agora.xtec.cat\/ceipelvinyet\/wp-json\/wp\/v2\/users\/1"}],"replies":[{"embeddable":true,"href":"https:\/\/agora.xtec.cat\/ceipelvinyet\/wp-json\/wp\/v2\/comments?post=4612"}],"version-history":[{"count":4,"href":"https:\/\/agora.xtec.cat\/ceipelvinyet\/wp-json\/wp\/v2\/pages\/4612\/revisions"}],"predecessor-version":[{"id":8839,"href":"https:\/\/agora.xtec.cat\/ceipelvinyet\/wp-json\/wp\/v2\/pages\/4612\/revisions\/8839"}],"wp:attachment":[{"href":"https:\/\/agora.xtec.cat\/ceipelvinyet\/wp-json\/wp\/v2\/media?parent=4612"}],"curies":[{"name":"wp","href":"https:\/\/api.w.org\/{rel}","templated":true}]}}