{"id":36,"date":"2014-09-18T12:33:11","date_gmt":"2014-09-18T11:33:11","guid":{"rendered":"http:\/\/agora.xtec.cat\/ceipelvinyet\/?page_id=36"},"modified":"2024-01-22T11:33:49","modified_gmt":"2024-01-22T10:33:49","slug":"material-escolar","status":"publish","type":"page","link":"https:\/\/agora.xtec.cat\/ceipelvinyet\/lescola\/material-escolar\/","title":{"rendered":"Material escolar"},"content":{"rendered":"<p>Benvolgudes fam\u00edlies,<\/p>\n<p>Un curs que s\u2019acaba i un altre que en comen\u00e7a. Us fem arribar el material que caldr\u00e0 portar a l\u2019escola el proper setembre.<\/p>\n<p><strong>Com a escola verda, <\/strong>\u00a0ens proposem generar el m\u00ednim de residus possibles. \u00c9s per aquest motiu que us demanem que els esmorzars que els infants portin a l\u2019escola generin \u00fanicament residus compostables o cap tipus de residus. Portar l\u2019esmorzar en bosses de roba, Boc\u2018n\u2019rolls, carmanyoles, entre d\u2019altres, s\u00f3n algunes de les alternatives als residus m\u00e9s convencionals i contaminants. Entre totes constru\u00efm un m\u00f3n millor i m\u00e9s sostenible.<\/p>\n<h4>COMUNITAT DE GRANS<\/h4>\n<p>Material:<\/p>\n<ul>\n<li>Tovallola petita<\/li>\n<li>2 capses de mocadors de paper<\/li>\n<li>Una carpeta DIN A-4<\/li>\n<li>Dues llibretes amb espiral i quadr\u00edcula mida DIN-A4 amb tapa dura, totes elles sense troquelar.<\/li>\n<li>La llibreta d\u2019angl\u00e8s es reutilitzar\u00e0. Els infants de 4t, si la tenen molt plena, caldr\u00e0 que en portin una altra.<\/li>\n<li>Carpes\u00e0 sense anelles i amb pl\u00e0stics a dins per posar les partitures de l\u2019espai de m\u00fasica.<\/li>\n<li>Un estoig\/plumier que nom\u00e9s hi c\u00e0piga un llapis, bol\u00edgraf, goma, maquineta i comp\u00e0s. Us agrair\u00edem que els infants no portin t\u00edpex.<\/li>\n<li>Una samarreta de m\u00e0niga llarga d\u2019adult per l\u2019espai d\u2019art.<\/li>\n<li>1 cal\u00e7at c\u00f2mode per la classe (crocs, socs, mitjons gruixuts per caminar, etc.)<\/li>\n<\/ul>\n<h4>COMUNITAT DE MITJANS<\/h4>\n<p>Material:<\/p>\n<ul>\n<li>Tovallola petita<\/li>\n<li>2 capses de mocadors de paper<\/li>\n<li>Una carpeta senzilla amb gomes<\/li>\n<li>Dues llibretes amb espiral de pauta Montessori mida DIN-A4 amb tapa dura. Una per projectes i l\u2019altre per angl\u00e8s. Els infants de 2n i 3r reutilitzaran la llibreta d\u2019angl\u00e8s d\u2019aquest any. Totes elles sense troquelar.<\/li>\n<li>Una llibreta amb quadr\u00edcula mida DIN-A4 per materials, sense troquelar.<\/li>\n<li>Una samarreta de m\u00e0niga llarga d\u2019adult per l\u2019espai d\u2019art o una bata.<\/li>\n<li>1 cal\u00e7at c\u00f2mode per la classe (crocs, socs, mitjons gruixuts per caminar, etc.)<\/li>\n<\/ul>\n<h4>COMUNITAT DE PETITS<\/h4>\n<p>Material:<\/p>\n<ul>\n<li>Tovallola petita amb veta<\/li>\n<li>2 caixes de mocadors de paper<\/li>\n<li>Una carpeta senzilla\u00a0 amb gomes<\/li>\n<li>Una llibreta mida A5, amb els full blancs i la tapa dura de color blau i els infants de P4 i P5 de color vermell.<\/li>\n<li>1 cal\u00e7at c\u00f2mode per la classe (crocs, socs, mitjons gruixuts per caminar, etc.)<\/li>\n<\/ul>\n<p>&nbsp;<\/p>\n","protected":false},"excerpt":{"rendered":"<p>Benvolgudes fam\u00edlies,<br \/>\nUn curs que s\u2019acaba i un altre que en comen\u00e7a. Us fem arribar el material que caldr\u00e0 portar a l\u2019escola el proper setembre.<br \/>\nCom a escola verda, \u00a0ens proposem generar el m\u00ednim de residus possibles. \u00c9s per aquest motiu que us demanem que els esmorzars&hellip;  <a href=\"https:\/\/agora.xtec.cat\/ceipelvinyet\/lescola\/material-escolar\/\" title=\"Read Material escolar\">Llegeix m\u00e9s\u00bb<\/a><\/p>\n","protected":false},"author":1,"featured_media":0,"parent":22,"menu_order":70,"comment_status":"closed","ping_status":"closed","template":"page-templates\/side-menu.php","meta":{"_bbp_topic_count":0,"_bbp_reply_count":0,"_bbp_total_topic_count":0,"_bbp_total_reply_count":0,"_bbp_voice_count":0,"_bbp_anonymous_reply_count":0,"_bbp_topic_count_hidden":0,"_bbp_reply_count_hidden":0,"_bbp_forum_subforum_count":0,"footnotes":""},"class_list":["post-36","page","type-page","status-publish","hentry"],"post_mailing_queue_ids":[],"_links":{"self":[{"href":"https:\/\/agora.xtec.cat\/ceipelvinyet\/wp-json\/wp\/v2\/pages\/36","targetHints":{"allow":["GET"]}}],"collection":[{"href":"https:\/\/agora.xtec.cat\/ceipelvinyet\/wp-json\/wp\/v2\/pages"}],"about":[{"href":"https:\/\/agora.xtec.cat\/ceipelvinyet\/wp-json\/wp\/v2\/types\/page"}],"author":[{"embeddable":true,"href":"https:\/\/agora.xtec.cat\/ceipelvinyet\/wp-json\/wp\/v2\/users\/1"}],"replies":[{"embeddable":true,"href":"https:\/\/agora.xtec.cat\/ceipelvinyet\/wp-json\/wp\/v2\/comments?post=36"}],"version-history":[{"count":4,"href":"https:\/\/agora.xtec.cat\/ceipelvinyet\/wp-json\/wp\/v2\/pages\/36\/revisions"}],"predecessor-version":[{"id":8815,"href":"https:\/\/agora.xtec.cat\/ceipelvinyet\/wp-json\/wp\/v2\/pages\/36\/revisions\/8815"}],"up":[{"embeddable":true,"href":"https:\/\/agora.xtec.cat\/ceipelvinyet\/wp-json\/wp\/v2\/pages\/22"}],"wp:attachment":[{"href":"https:\/\/agora.xtec.cat\/ceipelvinyet\/wp-json\/wp\/v2\/media?parent=36"}],"curies":[{"name":"wp","href":"https:\/\/api.w.org\/{rel}","templated":true}]}}