{"id":34,"date":"2014-09-18T12:32:18","date_gmt":"2014-09-18T11:32:18","guid":{"rendered":"http:\/\/agora.xtec.cat\/ceipelvinyet\/?page_id=34"},"modified":"2024-01-22T11:30:31","modified_gmt":"2024-01-22T10:30:31","slug":"oferta-educativa","status":"publish","type":"page","link":"https:\/\/agora.xtec.cat\/ceipelvinyet\/lescola\/oferta-educativa\/","title":{"rendered":"Oferta educativa"},"content":{"rendered":"<p>L&#8217;escola el Vinyet \u00e9s una escola d&#8217;educaci\u00f3 infantil i prim\u00e0ria que at\u00e9n els infants dels 3 als 12 anys, educaci\u00f3 infantil a l&#8217;etapa de petits i prim\u00e0ria.<\/p>\n<p>L&#8217;escola s&#8217;organitza en <strong>tres grans comunitats:<\/strong><\/p>\n<ul>\n<li>Comunitat de petits: constitu\u00efda per infants de 3 a 6 anys.<\/li>\n<li>Comunitat de mitjans: constitu\u00efda per infants de 6 a 9 anys.<\/li>\n<li>Comunitat de grans : constitu\u00efda per infants de 9 a 12 anys.<\/li>\n<\/ul>\n<p>Aquestes comunitats, fam\u00edlies, mestres, monitors\/es, AFA, personal de suport, personal PAS, personal de neteja&#8230;constitueixen la gran fam\u00edlia del VINYET.<\/p>\n<p>A la pestanya Projecte Educatiu (PEC) podreu veure quins s\u00f3n els eixos i trets d&#8217;identitat de l&#8217;escola.<\/p>\n","protected":false},"excerpt":{"rendered":"<p>L&#8217;escola el Vinyet \u00e9s una escola d&#8217;educaci\u00f3 infantil i prim\u00e0ria que at\u00e9n els infants dels 3 als 12 anys, educaci\u00f3 infantil a l&#8217;etapa de petits i prim\u00e0ria.<br \/>\nL&#8217;escola s&#8217;organitza en tres grans comunitats:<\/p>\n<ul>\n<li>Comunitat de petits: constitu\u00efda per infants de 3 a 6 anys.<\/li>\n<li>Comunitat de mitjans: constitu\u00efda&hellip;  <a href=\"https:\/\/agora.xtec.cat\/ceipelvinyet\/lescola\/oferta-educativa\/\" title=\"Read Oferta educativa\">Llegeix m\u00e9s\u00bb<\/a><br \/>\n","protected":false},"author":1,"featured_media":0,"parent":22,"menu_order":60,"comment_status":"closed","ping_status":"closed","template":"page-templates\/side-menu.php","meta":{"_bbp_topic_count":0,"_bbp_reply_count":0,"_bbp_total_topic_count":0,"_bbp_total_reply_count":0,"_bbp_voice_count":0,"_bbp_anonymous_reply_count":0,"_bbp_topic_count_hidden":0,"_bbp_reply_count_hidden":0,"_bbp_forum_subforum_count":0,"footnotes":""},"class_list":["post-34","page","type-page","status-publish","hentry"],"post_mailing_queue_ids":[],"_links":{"self":[{"href":"https:\/\/agora.xtec.cat\/ceipelvinyet\/wp-json\/wp\/v2\/pages\/34","targetHints":{"allow":["GET"]}}],"collection":[{"href":"https:\/\/agora.xtec.cat\/ceipelvinyet\/wp-json\/wp\/v2\/pages"}],"about":[{"href":"https:\/\/agora.xtec.cat\/ceipelvinyet\/wp-json\/wp\/v2\/types\/page"}],"author":[{"embeddable":true,"href":"https:\/\/agora.xtec.cat\/ceipelvinyet\/wp-json\/wp\/v2\/users\/1"}],"replies":[{"embeddable":true,"href":"https:\/\/agora.xtec.cat\/ceipelvinyet\/wp-json\/wp\/v2\/comments?post=34"}],"version-history":[{"count":5,"href":"https:\/\/agora.xtec.cat\/ceipelvinyet\/wp-json\/wp\/v2\/pages\/34\/revisions"}],"predecessor-version":[{"id":8814,"href":"https:\/\/agora.xtec.cat\/ceipelvinyet\/wp-json\/wp\/v2\/pages\/34\/revisions\/8814"}],"up":[{"embeddable":true,"href":"https:\/\/agora.xtec.cat\/ceipelvinyet\/wp-json\/wp\/v2\/pages\/22"}],"wp:attachment":[{"href":"https:\/\/agora.xtec.cat\/ceipelvinyet\/wp-json\/wp\/v2\/media?parent=34"}],"curies":[{"name":"wp","href":"https:\/\/api.w.org\/{rel}","templated":true}]}}