{"id":3255,"date":"2019-04-09T17:54:57","date_gmt":"2019-04-09T15:54:57","guid":{"rendered":"http:\/\/agora.xtec.cat\/ceipelvinyet\/?page_id=3255"},"modified":"2024-02-05T13:57:51","modified_gmt":"2024-02-05T12:57:51","slug":"innovacio-educativa","status":"publish","type":"page","link":"https:\/\/agora.xtec.cat\/ceipelvinyet\/innovacio-educativa\/","title":{"rendered":"INNOVACI\u00d3 EDUCATIVA"},"content":{"rendered":"<p>Despr\u00e9s de dotze anys de traject\u00f2ria, el Departament d\u2019Educaci\u00f3 ha reconegut <strong>el Projecte Educatiu del Vinyet<\/strong> com a <strong>projecte d\u2019Innovaci\u00f3 Pedag\u00f2gica.<a href=\"https:\/\/agora.xtec.cat\/ceipelvinyet\/wp-content\/uploads\/usu1255\/2019\/04\/projecte.png\"><img loading=\"lazy\" decoding=\"async\" class=\" wp-image-3247 alignright\" src=\"https:\/\/agora.xtec.cat\/ceipelvinyet\/wp-content\/uploads\/usu1255\/2019\/04\/projecte.png\" sizes=\"auto, (max-width: 382px) 100vw, 382px\" srcset=\"https:\/\/agora.xtec.cat\/ceipelvinyet\/wp-content\/uploads\/usu1255\/2019\/04\/projecte.png 731w, https:\/\/agora.xtec.cat\/ceipelvinyet\/wp-content\/uploads\/usu1255\/2019\/04\/projecte-e1554824847476-150x150.png 150w, https:\/\/agora.xtec.cat\/ceipelvinyet\/wp-content\/uploads\/usu1255\/2019\/04\/projecte-300x300.png 300w\" alt=\"\" width=\"382\" height=\"381\" \/><\/a><\/strong><\/p>\n<p>El Departament d\u2019Educaci\u00f3 reconeix i certifica els projectes d\u2019innovaci\u00f3 pedag\u00f2gica impulsats des dels centres educatius i que contribueixen a la millora del sistema educatiu.<\/p>\n<p><em>TRADICI\u00d3 EDUCATIVA<\/em><\/p>\n<p>L\u2019educaci\u00f3 a Catalunya t\u00e9 una llarga tradici\u00f3 de renovaci\u00f3 pedag\u00f2gica i d\u2019esperit innovador. Les converses pedag\u00f2giques dels inicis del segle XX, els moviments de renovaci\u00f3 pedag\u00f2gica vinculats als plantejaments de l\u2019escola nova o l\u2019escola activa, l\u2019aparici\u00f3 d\u2019escoles renovadores, les escoles d\u2019estiu\u2026, s\u00f3n alguns exemples d\u2019aquest esperit de mestres i professors que fa ja m\u00e9s de cent anys es plantejaven una manera diferent d\u2019ensenyar i de concebre l\u2019escola.<\/p>\n<p>Actualment, hi ha tot un conjunt de centres educatius que, enlla\u00e7ant amb aquesta tradici\u00f3, han encetat processos de reflexi\u00f3 vers la qualitat de l\u2019educaci\u00f3 que ofereixen. Aquestes iniciatives modifiquen aspectes estructurals dels centres educatius, fent tamb\u00e9 refer\u00e8ncia a caracter\u00edstiques organitzatives, curriculars i metodol\u00f2giques o did\u00e0ctiques. <b>Els centres innovadors poden ser centres de refer\u00e8ncia i models que encoratgin altres centres a introduir canvis metodol\u00f2gics per tal de millorar la conviv\u00e8ncia de la seva comunitat i els seus resultats acad\u00e8mics. <\/b><\/p>\n<p><a href=\"https:\/\/agora.xtec.cat\/ceipelvinyet\/wp-content\/uploads\/usu1255\/2019\/04\/Infografia_1.jpg\"><img loading=\"lazy\" decoding=\"async\" class=\"alignnone size-large wp-image-3258\" src=\"https:\/\/agora.xtec.cat\/ceipelvinyet\/wp-content\/uploads\/usu1255\/2019\/04\/Infografia_1-724x1024.jpg\" alt=\"\" width=\"724\" height=\"1024\" srcset=\"https:\/\/agora.xtec.cat\/ceipelvinyet\/wp-content\/uploads\/usu1255\/2019\/04\/Infografia_1-724x1024.jpg 724w, https:\/\/agora.xtec.cat\/ceipelvinyet\/wp-content\/uploads\/usu1255\/2019\/04\/Infografia_1-212x300.jpg 212w, https:\/\/agora.xtec.cat\/ceipelvinyet\/wp-content\/uploads\/usu1255\/2019\/04\/Infografia_1-768x1086.jpg 768w\" sizes=\"auto, (max-width: 724px) 100vw, 724px\" \/><\/a><\/p>\n","protected":false},"excerpt":{"rendered":"<p>Despr\u00e9s de dotze anys de traject\u00f2ria, el Departament d\u2019Educaci\u00f3 ha reconegut el Projecte Educatiu del Vinyet com a projecte d\u2019Innovaci\u00f3 Pedag\u00f2gica.<a href=\"https:\/\/agora.xtec.cat\/ceipelvinyet\/wp-content\/uploads\/usu1255\/2019\/04\/projecte.png\"><\/a><br \/>\nEl Departament d\u2019Educaci\u00f3 reconeix i certifica els projectes d\u2019innovaci\u00f3 pedag\u00f2gica impulsats des dels centres educatius i que contribueixen a la millora del sistema educatiu.<br \/>\nTRADICI\u00d3&hellip;  <a href=\"https:\/\/agora.xtec.cat\/ceipelvinyet\/innovacio-educativa\/\" title=\"Read INNOVACI\u00d3 EDUCATIVA\">Llegeix m\u00e9s\u00bb<\/a><\/p>\n","protected":false},"author":1,"featured_media":0,"parent":0,"menu_order":0,"comment_status":"closed","ping_status":"closed","template":"","meta":{"_bbp_topic_count":0,"_bbp_reply_count":0,"_bbp_total_topic_count":0,"_bbp_total_reply_count":0,"_bbp_voice_count":0,"_bbp_anonymous_reply_count":0,"_bbp_topic_count_hidden":0,"_bbp_reply_count_hidden":0,"_bbp_forum_subforum_count":0,"footnotes":""},"class_list":["post-3255","page","type-page","status-publish","hentry"],"post_mailing_queue_ids":[],"_links":{"self":[{"href":"https:\/\/agora.xtec.cat\/ceipelvinyet\/wp-json\/wp\/v2\/pages\/3255","targetHints":{"allow":["GET"]}}],"collection":[{"href":"https:\/\/agora.xtec.cat\/ceipelvinyet\/wp-json\/wp\/v2\/pages"}],"about":[{"href":"https:\/\/agora.xtec.cat\/ceipelvinyet\/wp-json\/wp\/v2\/types\/page"}],"author":[{"embeddable":true,"href":"https:\/\/agora.xtec.cat\/ceipelvinyet\/wp-json\/wp\/v2\/users\/1"}],"replies":[{"embeddable":true,"href":"https:\/\/agora.xtec.cat\/ceipelvinyet\/wp-json\/wp\/v2\/comments?post=3255"}],"version-history":[{"count":3,"href":"https:\/\/agora.xtec.cat\/ceipelvinyet\/wp-json\/wp\/v2\/pages\/3255\/revisions"}],"predecessor-version":[{"id":8965,"href":"https:\/\/agora.xtec.cat\/ceipelvinyet\/wp-json\/wp\/v2\/pages\/3255\/revisions\/8965"}],"wp:attachment":[{"href":"https:\/\/agora.xtec.cat\/ceipelvinyet\/wp-json\/wp\/v2\/media?parent=3255"}],"curies":[{"name":"wp","href":"https:\/\/api.w.org\/{rel}","templated":true}]}}