{"id":26,"date":"2014-09-18T12:24:32","date_gmt":"2014-09-18T11:24:32","guid":{"rendered":"http:\/\/agora.xtec.cat\/ceipelvinyet\/?page_id=26"},"modified":"2024-02-05T13:43:13","modified_gmt":"2024-02-05T12:43:13","slug":"historia","status":"publish","type":"page","link":"https:\/\/agora.xtec.cat\/ceipelvinyet\/lescola\/historia\/","title":{"rendered":"Qui som"},"content":{"rendered":"<p>&nbsp;<\/p>\n<p>El Vinyet \u00e9s una escola:<\/p>\n<ul>\n<li style=\"list-style-type: none;\">\n<ul>\n<li><span class=\"OYPEnA text-decoration-none text-strikethrough-none\">Petita i propera, amb r\u00e0tios redu\u00efdes<\/span><\/li>\n<li><span class=\"OYPEnA text-decoration-none text-strikethrough-none\">Les <\/span><span class=\"OYPEnA text-decoration-none text-strikethrough-none\">emocions<\/span><span class=\"OYPEnA text-decoration-none text-strikethrough-none\"> s\u00f3n acompanyades en tot moment, per esdevenir persones amb una bona <\/span><span class=\"OYPEnA text-decoration-none text-strikethrough-none\">intel\u00b7lig\u00e8ncia emocional.<\/span><\/li>\n<li><span class=\"OYPEnA text-decoration-none text-strikethrough-none\">Oberta a la vida <\/span><span class=\"OYPEnA text-decoration-none text-strikethrough-none\">i en qu\u00e8<\/span> <span class=\"OYPEnA text-decoration-none text-strikethrough-none\">es vetlla per la <\/span><span class=\"OYPEnA text-decoration-none text-strikethrough-none\">reflexi\u00f3 constant <\/span><span class=\"OYPEnA text-decoration-none text-strikethrough-none\">per a<\/span> <span class=\"OYPEnA text-decoration-none text-strikethrough-none\">generar noves idees i projectes.<\/span><\/li>\n<li><span class=\"OYPEnA text-decoration-none text-strikethrough-none\">Amb <\/span><span class=\"OYPEnA text-decoration-none text-strikethrough-none\">persones apassionades <\/span><span class=\"OYPEnA text-decoration-none text-strikethrough-none\">en el dia a dia, i en qu\u00e8 la <\/span><span class=\"OYPEnA text-decoration-none text-strikethrough-none\">vocaci\u00f3 esdev\u00e9 passi\u00f3.<\/span><\/li>\n<li><span class=\"OYPEnA text-decoration-none text-strikethrough-none\">Que estimula la capacitat de <\/span><span class=\"OYPEnA text-decoration-none text-strikethrough-none\">tenir una opini\u00f3 i visi\u00f3 cr\u00edtica.<\/span><\/li>\n<\/ul>\n<\/li>\n<\/ul>\n<p>&nbsp;<\/p>\n<p style=\"text-align: center;\"><strong><img loading=\"lazy\" decoding=\"async\" class=\"alignnone size-full wp-image-8941\" src=\"https:\/\/agora.xtec.cat\/ceipelvinyet\/wp-content\/uploads\/usu1255\/2024\/02\/idea-infant.png\" alt=\"\" width=\"652\" height=\"620\" srcset=\"https:\/\/agora.xtec.cat\/ceipelvinyet\/wp-content\/uploads\/usu1255\/2024\/02\/idea-infant.png 652w, https:\/\/agora.xtec.cat\/ceipelvinyet\/wp-content\/uploads\/usu1255\/2024\/02\/idea-infant-300x285.png 300w\" sizes=\"auto, (max-width: 652px) 100vw, 652px\" \/><\/strong><\/p>\n<p>&nbsp;<\/p>\n<p style=\"text-align: left;\"><strong>HIST\u00d2RIA<\/strong><\/p>\n<p><em>T&#8217;imagines una escola on l&#8217;infant sigui el protagonista, una escola oberta amb l&#8217;entorn,<\/em><br \/>\n<em>sensible i experimentadora. Una escola on el petits puguin aprendre dels grans i a l&#8217;inrev\u00e9s?<\/em><\/p>\n<p><strong>Els inicis<\/strong><br \/>\nA Solsona, naixia el curs 2007-2008 la \u00a0segona escola p\u00fablica de la ciutat, degut en bona part, a l\u2019augment de poblaci\u00f3 que la ciutat va viure, i a l\u2019 increment d\u2019alumnes que l\u2019escola p\u00fablica aleshores<br \/>\npatia. A partir d\u2019aquesta necessitat es va oferir la possibilitat d\u2019engegar una escola nova, l\u2019escola que avui coneixem com el Vinyet. Va ser en aquest moment quan persones amb iniciativa , convicci\u00f3 i molta il\u2022lusi\u00f3 van decidir formar part d\u2019aquest nou projecte educatiu, un projecte diferent.<\/p>\n<p><strong>Les arrels<\/strong><\/p>\n<p>SABER D\u00d3N VENIM ENS DONA ALES PER A AFERMAR LES NOSTRES PASSES FUTURES.<\/p>\n<p>El Vinyet va n\u00e9ixer amb la il\u00b7lusi\u00f3 de crear una <strong>nova escola<\/strong>, amb un projecte educatiu <strong>viu, respectu\u00f3s i centrat en l&#8217;infant com a protagonista del seu aprenentatge<\/strong>.<\/p>\n<p><strong>Una escola<\/strong> en qu\u00e8 els petits aprenen dels grans i els grans dels petits; vinculada a l&#8217;entorn i a la natura, sensible, oberta, experimentadora&#8230;<\/p>\n<p><strong>El Vinyet<\/strong>: un projecte din\u00e0mic en qu\u00e8 mestres, infants i fam\u00edlies investiguem i creen la realitat.<\/p>\n<p>&nbsp;<\/p>\n","protected":false},"excerpt":{"rendered":"<p>&nbsp;<br \/>\nEl Vinyet \u00e9s una escola:<\/p>\n<ul>\n<li style=\"list-style-type: none;\">\n<ul>\n<li>Petita i propera, amb r\u00e0tios redu\u00efdes<\/li>\n<li>Les emocions s\u00f3n acompanyades en tot moment, per esdevenir persones amb una bona intel\u00b7lig\u00e8ncia emocional.<\/li>\n<li>Oberta a la vida i en qu\u00e8 es vetlla per la reflexi\u00f3 constant per a generar noves idees i projectes.<\/li>\n<li>Amb&hellip;  <a href=\"https:\/\/agora.xtec.cat\/ceipelvinyet\/lescola\/historia\/\" title=\"Read Qui som\">Llegeix m\u00e9s\u00bb<\/a><br \/>\n","protected":false},"author":1,"featured_media":0,"parent":22,"menu_order":20,"comment_status":"closed","ping_status":"closed","template":"page-templates\/side-menu.php","meta":{"_bbp_topic_count":0,"_bbp_reply_count":0,"_bbp_total_topic_count":0,"_bbp_total_reply_count":0,"_bbp_voice_count":0,"_bbp_anonymous_reply_count":0,"_bbp_topic_count_hidden":0,"_bbp_reply_count_hidden":0,"_bbp_forum_subforum_count":0,"footnotes":""},"class_list":["post-26","page","type-page","status-publish","hentry"],"post_mailing_queue_ids":[],"_links":{"self":[{"href":"https:\/\/agora.xtec.cat\/ceipelvinyet\/wp-json\/wp\/v2\/pages\/26","targetHints":{"allow":["GET"]}}],"collection":[{"href":"https:\/\/agora.xtec.cat\/ceipelvinyet\/wp-json\/wp\/v2\/pages"}],"about":[{"href":"https:\/\/agora.xtec.cat\/ceipelvinyet\/wp-json\/wp\/v2\/types\/page"}],"author":[{"embeddable":true,"href":"https:\/\/agora.xtec.cat\/ceipelvinyet\/wp-json\/wp\/v2\/users\/1"}],"replies":[{"embeddable":true,"href":"https:\/\/agora.xtec.cat\/ceipelvinyet\/wp-json\/wp\/v2\/comments?post=26"}],"version-history":[{"count":6,"href":"https:\/\/agora.xtec.cat\/ceipelvinyet\/wp-json\/wp\/v2\/pages\/26\/revisions"}],"predecessor-version":[{"id":8943,"href":"https:\/\/agora.xtec.cat\/ceipelvinyet\/wp-json\/wp\/v2\/pages\/26\/revisions\/8943"}],"up":[{"embeddable":true,"href":"https:\/\/agora.xtec.cat\/ceipelvinyet\/wp-json\/wp\/v2\/pages\/22"}],"wp:attachment":[{"href":"https:\/\/agora.xtec.cat\/ceipelvinyet\/wp-json\/wp\/v2\/media?parent=26"}],"curies":[{"name":"wp","href":"https:\/\/api.w.org\/{rel}","templated":true}]}}