{"id":2564,"date":"2018-10-08T15:59:18","date_gmt":"2018-10-08T13:59:18","guid":{"rendered":"http:\/\/agora.xtec.cat\/ceipelvinyet\/?page_id=2564"},"modified":"2024-02-06T15:23:10","modified_gmt":"2024-02-06T14:23:10","slug":"ens-vols-visitar","status":"publish","type":"page","link":"https:\/\/agora.xtec.cat\/ceipelvinyet\/ens-vols-visitar\/","title":{"rendered":"ENS VOLS VISITAR?"},"content":{"rendered":"<p>Generar una relaci\u00f3 i un vincle entre professionals, pensar, comunicar-se ; compartir objectius i recursos; crear espais de reflexi\u00f3, debat amb l&#8217;objectiu de millorar la pr\u00e0ctica educativa .<br \/>\nObrim les portes als companys professionals de les escoles que ho demanin i els mostrem com \u00e9s un dia a dia a l&#8217;escola el Vinyet, per tal que cada centre pugui viure de primera m\u00e0 els eixos fonamentals del nostre projecte educatiu.<\/p>\n<p>Per tant, per tal de poder donar resposta a les vostres necessitats, us demanem que respongueu les preguntes del seg\u00fcent formulari:<\/p>\n<p style=\"text-align: center;\"><a href=\"https:\/\/forms.gle\/xCaNq6tALwWUBLPc6\"><strong><span style=\"color: #3366ff;\">FORMULARI<\/span><\/strong><\/a><\/p>\n","protected":false},"excerpt":{"rendered":"<p>Generar una relaci\u00f3 i un vincle entre professionals, pensar, comunicar-se ; compartir objectius i recursos; crear espais de reflexi\u00f3, debat amb l&#8217;objectiu de millorar la pr\u00e0ctica educativa .<br \/>\nObrim les portes als companys professionals de les escoles que ho demanin i els mostrem com \u00e9s un&hellip;  <a href=\"https:\/\/agora.xtec.cat\/ceipelvinyet\/ens-vols-visitar\/\" title=\"Read ENS VOLS VISITAR?\">Llegeix m\u00e9s\u00bb<\/a><\/p>\n","protected":false},"author":1,"featured_media":0,"parent":0,"menu_order":0,"comment_status":"closed","ping_status":"closed","template":"","meta":{"_bbp_topic_count":0,"_bbp_reply_count":0,"_bbp_total_topic_count":0,"_bbp_total_reply_count":0,"_bbp_voice_count":0,"_bbp_anonymous_reply_count":0,"_bbp_topic_count_hidden":0,"_bbp_reply_count_hidden":0,"_bbp_forum_subforum_count":0,"footnotes":""},"class_list":["post-2564","page","type-page","status-publish","hentry"],"post_mailing_queue_ids":[],"_links":{"self":[{"href":"https:\/\/agora.xtec.cat\/ceipelvinyet\/wp-json\/wp\/v2\/pages\/2564","targetHints":{"allow":["GET"]}}],"collection":[{"href":"https:\/\/agora.xtec.cat\/ceipelvinyet\/wp-json\/wp\/v2\/pages"}],"about":[{"href":"https:\/\/agora.xtec.cat\/ceipelvinyet\/wp-json\/wp\/v2\/types\/page"}],"author":[{"embeddable":true,"href":"https:\/\/agora.xtec.cat\/ceipelvinyet\/wp-json\/wp\/v2\/users\/1"}],"replies":[{"embeddable":true,"href":"https:\/\/agora.xtec.cat\/ceipelvinyet\/wp-json\/wp\/v2\/comments?post=2564"}],"version-history":[{"count":6,"href":"https:\/\/agora.xtec.cat\/ceipelvinyet\/wp-json\/wp\/v2\/pages\/2564\/revisions"}],"predecessor-version":[{"id":9041,"href":"https:\/\/agora.xtec.cat\/ceipelvinyet\/wp-json\/wp\/v2\/pages\/2564\/revisions\/9041"}],"wp:attachment":[{"href":"https:\/\/agora.xtec.cat\/ceipelvinyet\/wp-json\/wp\/v2\/media?parent=2564"}],"curies":[{"name":"wp","href":"https:\/\/api.w.org\/{rel}","templated":true}]}}