{"id":807,"date":"2016-05-07T11:15:41","date_gmt":"2016-05-07T10:15:41","guid":{"rendered":"http:\/\/agora.xtec.cat\/ceipelturonet\/?page_id=807"},"modified":"2017-03-31T19:25:45","modified_gmt":"2017-03-31T17:25:45","slug":"rebost-de-fotos-nou-2","status":"publish","type":"page","link":"https:\/\/agora.xtec.cat\/ceipelturonet\/rebost-de-fotos-nou-2\/","title":{"rendered":"REBOST FOTOS DES DEL CURS 16-17"},"content":{"rendered":"<table class=\" aligncenter\" style=\"height: 368px; border-color: #eddca4; background-color: #f5eabc;\" width=\"548\">\n<tbody>\n<tr style=\"height: 80px;\">\n<td style=\"width: 106.467px; height: 80px;\">\n<p style=\"text-align: center;\"><a href=\"http:\/\/blocs.xtec.cat\/fotosturonet1617\/\">CURS<\/a><br \/>\n<a href=\"http:\/\/blocs.xtec.cat\/fotosturonet1617\/\" target=\"_blank\">2016-17<\/a><\/p>\n<\/td>\n<td style=\"text-align: center; width: 106.15px; height: 80px;\"><\/td>\n<td style=\"text-align: center; width: 106.467px; height: 80px;\"><\/td>\n<td style=\"text-align: center; width: 106.467px; height: 80px;\"><\/td>\n<td style=\"text-align: center; width: 106.45px; height: 80px;\"><\/td>\n<\/tr>\n<tr style=\"height: 119px;\">\n<td style=\"width: 106.467px; height: 119px;\">\n<p style=\"text-align: center;\"><a href=\"http:\/\/blocs.xtec.cat\/fotospromocio05turonet\/\" target=\"_blank\">PROMOCI\u00d3<br \/>\n2005<\/a><\/p>\n<\/td>\n<td style=\"width: 106.15px; height: 119px;\">\n<p style=\"text-align: center;\"><a href=\"http:\/\/blocs.xtec.cat\/fotospromocio06turonet\/\" target=\"_blank\">PROMOCI\u00d3<br \/>\n2006<\/a><\/p>\n<\/td>\n<td style=\"width: 106.467px; height: 119px;\">\n<p style=\"text-align: center;\"><a href=\"http:\/\/blocs.xtec.cat\/fotospromocio07turonet\/\" target=\"_blank\">PROMOCI\u00d3 2007<\/a><\/p>\n<\/td>\n<td style=\"text-align: center; width: 106.467px; height: 119px;\"><a href=\"http:\/\/blocs.xtec.cat\/fotospromocio08turonet\/\" target=\"_blank\">PROMOCI\u00d3 2008<\/a><\/td>\n<td style=\"width: 106.45px; height: 119px;\">\n<p style=\"text-align: center;\"><a href=\"http:\/\/blocs.xtec.cat\/fotospromocio09turonet\/\" target=\"_blank\">PROMOCI\u00d3 2009<\/a><\/p>\n<\/td>\n<\/tr>\n<tr style=\"height: 60px;\">\n<td style=\"text-align: center; width: 106.467px; height: 60px;\"><a href=\"http:\/\/blocs.xtec.cat\/fotospromocio10turonet\/\" target=\"_blank\">PROMOCI\u00d3 2010<\/a><\/td>\n<td style=\"text-align: center; width: 106.15px; height: 60px;\"><a href=\"http:\/\/blocs.xtec.cat\/fotospromocio11turonet\/\" target=\"_blank\">PROMOCI\u00d3 2011<\/a><\/td>\n<td style=\"text-align: center; width: 106.467px; height: 60px;\"><a href=\"http:\/\/blocs.xtec.cat\/fotospromocio12turonet\/\" target=\"_blank\">PROMOCI\u00d3 2012<\/a><\/td>\n<td style=\"text-align: center; width: 106.467px; height: 60px;\">&nbsp;<\/p>\n<p><a href=\"http:\/\/blocs.xtec.cat\/fotospromocio13turonet\/\">PROMOCI\u00d3 2013<\/a><\/p>\n<p>&nbsp;<\/td>\n<td style=\"width: 106.45px; height: 60px;\"><\/td>\n<\/tr>\n<\/tbody>\n<\/table>\n<p>&nbsp;<\/p>\n","protected":false},"excerpt":{"rendered":"<p>CURS 2016-17 PROMOCI\u00d3 2005 PROMOCI\u00d3 2006 PROMOCI\u00d3 2007 PROMOCI\u00d3 2008 PROMOCI\u00d3 2009 PROMOCI\u00d3 2010 PROMOCI\u00d3 2011 PROMOCI\u00d3 2012 &nbsp; PROMOCI\u00d3 2013 &nbsp; &nbsp;<\/p>\n","protected":false},"author":1,"featured_media":0,"parent":0,"menu_order":0,"comment_status":"closed","ping_status":"closed","template":"","meta":{"_bbp_topic_count":0,"_bbp_reply_count":0,"_bbp_total_topic_count":0,"_bbp_total_reply_count":0,"_bbp_voice_count":0,"_bbp_anonymous_reply_count":0,"_bbp_topic_count_hidden":0,"_bbp_reply_count_hidden":0,"_bbp_forum_subforum_count":0,"site-sidebar-layout":"default","site-content-layout":"","ast-site-content-layout":"","site-content-style":"default","site-sidebar-style":"default","ast-global-header-display":"","ast-banner-title-visibility":"","ast-main-header-display":"","ast-hfb-above-header-display":"","ast-hfb-below-header-display":"","ast-hfb-mobile-header-display":"","site-post-title":"","ast-breadcrumbs-content":"","ast-featured-img":"","footer-sml-layout":"","theme-transparent-header-meta":"","adv-header-id-meta":"","stick-header-meta":"","header-above-stick-meta":"","header-main-stick-meta":"","header-below-stick-meta":"","astra-migrate-meta-layouts":"default","ast-page-background-enabled":"default","ast-page-background-meta":{"desktop":{"background-color":"var(--ast-global-color-4)","background-image":"","background-repeat":"repeat","background-position":"center center","background-size":"auto","background-attachment":"scroll","background-type":"","background-media":"","overlay-type":"","overlay-color":"","overlay-opacity":"","overlay-gradient":""},"tablet":{"background-color":"","background-image":"","background-repeat":"repeat","background-position":"center center","background-size":"auto","background-attachment":"scroll","background-type":"","background-media":"","overlay-type":"","overlay-color":"","overlay-opacity":"","overlay-gradient":""},"mobile":{"background-color":"","background-image":"","background-repeat":"repeat","background-position":"center center","background-size":"auto","background-attachment":"scroll","background-type":"","background-media":"","overlay-type":"","overlay-color":"","overlay-opacity":"","overlay-gradient":""}},"ast-content-background-meta":{"desktop":{"background-color":"var(--ast-global-color-5)","background-image":"","background-repeat":"repeat","background-position":"center center","background-size":"auto","background-attachment":"scroll","background-type":"","background-media":"","overlay-type":"","overlay-color":"","overlay-opacity":"","overlay-gradient":""},"tablet":{"background-color":"var(--ast-global-color-5)","background-image":"","background-repeat":"repeat","background-position":"center center","background-size":"auto","background-attachment":"scroll","background-type":"","background-media":"","overlay-type":"","overlay-color":"","overlay-opacity":"","overlay-gradient":""},"mobile":{"background-color":"var(--ast-global-color-5)","background-image":"","background-repeat":"repeat","background-position":"center center","background-size":"auto","background-attachment":"scroll","background-type":"","background-media":"","overlay-type":"","overlay-color":"","overlay-opacity":"","overlay-gradient":""}},"footnotes":""},"class_list":["post-807","page","type-page","status-publish","hentry"],"post_mailing_queue_ids":[],"_links":{"self":[{"href":"https:\/\/agora.xtec.cat\/ceipelturonet\/wp-json\/wp\/v2\/pages\/807","targetHints":{"allow":["GET"]}}],"collection":[{"href":"https:\/\/agora.xtec.cat\/ceipelturonet\/wp-json\/wp\/v2\/pages"}],"about":[{"href":"https:\/\/agora.xtec.cat\/ceipelturonet\/wp-json\/wp\/v2\/types\/page"}],"author":[{"embeddable":true,"href":"https:\/\/agora.xtec.cat\/ceipelturonet\/wp-json\/wp\/v2\/users\/1"}],"replies":[{"embeddable":true,"href":"https:\/\/agora.xtec.cat\/ceipelturonet\/wp-json\/wp\/v2\/comments?post=807"}],"version-history":[{"count":4,"href":"https:\/\/agora.xtec.cat\/ceipelturonet\/wp-json\/wp\/v2\/pages\/807\/revisions"}],"predecessor-version":[{"id":1839,"href":"https:\/\/agora.xtec.cat\/ceipelturonet\/wp-json\/wp\/v2\/pages\/807\/revisions\/1839"}],"wp:attachment":[{"href":"https:\/\/agora.xtec.cat\/ceipelturonet\/wp-json\/wp\/v2\/media?parent=807"}],"curies":[{"name":"wp","href":"https:\/\/api.w.org\/{rel}","templated":true}]}}