{"id":22,"date":"2014-09-18T12:19:57","date_gmt":"2014-09-18T11:19:57","guid":{"rendered":"http:\/\/agora.xtec.cat\/ceipelturonet\/?page_id=22"},"modified":"2026-02-17T10:31:41","modified_gmt":"2026-02-17T09:31:41","slug":"lescola","status":"publish","type":"page","link":"https:\/\/agora.xtec.cat\/ceipelturonet\/lescola\/","title":{"rendered":"L&#8217;ESCOLA"},"content":{"rendered":"<p>El Turonet \u00e9s una escola familiar, properai acollidora, arrelada a la comunitat, on infants, fam\u00edlies i equip educatiu ens coneixem, ens cuidem i treballem plegats. La nostra dimensi\u00f3 redu\u00efda permet un acompanyament personalitzat, creant un clima de confian\u00e7a, seguretat i benestar que afavoreix que els infants creixin feli\u00e7os i amb ganes d\u2019aprendre.<\/p>\n<p>Som Escola Verda, i alineats amb el treball de les ODS, eduquem en els valors del respecte, la participaci\u00f3 i la sostenibilitat.<\/p>\n<p>Promovem una educaci\u00f3 inclusiva que potencia les capacitats de tots els infants, respectant els ritmes d\u2019aprenentatge i atenent la diversitat. Apostem per un entorn segur i afectiu que dona veu a l\u2019alumnat i promou l\u2019educaci\u00f3 emocional, l\u2019escolta activa, l\u2019empatia i una conviv\u00e8ncia positiva a trav\u00e9s de projectes com l\u2019Escolta\u2019m i Aqu\u00ed, prou bullying, ajudant als infants a con\u00e8ixer-se, expressar-se i gestionar les seves emocions, tot afavorint relacions positives i respectuoses.<\/p>\n<p>Treballem amb metodologies actives, on l\u2019alumnat \u00e9s protagonista del seu aprenentatge a trav\u00e9s de la recerca, el treball globalitzat i l\u2019\u00fas de diversos recursos did\u00e0ctics, potenciant el pensament cr\u00edtic, la creativitat i l\u2019autonomia.<\/p>\n","protected":false},"excerpt":{"rendered":"<p>El Turonet \u00e9s una escola familiar, properai acollidora, arrelada a la comunitat, on infants, fam\u00edlies i equip educatiu ens coneixem, ens cuidem i treballem plegats. La nostra dimensi\u00f3 redu\u00efda permet un acompanyament personalitzat, creant un clima de confian\u00e7a, seguretat i benestar que afavoreix que els infants creixin feli\u00e7os i amb ganes d\u2019aprendre. Som Escola Verda, [&hellip;]<\/p>\n","protected":false},"author":1,"featured_media":0,"parent":0,"menu_order":0,"comment_status":"closed","ping_status":"closed","template":"","meta":{"_bbp_topic_count":0,"_bbp_reply_count":0,"_bbp_total_topic_count":0,"_bbp_total_reply_count":0,"_bbp_voice_count":0,"_bbp_anonymous_reply_count":0,"_bbp_topic_count_hidden":0,"_bbp_reply_count_hidden":0,"_bbp_forum_subforum_count":0,"site-sidebar-layout":"default","site-content-layout":"","ast-site-content-layout":"default","site-content-style":"default","site-sidebar-style":"default","ast-global-header-display":"","ast-banner-title-visibility":"","ast-main-header-display":"","ast-hfb-above-header-display":"","ast-hfb-below-header-display":"","ast-hfb-mobile-header-display":"","site-post-title":"","ast-breadcrumbs-content":"","ast-featured-img":"","footer-sml-layout":"","theme-transparent-header-meta":"default","adv-header-id-meta":"","stick-header-meta":"","header-above-stick-meta":"","header-main-stick-meta":"","header-below-stick-meta":"","astra-migrate-meta-layouts":"set","ast-page-background-enabled":"default","ast-page-background-meta":{"desktop":{"background-color":"var(--ast-global-color-4)","background-image":"","background-repeat":"repeat","background-position":"center center","background-size":"auto","background-attachment":"scroll","background-type":"","background-media":"","overlay-type":"","overlay-color":"","overlay-opacity":"","overlay-gradient":""},"tablet":{"background-color":"","background-image":"","background-repeat":"repeat","background-position":"center center","background-size":"auto","background-attachment":"scroll","background-type":"","background-media":"","overlay-type":"","overlay-color":"","overlay-opacity":"","overlay-gradient":""},"mobile":{"background-color":"","background-image":"","background-repeat":"repeat","background-position":"center center","background-size":"auto","background-attachment":"scroll","background-type":"","background-media":"","overlay-type":"","overlay-color":"","overlay-opacity":"","overlay-gradient":""}},"ast-content-background-meta":{"desktop":{"background-color":"var(--ast-global-color-5)","background-image":"","background-repeat":"repeat","background-position":"center center","background-size":"auto","background-attachment":"scroll","background-type":"","background-media":"","overlay-type":"","overlay-color":"","overlay-opacity":"","overlay-gradient":""},"tablet":{"background-color":"var(--ast-global-color-5)","background-image":"","background-repeat":"repeat","background-position":"center center","background-size":"auto","background-attachment":"scroll","background-type":"","background-media":"","overlay-type":"","overlay-color":"","overlay-opacity":"","overlay-gradient":""},"mobile":{"background-color":"var(--ast-global-color-5)","background-image":"","background-repeat":"repeat","background-position":"center center","background-size":"auto","background-attachment":"scroll","background-type":"","background-media":"","overlay-type":"","overlay-color":"","overlay-opacity":"","overlay-gradient":""}},"footnotes":""},"class_list":["post-22","page","type-page","status-publish","hentry"],"post_mailing_queue_ids":[],"_links":{"self":[{"href":"https:\/\/agora.xtec.cat\/ceipelturonet\/wp-json\/wp\/v2\/pages\/22","targetHints":{"allow":["GET"]}}],"collection":[{"href":"https:\/\/agora.xtec.cat\/ceipelturonet\/wp-json\/wp\/v2\/pages"}],"about":[{"href":"https:\/\/agora.xtec.cat\/ceipelturonet\/wp-json\/wp\/v2\/types\/page"}],"author":[{"embeddable":true,"href":"https:\/\/agora.xtec.cat\/ceipelturonet\/wp-json\/wp\/v2\/users\/1"}],"replies":[{"embeddable":true,"href":"https:\/\/agora.xtec.cat\/ceipelturonet\/wp-json\/wp\/v2\/comments?post=22"}],"version-history":[{"count":6,"href":"https:\/\/agora.xtec.cat\/ceipelturonet\/wp-json\/wp\/v2\/pages\/22\/revisions"}],"predecessor-version":[{"id":350,"href":"https:\/\/agora.xtec.cat\/ceipelturonet\/wp-json\/wp\/v2\/pages\/22\/revisions\/350"}],"wp:attachment":[{"href":"https:\/\/agora.xtec.cat\/ceipelturonet\/wp-json\/wp\/v2\/media?parent=22"}],"curies":[{"name":"wp","href":"https:\/\/api.w.org\/{rel}","templated":true}]}}