{"id":11907,"date":"2022-02-26T12:17:45","date_gmt":"2022-02-26T11:17:45","guid":{"rendered":"https:\/\/agora.xtec.cat\/ceipelturonet\/?page_id=11907"},"modified":"2025-01-14T09:53:34","modified_gmt":"2025-01-14T08:53:34","slug":"batukada","status":"publish","type":"page","link":"https:\/\/agora.xtec.cat\/ceipelturonet\/projectes\/batukada\/","title":{"rendered":"BATUKADA"},"content":{"rendered":"<p style=\"text-align: justify;\">Des de l&#8217;\u00e0rea de m\u00fasica l&#8217;alumnat de 6\u00e8 rep una formaci\u00f3 percussionista, molt animada, amb la que participa i anima la rua de carnaval de l&#8217;escola. tabals, caixes, panderos i sistres omplen els carrers per on passem i animem a les fam\u00edlies i companys que participen a la rua.<\/p>\n<table style=\"border-collapse: collapse; width: 70.1651%; height: 246px;\">\n<tbody>\n<tr style=\"height: 246px;\">\n<td style=\"width: 32.7023%; height: 246px;\"><img loading=\"lazy\" decoding=\"async\" class=\"aligncenter\" src=\"https:\/\/lh3.googleusercontent.com\/pw\/AM-JKLXCwtdjPgtuLbuhWE9Fexvejwm250RnS5nuMhdorsD8yO5xEpumciNgkPMhuvyRyvpQ5ykY4mCSFgzjFG32_aSX_V-jsositPMxWjvdZxU0SLJLUmcCVkwURaF0af592kJDRUA1FmQ23vdNpDIaOxmA=w1221-h915-no?authuser=4\" alt=\"\" width=\"248\" height=\"186\" \/><\/td>\n<td style=\"width: 33.3594%; height: 246px;\"><img loading=\"lazy\" decoding=\"async\" class=\"aligncenter wp-image-11912\" src=\"https:\/\/agora.xtec.cat\/ceipelturonet\/wp-content\/uploads\/usu811\/2022\/02\/Captura-de-pantalla-2022-02-26-123929.jpg\" alt=\"\" width=\"252\" height=\"161\" srcset=\"https:\/\/agora.xtec.cat\/ceipelturonet\/wp-content\/uploads\/usu811\/2022\/02\/Captura-de-pantalla-2022-02-26-123929.jpg 1141w, https:\/\/agora.xtec.cat\/ceipelturonet\/wp-content\/uploads\/usu811\/2022\/02\/Captura-de-pantalla-2022-02-26-123929-300x192.jpg 300w, https:\/\/agora.xtec.cat\/ceipelturonet\/wp-content\/uploads\/usu811\/2022\/02\/Captura-de-pantalla-2022-02-26-123929-1024x655.jpg 1024w, https:\/\/agora.xtec.cat\/ceipelturonet\/wp-content\/uploads\/usu811\/2022\/02\/Captura-de-pantalla-2022-02-26-123929-768x491.jpg 768w\" sizes=\"auto, (max-width: 252px) 100vw, 252px\" \/><\/td>\n<\/tr>\n<\/tbody>\n<\/table>\n<p>&nbsp;<\/p>\n","protected":false},"excerpt":{"rendered":"<p>Des de l&#8217;\u00e0rea de m\u00fasica l&#8217;alumnat de 6\u00e8 rep una formaci\u00f3 percussionista, molt animada, amb la que participa i anima la rua de carnaval de l&#8217;escola. tabals, caixes, panderos i sistres omplen els carrers per on passem i animem a les fam\u00edlies i companys que participen a la rua. &nbsp;<\/p>\n","protected":false},"author":1,"featured_media":0,"parent":11704,"menu_order":0,"comment_status":"closed","ping_status":"closed","template":"page-templates\/side-menu.php","meta":{"_bbp_topic_count":0,"_bbp_reply_count":0,"_bbp_total_topic_count":0,"_bbp_total_reply_count":0,"_bbp_voice_count":0,"_bbp_anonymous_reply_count":0,"_bbp_topic_count_hidden":0,"_bbp_reply_count_hidden":0,"_bbp_forum_subforum_count":0,"site-sidebar-layout":"default","site-content-layout":"","ast-site-content-layout":"","site-content-style":"default","site-sidebar-style":"default","ast-global-header-display":"","ast-banner-title-visibility":"","ast-main-header-display":"","ast-hfb-above-header-display":"","ast-hfb-below-header-display":"","ast-hfb-mobile-header-display":"","site-post-title":"","ast-breadcrumbs-content":"","ast-featured-img":"","footer-sml-layout":"","theme-transparent-header-meta":"","adv-header-id-meta":"","stick-header-meta":"","header-above-stick-meta":"","header-main-stick-meta":"","header-below-stick-meta":"","astra-migrate-meta-layouts":"default","ast-page-background-enabled":"default","ast-page-background-meta":{"desktop":{"background-color":"var(--ast-global-color-4)","background-image":"","background-repeat":"repeat","background-position":"center center","background-size":"auto","background-attachment":"scroll","background-type":"","background-media":"","overlay-type":"","overlay-color":"","overlay-opacity":"","overlay-gradient":""},"tablet":{"background-color":"","background-image":"","background-repeat":"repeat","background-position":"center center","background-size":"auto","background-attachment":"scroll","background-type":"","background-media":"","overlay-type":"","overlay-color":"","overlay-opacity":"","overlay-gradient":""},"mobile":{"background-color":"","background-image":"","background-repeat":"repeat","background-position":"center center","background-size":"auto","background-attachment":"scroll","background-type":"","background-media":"","overlay-type":"","overlay-color":"","overlay-opacity":"","overlay-gradient":""}},"ast-content-background-meta":{"desktop":{"background-color":"var(--ast-global-color-5)","background-image":"","background-repeat":"repeat","background-position":"center center","background-size":"auto","background-attachment":"scroll","background-type":"","background-media":"","overlay-type":"","overlay-color":"","overlay-opacity":"","overlay-gradient":""},"tablet":{"background-color":"var(--ast-global-color-5)","background-image":"","background-repeat":"repeat","background-position":"center center","background-size":"auto","background-attachment":"scroll","background-type":"","background-media":"","overlay-type":"","overlay-color":"","overlay-opacity":"","overlay-gradient":""},"mobile":{"background-color":"var(--ast-global-color-5)","background-image":"","background-repeat":"repeat","background-position":"center center","background-size":"auto","background-attachment":"scroll","background-type":"","background-media":"","overlay-type":"","overlay-color":"","overlay-opacity":"","overlay-gradient":""}},"footnotes":""},"class_list":["post-11907","page","type-page","status-publish","hentry"],"post_mailing_queue_ids":[],"_links":{"self":[{"href":"https:\/\/agora.xtec.cat\/ceipelturonet\/wp-json\/wp\/v2\/pages\/11907","targetHints":{"allow":["GET"]}}],"collection":[{"href":"https:\/\/agora.xtec.cat\/ceipelturonet\/wp-json\/wp\/v2\/pages"}],"about":[{"href":"https:\/\/agora.xtec.cat\/ceipelturonet\/wp-json\/wp\/v2\/types\/page"}],"author":[{"embeddable":true,"href":"https:\/\/agora.xtec.cat\/ceipelturonet\/wp-json\/wp\/v2\/users\/1"}],"replies":[{"embeddable":true,"href":"https:\/\/agora.xtec.cat\/ceipelturonet\/wp-json\/wp\/v2\/comments?post=11907"}],"version-history":[{"count":4,"href":"https:\/\/agora.xtec.cat\/ceipelturonet\/wp-json\/wp\/v2\/pages\/11907\/revisions"}],"predecessor-version":[{"id":13368,"href":"https:\/\/agora.xtec.cat\/ceipelturonet\/wp-json\/wp\/v2\/pages\/11907\/revisions\/13368"}],"up":[{"embeddable":true,"href":"https:\/\/agora.xtec.cat\/ceipelturonet\/wp-json\/wp\/v2\/pages\/11704"}],"wp:attachment":[{"href":"https:\/\/agora.xtec.cat\/ceipelturonet\/wp-json\/wp\/v2\/media?parent=11907"}],"curies":[{"name":"wp","href":"https:\/\/api.w.org\/{rel}","templated":true}]}}