{"id":11792,"date":"2022-02-07T22:36:47","date_gmt":"2022-02-07T21:36:47","guid":{"rendered":"https:\/\/agora.xtec.cat\/ceipelturonet\/?page_id=11792"},"modified":"2022-02-07T23:10:42","modified_gmt":"2022-02-07T22:10:42","slug":"educo","status":"publish","type":"page","link":"https:\/\/agora.xtec.cat\/ceipelturonet\/projectes\/educo\/","title":{"rendered":"EDUCO"},"content":{"rendered":"<p>L&#8217;objectiu fonamental del programa EDUCO (EDucation Used Cooking Oil) \u00e9s la recollida de<br \/>\nl&#8217;oli usat a trav\u00e9s de la participaci\u00f3 activa de les fam\u00edlies: se\u2019ls facilita el lliurament de l\u2019oli<br \/>\na les escoles, i saben que ser\u00e0 utilitzat com a mat\u00e8ria primera per a la fabricaci\u00f3 de<br \/>\nbiodi\u00e8sel. La recollida la porten a terme persones en risc d\u2019exclusi\u00f3.<\/p>\n<p>El projecte EDUCO ha estat aprovat pel Programa LIFE+ de la Comissi\u00f3 Europea en la<br \/>\nconvocat\u00f2ria 2011, amb la qual cosa es podr\u00e0 implantar a escoles de 9 comarques catalanes<br \/>\n(Alt Pened\u00e8s, Anoia, Bages, Bergued\u00e0, Garraf, Osona, Solson\u00e8s, Vall\u00e8s Occidental i Vall\u00e8s<br \/>\nOriental)). S\u2019estima la participaci\u00f3 de 25-30 municipis de Catalunya amb un total<br \/>\naproximat de 90-120 escoles i 40.000-52.000 alumnes d\u2019educaci\u00f3 prim\u00e0ria.<\/p>\n<p>L\u2019Associaci\u00f3 De l\u2019Oli al Biodi\u00e8sel, AOB, \u00e9s una associaci\u00f3 sense afany de lucre que va ser<br \/>\nconstitu\u00efda a l\u2019octubre de 2009, encara que ja funcionava de manera informal des de<br \/>\noctubre de 2008, amb la finalitat de desenvolupar el projecte EDUCO.<\/p>\n<p><a href=\"http:\/\/www.gencat.cat\/mediamb\/butlleti\/bev\/59\/educo.pdf\" target=\"_blank\" rel=\"noopener\"><img loading=\"lazy\" decoding=\"async\" class=\"aligncenter wp-image-11824 size-thumbnail\" src=\"https:\/\/agora.xtec.cat\/ceipelturonet\/wp-content\/uploads\/usu811\/2022\/02\/EDUCO-150x150.png\" alt=\"\" width=\"150\" height=\"150\" \/><\/a><\/p>\n","protected":false},"excerpt":{"rendered":"<p>L&#8217;objectiu fonamental del programa EDUCO (EDucation Used Cooking Oil) \u00e9s la recollida de l&#8217;oli usat a trav\u00e9s de la participaci\u00f3 activa de les fam\u00edlies: se\u2019ls facilita el lliurament de l\u2019oli a les escoles, i saben que ser\u00e0 utilitzat com a mat\u00e8ria primera per a la fabricaci\u00f3 de biodi\u00e8sel. La recollida la porten a terme persones [&hellip;]<\/p>\n","protected":false},"author":1,"featured_media":0,"parent":11704,"menu_order":0,"comment_status":"closed","ping_status":"closed","template":"page-templates\/side-menu.php","meta":{"_bbp_topic_count":0,"_bbp_reply_count":0,"_bbp_total_topic_count":0,"_bbp_total_reply_count":0,"_bbp_voice_count":0,"_bbp_anonymous_reply_count":0,"_bbp_topic_count_hidden":0,"_bbp_reply_count_hidden":0,"_bbp_forum_subforum_count":0,"site-sidebar-layout":"default","site-content-layout":"","ast-site-content-layout":"","site-content-style":"default","site-sidebar-style":"default","ast-global-header-display":"","ast-banner-title-visibility":"","ast-main-header-display":"","ast-hfb-above-header-display":"","ast-hfb-below-header-display":"","ast-hfb-mobile-header-display":"","site-post-title":"","ast-breadcrumbs-content":"","ast-featured-img":"","footer-sml-layout":"","theme-transparent-header-meta":"","adv-header-id-meta":"","stick-header-meta":"","header-above-stick-meta":"","header-main-stick-meta":"","header-below-stick-meta":"","astra-migrate-meta-layouts":"default","ast-page-background-enabled":"default","ast-page-background-meta":{"desktop":{"background-color":"var(--ast-global-color-4)","background-image":"","background-repeat":"repeat","background-position":"center center","background-size":"auto","background-attachment":"scroll","background-type":"","background-media":"","overlay-type":"","overlay-color":"","overlay-opacity":"","overlay-gradient":""},"tablet":{"background-color":"","background-image":"","background-repeat":"repeat","background-position":"center center","background-size":"auto","background-attachment":"scroll","background-type":"","background-media":"","overlay-type":"","overlay-color":"","overlay-opacity":"","overlay-gradient":""},"mobile":{"background-color":"","background-image":"","background-repeat":"repeat","background-position":"center center","background-size":"auto","background-attachment":"scroll","background-type":"","background-media":"","overlay-type":"","overlay-color":"","overlay-opacity":"","overlay-gradient":""}},"ast-content-background-meta":{"desktop":{"background-color":"var(--ast-global-color-5)","background-image":"","background-repeat":"repeat","background-position":"center center","background-size":"auto","background-attachment":"scroll","background-type":"","background-media":"","overlay-type":"","overlay-color":"","overlay-opacity":"","overlay-gradient":""},"tablet":{"background-color":"var(--ast-global-color-5)","background-image":"","background-repeat":"repeat","background-position":"center center","background-size":"auto","background-attachment":"scroll","background-type":"","background-media":"","overlay-type":"","overlay-color":"","overlay-opacity":"","overlay-gradient":""},"mobile":{"background-color":"var(--ast-global-color-5)","background-image":"","background-repeat":"repeat","background-position":"center center","background-size":"auto","background-attachment":"scroll","background-type":"","background-media":"","overlay-type":"","overlay-color":"","overlay-opacity":"","overlay-gradient":""}},"footnotes":""},"class_list":["post-11792","page","type-page","status-publish","hentry"],"post_mailing_queue_ids":[],"_links":{"self":[{"href":"https:\/\/agora.xtec.cat\/ceipelturonet\/wp-json\/wp\/v2\/pages\/11792","targetHints":{"allow":["GET"]}}],"collection":[{"href":"https:\/\/agora.xtec.cat\/ceipelturonet\/wp-json\/wp\/v2\/pages"}],"about":[{"href":"https:\/\/agora.xtec.cat\/ceipelturonet\/wp-json\/wp\/v2\/types\/page"}],"author":[{"embeddable":true,"href":"https:\/\/agora.xtec.cat\/ceipelturonet\/wp-json\/wp\/v2\/users\/1"}],"replies":[{"embeddable":true,"href":"https:\/\/agora.xtec.cat\/ceipelturonet\/wp-json\/wp\/v2\/comments?post=11792"}],"version-history":[{"count":3,"href":"https:\/\/agora.xtec.cat\/ceipelturonet\/wp-json\/wp\/v2\/pages\/11792\/revisions"}],"predecessor-version":[{"id":11825,"href":"https:\/\/agora.xtec.cat\/ceipelturonet\/wp-json\/wp\/v2\/pages\/11792\/revisions\/11825"}],"up":[{"embeddable":true,"href":"https:\/\/agora.xtec.cat\/ceipelturonet\/wp-json\/wp\/v2\/pages\/11704"}],"wp:attachment":[{"href":"https:\/\/agora.xtec.cat\/ceipelturonet\/wp-json\/wp\/v2\/media?parent=11792"}],"curies":[{"name":"wp","href":"https:\/\/api.w.org\/{rel}","templated":true}]}}