{"id":11782,"date":"2022-02-07T22:33:22","date_gmt":"2022-02-07T21:33:22","guid":{"rendered":"https:\/\/agora.xtec.cat\/ceipelturonet\/?page_id=11782"},"modified":"2022-02-07T22:48:06","modified_gmt":"2022-02-07T21:48:06","slug":"filosofia-3-18","status":"publish","type":"page","link":"https:\/\/agora.xtec.cat\/ceipelturonet\/projectes\/filosofia-3-18\/","title":{"rendered":"FILOSOFIA 3\/18"},"content":{"rendered":"<h3>El projecte\u00a0<strong>FILOSOFIA 3\/18<\/strong>\u00a0\u00e9s un curr\u00edculum ampli i sistem\u00e0tic que t\u00e9 com a objectiu refor\u00e7ar les habilitats del pensament dels estudiants, partint de la filosofia com a disciplina fonamental.<\/h3>\n<p>&nbsp;<\/p>\n<p>Consisteix en un conjunt de programes que, aplicats des dels 3 als 18 anys, enforteix la capacitat reflexiva. Es tracta d\u2019un projecte que concreta el desig general d\u2019ensenyar a pensar i\u00a0pret\u00e9n desenvolupar les habilitats cognitives dels estudiants, tot ajudant-los a comprendre les mat\u00e8ries d\u2019estudi, a fer-los m\u00e9s conscients de la riquesa del bagatge intel\u00b7lectual heretat i a preparar-los en la raonabilitat per a la participaci\u00f3 en un m\u00f3n democr\u00e0tic.<\/p>\n<p>La filosofia, com a disciplina human\u00edstica m\u00e9s adequada, n\u2019\u00e9s el mitj\u00e0 i la finalitat, perqu\u00e8 a trav\u00e9s del seu contingut i del seu m\u00e8tode permet a l\u2019estudiant de reflexionar sobre aquells temes que, latents en totes les mat\u00e8ries, no s\u00f3n tractats a l\u2019escola.<\/p>\n<p><em><strong>\u00abLa tradici\u00f3 filos\u00f2fica ha treballat sempre un cos espec\u00edfic de conceptes que han estat considerats importants per a la vida humana o rellevants per al coneixement hum\u00e0.<\/strong><strong>\u00a0<\/strong><strong><br \/>\nExemples d\u2019aquests conceptes poden ser: just\u00edcia, veritat, bondat, bellesa, m\u00f3n, identitat personal, temps, amistat, llibertat i comunitat\u00bb.<\/strong>\u00a0<\/em><\/p>\n<p><strong>M.Lipman<\/strong><strong>\u00a0<\/strong><em><strong>Filosofia a l\u2019escola<\/strong><\/em><\/p>\n","protected":false},"excerpt":{"rendered":"<p>El projecte\u00a0FILOSOFIA 3\/18\u00a0\u00e9s un curr\u00edculum ampli i sistem\u00e0tic que t\u00e9 com a objectiu refor\u00e7ar les habilitats del pensament dels estudiants, partint de la filosofia com a disciplina fonamental. &nbsp; Consisteix en un conjunt de programes que, aplicats des dels 3 als 18 anys, enforteix la capacitat reflexiva. Es tracta d\u2019un projecte que concreta el desig [&hellip;]<\/p>\n","protected":false},"author":1,"featured_media":0,"parent":11704,"menu_order":0,"comment_status":"closed","ping_status":"closed","template":"page-templates\/side-menu.php","meta":{"_bbp_topic_count":0,"_bbp_reply_count":0,"_bbp_total_topic_count":0,"_bbp_total_reply_count":0,"_bbp_voice_count":0,"_bbp_anonymous_reply_count":0,"_bbp_topic_count_hidden":0,"_bbp_reply_count_hidden":0,"_bbp_forum_subforum_count":0,"site-sidebar-layout":"default","site-content-layout":"","ast-site-content-layout":"","site-content-style":"default","site-sidebar-style":"default","ast-global-header-display":"","ast-banner-title-visibility":"","ast-main-header-display":"","ast-hfb-above-header-display":"","ast-hfb-below-header-display":"","ast-hfb-mobile-header-display":"","site-post-title":"","ast-breadcrumbs-content":"","ast-featured-img":"","footer-sml-layout":"","theme-transparent-header-meta":"","adv-header-id-meta":"","stick-header-meta":"","header-above-stick-meta":"","header-main-stick-meta":"","header-below-stick-meta":"","astra-migrate-meta-layouts":"default","ast-page-background-enabled":"default","ast-page-background-meta":{"desktop":{"background-color":"var(--ast-global-color-4)","background-image":"","background-repeat":"repeat","background-position":"center center","background-size":"auto","background-attachment":"scroll","background-type":"","background-media":"","overlay-type":"","overlay-color":"","overlay-opacity":"","overlay-gradient":""},"tablet":{"background-color":"","background-image":"","background-repeat":"repeat","background-position":"center center","background-size":"auto","background-attachment":"scroll","background-type":"","background-media":"","overlay-type":"","overlay-color":"","overlay-opacity":"","overlay-gradient":""},"mobile":{"background-color":"","background-image":"","background-repeat":"repeat","background-position":"center center","background-size":"auto","background-attachment":"scroll","background-type":"","background-media":"","overlay-type":"","overlay-color":"","overlay-opacity":"","overlay-gradient":""}},"ast-content-background-meta":{"desktop":{"background-color":"var(--ast-global-color-5)","background-image":"","background-repeat":"repeat","background-position":"center center","background-size":"auto","background-attachment":"scroll","background-type":"","background-media":"","overlay-type":"","overlay-color":"","overlay-opacity":"","overlay-gradient":""},"tablet":{"background-color":"var(--ast-global-color-5)","background-image":"","background-repeat":"repeat","background-position":"center center","background-size":"auto","background-attachment":"scroll","background-type":"","background-media":"","overlay-type":"","overlay-color":"","overlay-opacity":"","overlay-gradient":""},"mobile":{"background-color":"var(--ast-global-color-5)","background-image":"","background-repeat":"repeat","background-position":"center center","background-size":"auto","background-attachment":"scroll","background-type":"","background-media":"","overlay-type":"","overlay-color":"","overlay-opacity":"","overlay-gradient":""}},"footnotes":""},"class_list":["post-11782","page","type-page","status-publish","hentry"],"post_mailing_queue_ids":[],"_links":{"self":[{"href":"https:\/\/agora.xtec.cat\/ceipelturonet\/wp-json\/wp\/v2\/pages\/11782","targetHints":{"allow":["GET"]}}],"collection":[{"href":"https:\/\/agora.xtec.cat\/ceipelturonet\/wp-json\/wp\/v2\/pages"}],"about":[{"href":"https:\/\/agora.xtec.cat\/ceipelturonet\/wp-json\/wp\/v2\/types\/page"}],"author":[{"embeddable":true,"href":"https:\/\/agora.xtec.cat\/ceipelturonet\/wp-json\/wp\/v2\/users\/1"}],"replies":[{"embeddable":true,"href":"https:\/\/agora.xtec.cat\/ceipelturonet\/wp-json\/wp\/v2\/comments?post=11782"}],"version-history":[{"count":2,"href":"https:\/\/agora.xtec.cat\/ceipelturonet\/wp-json\/wp\/v2\/pages\/11782\/revisions"}],"predecessor-version":[{"id":11818,"href":"https:\/\/agora.xtec.cat\/ceipelturonet\/wp-json\/wp\/v2\/pages\/11782\/revisions\/11818"}],"up":[{"embeddable":true,"href":"https:\/\/agora.xtec.cat\/ceipelturonet\/wp-json\/wp\/v2\/pages\/11704"}],"wp:attachment":[{"href":"https:\/\/agora.xtec.cat\/ceipelturonet\/wp-json\/wp\/v2\/media?parent=11782"}],"curies":[{"name":"wp","href":"https:\/\/api.w.org\/{rel}","templated":true}]}}