{"id":11704,"date":"2022-02-07T16:24:50","date_gmt":"2022-02-07T15:24:50","guid":{"rendered":"https:\/\/agora.xtec.cat\/ceipelturonet\/?page_id=11704"},"modified":"2026-02-17T10:39:44","modified_gmt":"2026-02-17T09:39:44","slug":"projectes","status":"publish","type":"page","link":"https:\/\/agora.xtec.cat\/ceipelturonet\/projectes\/","title":{"rendered":"PROJECTES"},"content":{"rendered":"<p>El Departament d\u2019Ensenyament considera la innovaci\u00f3 com un dels motors de canvi dels sistema educatiu i un element important per millorar-ne la qualitat i la progressiva adequaci\u00f3 als reptes que l\u2019evoluci\u00f3 social planteja.<\/p>\n<p>Una educaci\u00f3 innovadora \u00e9s aquella que incideix en el que s\u2019ensenya i en com s\u2019apr\u00e8n, que prioritza el gust per aprendre, l\u2019est\u00edmul a pensar i l\u2019esfor\u00e7 per entendre i que ajuda a despertar el sentit cr\u00edtic de l\u2019alumnat i del professorat.<\/p>\n<p>N\u2019hi ha que que els hem iniciat recentment i n\u2019hi ha que ja porten m\u00e9s temps amb nosaltres, per\u00f2 no per aix\u00f2 deixem d\u2019innovar i engrandir-los per poder ser m\u00e9s rics en coneixements i aprenentatges.<\/p>\n<p>&nbsp;<\/p>\n","protected":false},"excerpt":{"rendered":"<p>El Departament d\u2019Ensenyament considera la innovaci\u00f3 com un dels motors de canvi dels sistema educatiu i un element important per millorar-ne la qualitat i la progressiva adequaci\u00f3 als reptes que l\u2019evoluci\u00f3 social planteja. Una educaci\u00f3 innovadora \u00e9s aquella que incideix en el que s\u2019ensenya i en com s\u2019apr\u00e8n, que prioritza el gust per aprendre, l\u2019est\u00edmul [&hellip;]<\/p>\n","protected":false},"author":1,"featured_media":0,"parent":0,"menu_order":0,"comment_status":"closed","ping_status":"closed","template":"","meta":{"_bbp_topic_count":0,"_bbp_reply_count":0,"_bbp_total_topic_count":0,"_bbp_total_reply_count":0,"_bbp_voice_count":0,"_bbp_anonymous_reply_count":0,"_bbp_topic_count_hidden":0,"_bbp_reply_count_hidden":0,"_bbp_forum_subforum_count":0,"site-sidebar-layout":"default","site-content-layout":"","ast-site-content-layout":"default","site-content-style":"default","site-sidebar-style":"default","ast-global-header-display":"","ast-banner-title-visibility":"","ast-main-header-display":"","ast-hfb-above-header-display":"","ast-hfb-below-header-display":"","ast-hfb-mobile-header-display":"","site-post-title":"","ast-breadcrumbs-content":"","ast-featured-img":"","footer-sml-layout":"","theme-transparent-header-meta":"default","adv-header-id-meta":"","stick-header-meta":"","header-above-stick-meta":"","header-main-stick-meta":"","header-below-stick-meta":"","astra-migrate-meta-layouts":"set","ast-page-background-enabled":"default","ast-page-background-meta":{"desktop":{"background-color":"var(--ast-global-color-4)","background-image":"","background-repeat":"repeat","background-position":"center center","background-size":"auto","background-attachment":"scroll","background-type":"","background-media":"","overlay-type":"","overlay-color":"","overlay-opacity":"","overlay-gradient":""},"tablet":{"background-color":"","background-image":"","background-repeat":"repeat","background-position":"center center","background-size":"auto","background-attachment":"scroll","background-type":"","background-media":"","overlay-type":"","overlay-color":"","overlay-opacity":"","overlay-gradient":""},"mobile":{"background-color":"","background-image":"","background-repeat":"repeat","background-position":"center center","background-size":"auto","background-attachment":"scroll","background-type":"","background-media":"","overlay-type":"","overlay-color":"","overlay-opacity":"","overlay-gradient":""}},"ast-content-background-meta":{"desktop":{"background-color":"var(--ast-global-color-5)","background-image":"","background-repeat":"repeat","background-position":"center center","background-size":"auto","background-attachment":"scroll","background-type":"","background-media":"","overlay-type":"","overlay-color":"","overlay-opacity":"","overlay-gradient":""},"tablet":{"background-color":"var(--ast-global-color-5)","background-image":"","background-repeat":"repeat","background-position":"center center","background-size":"auto","background-attachment":"scroll","background-type":"","background-media":"","overlay-type":"","overlay-color":"","overlay-opacity":"","overlay-gradient":""},"mobile":{"background-color":"var(--ast-global-color-5)","background-image":"","background-repeat":"repeat","background-position":"center center","background-size":"auto","background-attachment":"scroll","background-type":"","background-media":"","overlay-type":"","overlay-color":"","overlay-opacity":"","overlay-gradient":""}},"footnotes":""},"class_list":["post-11704","page","type-page","status-publish","hentry"],"post_mailing_queue_ids":[],"_links":{"self":[{"href":"https:\/\/agora.xtec.cat\/ceipelturonet\/wp-json\/wp\/v2\/pages\/11704","targetHints":{"allow":["GET"]}}],"collection":[{"href":"https:\/\/agora.xtec.cat\/ceipelturonet\/wp-json\/wp\/v2\/pages"}],"about":[{"href":"https:\/\/agora.xtec.cat\/ceipelturonet\/wp-json\/wp\/v2\/types\/page"}],"author":[{"embeddable":true,"href":"https:\/\/agora.xtec.cat\/ceipelturonet\/wp-json\/wp\/v2\/users\/1"}],"replies":[{"embeddable":true,"href":"https:\/\/agora.xtec.cat\/ceipelturonet\/wp-json\/wp\/v2\/comments?post=11704"}],"version-history":[{"count":4,"href":"https:\/\/agora.xtec.cat\/ceipelturonet\/wp-json\/wp\/v2\/pages\/11704\/revisions"}],"predecessor-version":[{"id":13755,"href":"https:\/\/agora.xtec.cat\/ceipelturonet\/wp-json\/wp\/v2\/pages\/11704\/revisions\/13755"}],"wp:attachment":[{"href":"https:\/\/agora.xtec.cat\/ceipelturonet\/wp-json\/wp\/v2\/media?parent=11704"}],"curies":[{"name":"wp","href":"https:\/\/api.w.org\/{rel}","templated":true}]}}