{"id":64,"date":"2014-09-18T12:39:08","date_gmt":"2014-09-18T12:39:08","guid":{"rendered":"http:\/\/agora.xtec.cat\/ceipelturomontcada\/?page_id=64"},"modified":"2024-03-25T11:02:32","modified_gmt":"2024-03-25T10:02:32","slug":"projecte-educatiu","status":"publish","type":"page","link":"https:\/\/agora.xtec.cat\/ceipelturomontcada\/projecte-educatiu\/","title":{"rendered":"Documents de centre"},"content":{"rendered":"<p>&nbsp;<\/p>\n<p><a href=\"https:\/\/agora.xtec.cat\/ceipelturomontcada\/wp-content\/uploads\/usu621\/2020\/01\/PEC-Projecte-Educatiu-del-centre-juny-2015.pdf\">Projecte Educatiu de Centre<\/a><\/p>\n<p><a href=\"https:\/\/agora.xtec.cat\/ceipelturomontcada\/wp-content\/uploads\/usu621\/2020\/01\/NOFC-EL-TUR\u00d3-2015.pdf\">Normes d&#8217;organitzaci\u00f3 i funcionament del Centre.<\/a><\/p>\n<p><a href=\"https:\/\/agora.xtec.cat\/ceipelturomontcada\/wp-content\/uploads\/usu621\/2020\/01\/Projecte-Ling\u00fc\u00edstic-de-Centre.pdf\">Projecte Ling\u00fc\u00edstic de Centre<\/a><\/p>\n<p><a href=\"https:\/\/agora.xtec.cat\/ceipelturomontcada\/wp-content\/uploads\/usu621\/2020\/01\/projecte-TAC-octubre-2017.pdf\">Pla TAC<\/a><\/p>\n<p><a href=\"https:\/\/agora.xtec.cat\/ceipelturomontcada\/wp-content\/uploads\/usu621\/2020\/01\/PROJECTE-ESPORTIU-DE-CENTRE-ESCOLA-EL-TUR\u00d3.pdf\">Projecte esportiu de Centre<\/a><\/p>\n<p><a href=\"https:\/\/agora.xtec.cat\/ceipelturomontcada\/wp-content\/uploads\/usu621\/2020\/01\/Graella-Implantaci\u00f3-de-les-Tecnologies-digitals-al-Centre.pdf\">Implantaci\u00f3 de les Tecnologies digitals al Centre<\/a><\/p>\n<p><a href=\"https:\/\/agora.xtec.cat\/ceipelturomontcada\/wp-content\/uploads\/usu621\/2020\/01\/TUROBOTS.-Rob\u00f2tica-programaci\u00f3-disseny-i-impressi\u00f3-3D.-Projecte-dinnovaci\u00f3-en-Tecnologies-Digitals.pdf\">TUROBOTS. Projecte d&#8217;innovaci\u00f3 en Tecnologies Digitals<\/a><\/p>\n<p>&nbsp;<\/p>\n<p><img loading=\"lazy\" decoding=\"async\" class=\"alignnone wp-image-181\" src=\"https:\/\/agora.xtec.cat\/ceipelturomontcada\/wp-content\/uploads\/usu621\/2015\/09\/Logoagenda.jpg\" alt=\"\" width=\"136\" height=\"71\" srcset=\"https:\/\/agora.xtec.cat\/ceipelturomontcada\/wp-content\/uploads\/usu621\/2015\/09\/Logoagenda.jpg 709w, https:\/\/agora.xtec.cat\/ceipelturomontcada\/wp-content\/uploads\/usu621\/2015\/09\/Logoagenda-300x156.jpg 300w\" sizes=\"auto, (max-width: 136px) 100vw, 136px\" \/><\/p>\n","protected":false},"excerpt":{"rendered":"<p>&nbsp;<br \/>\n<a href=\"https:\/\/agora.xtec.cat\/ceipelturomontcada\/wp-content\/uploads\/usu621\/2020\/01\/PEC-Projecte-Educatiu-del-centre-juny-2015.pdf\">Projecte Educatiu de Centre<\/a><br \/>\n<a href=\"https:\/\/agora.xtec.cat\/ceipelturomontcada\/wp-content\/uploads\/usu621\/2020\/01\/NOFC-EL-TUR\u00d3-2015.pdf\">Normes d&#8217;organitzaci\u00f3 i funcionament del Centre.<\/a><br \/>\n<a href=\"https:\/\/agora.xtec.cat\/ceipelturomontcada\/wp-content\/uploads\/usu621\/2020\/01\/Projecte-Ling\u00fc\u00edstic-de-Centre.pdf\">Projecte Ling\u00fc\u00edstic de Centre<\/a><br \/>\n<a href=\"https:\/\/agora.xtec.cat\/ceipelturomontcada\/wp-content\/uploads\/usu621\/2020\/01\/projecte-TAC-octubre-2017.pdf\">Pla TAC<\/a><br \/>\n<a href=\"https:\/\/agora.xtec.cat\/ceipelturomontcada\/wp-content\/uploads\/usu621\/2020\/01\/PROJECTE-ESPORTIU-DE-CENTRE-ESCOLA-EL-TUR\u00d3.pdf\">Projecte esportiu de Centre<\/a><br \/>\n<a href=\"https:\/\/agora.xtec.cat\/ceipelturomontcada\/wp-content\/uploads\/usu621\/2020\/01\/Graella-Implantaci\u00f3-de-les-Tecnologies-digitals-al-Centre.pdf\">Implantaci\u00f3 de les Tecnologies digitals al Centre<\/a><br \/>\n<a href=\"https:\/\/agora.xtec.cat\/ceipelturomontcada\/wp-content\/uploads\/usu621\/2020\/01\/TUROBOTS.-Rob\u00f2tica-programaci\u00f3-disseny-i-impressi\u00f3-3D.-Projecte-dinnovaci\u00f3-en-Tecnologies-Digitals.pdf\">TUROBOTS. Projecte d&#8217;innovaci\u00f3 en Tecnologies Digitals<\/a><br \/>\n&nbsp;<\/p>\n","protected":false},"author":2,"featured_media":0,"parent":0,"menu_order":0,"comment_status":"closed","ping_status":"closed","template":"page-templates\/side-menu.php","meta":{"_bbp_topic_count":0,"_bbp_reply_count":0,"_bbp_total_topic_count":0,"_bbp_total_reply_count":0,"_bbp_voice_count":0,"_bbp_anonymous_reply_count":0,"_bbp_topic_count_hidden":0,"_bbp_reply_count_hidden":0,"_bbp_forum_subforum_count":0,"footnotes":""},"class_list":["post-64","page","type-page","status-publish","hentry"],"post_mailing_queue_ids":[],"_links":{"self":[{"href":"https:\/\/agora.xtec.cat\/ceipelturomontcada\/wp-json\/wp\/v2\/pages\/64","targetHints":{"allow":["GET"]}}],"collection":[{"href":"https:\/\/agora.xtec.cat\/ceipelturomontcada\/wp-json\/wp\/v2\/pages"}],"about":[{"href":"https:\/\/agora.xtec.cat\/ceipelturomontcada\/wp-json\/wp\/v2\/types\/page"}],"author":[{"embeddable":true,"href":"https:\/\/agora.xtec.cat\/ceipelturomontcada\/wp-json\/wp\/v2\/users\/2"}],"replies":[{"embeddable":true,"href":"https:\/\/agora.xtec.cat\/ceipelturomontcada\/wp-json\/wp\/v2\/comments?post=64"}],"version-history":[{"count":5,"href":"https:\/\/agora.xtec.cat\/ceipelturomontcada\/wp-json\/wp\/v2\/pages\/64\/revisions"}],"predecessor-version":[{"id":18452,"href":"https:\/\/agora.xtec.cat\/ceipelturomontcada\/wp-json\/wp\/v2\/pages\/64\/revisions\/18452"}],"wp:attachment":[{"href":"https:\/\/agora.xtec.cat\/ceipelturomontcada\/wp-json\/wp\/v2\/media?parent=64"}],"curies":[{"name":"wp","href":"https:\/\/api.w.org\/{rel}","templated":true}]}}