{"id":34,"date":"2014-09-18T12:32:18","date_gmt":"2014-09-18T12:32:18","guid":{"rendered":"http:\/\/agora.xtec.cat\/ceipelturomontcada\/?page_id=34"},"modified":"2015-09-14T09:52:58","modified_gmt":"2015-09-14T08:52:58","slug":"oferta-educativa","status":"publish","type":"page","link":"https:\/\/agora.xtec.cat\/ceipelturomontcada\/lescola\/oferta-educativa\/","title":{"rendered":"Projecte pedag\u00f2gic"},"content":{"rendered":"<p class=\"text\" style=\"text-align: left;\" align=\"center\"><span class=\"text\">L&#8217;escola vol oferir als seus alumnes un mitj\u00e0 ric, que afavoreixi el seu creixement harm\u00f2nic i integral, fent possible l&#8217;aprenentatge i el coneixement progressiu del funcionament de la societat.<br \/>\n\u00c9s per aix\u00f2 que fomenta l&#8217;esperit cr\u00edtic, la toler\u00e0ncia , la responsabilitat, tant respecte a ell mateix com als altres.<\/span><\/p>\n<p class=\"text\" style=\"text-align: left;\" align=\"center\"><span class=\"text\">Volem que l&#8217;escola estigui vinculada al medi on viuen els alumnes, per tant :<\/span><\/p>\n<ul>\n<li><span class=\"text\">Fem incid\u00e8ncia en la llengua i cultura catalanes com a vincles de cohesi\u00f3 social, tractant la diversitat com a un factor enriquidor de la formaci\u00f3 integral dels nostres alumnes.<\/span><\/li>\n<li><span class=\"text\">Partim d&#8217;un plantejament d&#8217;educaci\u00f3 en el qual els nens i les nenes desenvolupin totes les seves potencialitats individuals per arribar a un ensenyament no marcat pel sexe i on conegui i participi dels aven\u00e7os tecnol\u00f2gics de la societat del segle XXI.<\/span><\/li>\n<li><span class=\"text\">Creiem que el tractament de la informaci\u00f3 \u00e9s una eina b\u00e0sica que ens ha de servir per aprendre a interpretar la realitat i participar cr\u00edticament a la societat actual.<\/span><\/li>\n<li><span class=\"text\">Veiem que per accedir a la informaci\u00f3 \u00e9s b\u00e0sic el coneixement de les lleng\u00fces estrangeres. Per aquesta ra\u00f3, introdu\u00efm la llengua anglesa en \u00e0rees curriculars no ling\u00fc\u00edstiques com a part del projecte d&#8217;innovaci\u00f3 que l&#8217;escola duu a terme.<\/span><\/li>\n<\/ul>\n<p><span class=\"text\">La funci\u00f3 educativa que proposem va lligada a un model d&#8217;ensenyament aprenentatge que potencia :<\/span><\/p>\n<ul>\n<li><span class=\"text\">el pensament i l&#8217;autoestima,<\/span><\/li>\n<li><span class=\"text\">la interacci\u00f3, la cooperaci\u00f3 tant entre els alumnes com amb els adults<\/span><\/li>\n<li><span class=\"text\">i l&#8217;autonomia personal .<\/span><\/li>\n<\/ul>\n<p><span class=\"text\">L&#8217;escola pret\u00e9n estimular al nen\/a de cara a fer uns aprenentatges significatius .<\/span><\/p>\n<p><span class=\"text\"><br \/>\nLa nostra proposta educativa es basa en un enfoc globalitzador, a partir del seu propi bagatge cultural, tot establint interrelacions amb el qu\u00e8 vol saber.<\/span><span class=\"text\"><br \/>\n<\/span><span class=\"text\">Organitzem diferents tipus d&#8217;agrupaments en funci\u00f3 de les necessitats: grups flexibles, racons, tallers i agrupaments interclasses.<\/span><\/p>\n<p><span class=\"text\"><br \/>\nEn definitiva, el mestre t\u00e9 un paper de dinamitzador de les relacions que s&#8217;estableixen a l&#8217;aula. Organitza i canalitza els diferents est\u00edmuls perqu\u00e8 es donin situacions en les que els nens\/es aprenguin, intercanvi\u00efn, es comuniquin, cre\u00efn, i aix\u00ed es potenci\u00ef el seu desenvolupament individual i col.lectiu.<\/span><\/p>\n","protected":false},"excerpt":{"rendered":"<p>L&#8217;escola vol oferir als seus alumnes un mitj\u00e0 ric, que afavoreixi el seu creixement harm\u00f2nic i integral, fent possible l&#8217;aprenentatge i el coneixement progressiu del funcionament de la societat.<br \/>\n\u00c9s per aix\u00f2 que fomenta l&#8217;esperit cr\u00edtic, la toler\u00e0ncia , la responsabilitat, tant respecte a ell mateix&hellip;  <a href=\"https:\/\/agora.xtec.cat\/ceipelturomontcada\/lescola\/oferta-educativa\/\" title=\"Read Projecte pedag\u00f2gic\">Llegeix m\u00e9s\u00bb<\/a><\/p>\n","protected":false},"author":2,"featured_media":0,"parent":22,"menu_order":60,"comment_status":"closed","ping_status":"closed","template":"page-templates\/side-menu.php","meta":{"_bbp_topic_count":0,"_bbp_reply_count":0,"_bbp_total_topic_count":0,"_bbp_total_reply_count":0,"_bbp_voice_count":0,"_bbp_anonymous_reply_count":0,"_bbp_topic_count_hidden":0,"_bbp_reply_count_hidden":0,"_bbp_forum_subforum_count":0,"footnotes":""},"class_list":["post-34","page","type-page","status-publish","hentry"],"post_mailing_queue_ids":[],"_links":{"self":[{"href":"https:\/\/agora.xtec.cat\/ceipelturomontcada\/wp-json\/wp\/v2\/pages\/34","targetHints":{"allow":["GET"]}}],"collection":[{"href":"https:\/\/agora.xtec.cat\/ceipelturomontcada\/wp-json\/wp\/v2\/pages"}],"about":[{"href":"https:\/\/agora.xtec.cat\/ceipelturomontcada\/wp-json\/wp\/v2\/types\/page"}],"author":[{"embeddable":true,"href":"https:\/\/agora.xtec.cat\/ceipelturomontcada\/wp-json\/wp\/v2\/users\/2"}],"replies":[{"embeddable":true,"href":"https:\/\/agora.xtec.cat\/ceipelturomontcada\/wp-json\/wp\/v2\/comments?post=34"}],"version-history":[{"count":3,"href":"https:\/\/agora.xtec.cat\/ceipelturomontcada\/wp-json\/wp\/v2\/pages\/34\/revisions"}],"predecessor-version":[{"id":2310,"href":"https:\/\/agora.xtec.cat\/ceipelturomontcada\/wp-json\/wp\/v2\/pages\/34\/revisions\/2310"}],"up":[{"embeddable":true,"href":"https:\/\/agora.xtec.cat\/ceipelturomontcada\/wp-json\/wp\/v2\/pages\/22"}],"wp:attachment":[{"href":"https:\/\/agora.xtec.cat\/ceipelturomontcada\/wp-json\/wp\/v2\/media?parent=34"}],"curies":[{"name":"wp","href":"https:\/\/api.w.org\/{rel}","templated":true}]}}