{"id":2379,"date":"2015-09-16T10:54:07","date_gmt":"2015-09-16T09:54:07","guid":{"rendered":"http:\/\/agora.xtec.cat\/ceipelturomontcada\/?page_id=2379"},"modified":"2024-05-07T10:22:42","modified_gmt":"2024-05-07T08:22:42","slug":"escola-verda","status":"publish","type":"page","link":"https:\/\/agora.xtec.cat\/ceipelturomontcada\/lescola\/escola-verda\/","title":{"rendered":"Escola verda"},"content":{"rendered":"<p>La nostra escola des del seus inicis, ja fa m\u00e9s de 50 anys, ha treballat &#8220;els aspectes de conservaci\u00f3 de la natura en tots els \u00e0mbits i \u00e0rees&#8221; com ho marca el nostre Projecte Educatiu.<\/p>\n<p><a href=\"http:\/\/agora.xtec.cat\/ceipelturomontcada\/wp-content\/uploads\/usu621\/2015\/03\/wpid-2015-03-27-15.46.52.jpeg.jpeg\"><img loading=\"lazy\" decoding=\"async\" class=\" size-medium wp-image-1557 alignleft\" src=\"http:\/\/agora.xtec.cat\/ceipelturomontcada\/wp-content\/uploads\/usu621\/2015\/03\/wpid-2015-03-27-15.46.52.jpeg-300x225.jpeg\" alt=\"wpid-2015-03-27-15.46.52.jpeg.jpeg\" width=\"300\" height=\"225\" srcset=\"https:\/\/agora.xtec.cat\/ceipelturomontcada\/wp-content\/uploads\/usu621\/2015\/03\/wpid-2015-03-27-15.46.52.jpeg-300x225.jpeg 300w, https:\/\/agora.xtec.cat\/ceipelturomontcada\/wp-content\/uploads\/usu621\/2015\/03\/wpid-2015-03-27-15.46.52.jpeg-200x150.jpeg 200w, https:\/\/agora.xtec.cat\/ceipelturomontcada\/wp-content\/uploads\/usu621\/2015\/03\/wpid-2015-03-27-15.46.52.jpeg.jpeg 500w\" sizes=\"auto, (max-width: 300px) 100vw, 300px\" \/><\/a><\/p>\n<p>Avui ja al S.XXI aix\u00f2 es tradueix en ser impulsors en la defensa del medi ambient, en tenir consci\u00e8ncia i ser militants practicants en la defensa de les TRES ERRES (reduir, reutilitzar, i reciclar) perqu\u00e8 al nostre planeta s&#8217;aturi la seva degradaci\u00f3 i mica en mica anar fent que el progr\u00e9s no signifiqui com fins ara destruir la natura, perqu\u00e8 de Terra solament tenim una.<\/p>\n<p>Els alumnes, pares i mestres de l&#8217;Escola El Tur\u00f3 volem posar el nostre gra de sorra en aquesta lluita per la sostenibilitat del nostre m\u00f3n i creiem que una bona manera de fer-ho \u00e9s declarar-nos ESCOLA VERDA i participar activament en la Xarxa d&#8217;Escoles per la Sostenibilitat de Catalunya (XESC).<\/p>\n<p>&nbsp;<\/p>\n<p>&nbsp;<\/p>\n<p><strong>Quines accions fem a la nostra escola?<\/strong><\/p>\n<ul>\n<li>Separaci\u00f3 de residus<\/li>\n<li>\u00das de paper reciclat<\/li>\n<li>Baixem els decibels<\/li>\n<li>Setmana de la sostenibilitat<\/li>\n<li>Comit\u00e8 Ambiental d&#8217;ecodelegats i ecodelegades<\/li>\n<li>Fem compost<\/li>\n<li>Projecte Rius<\/li>\n<li>Estalviem aigua i la reutilitzem<\/li>\n<li>Estalviem energia<\/li>\n<li>Estalviem paper<\/li>\n<li>L\u2019hort del Tur\u00f3<\/li>\n<li>Jard\u00ed de papallones<\/li>\n<li>Estalviem embolcalls i esmorzem de manera saludable<\/li>\n<li>Enverdim l\u2019escola<\/li>\n<li>Activitats Mediambientals de Montcada<\/li>\n<li>Anem a la deixalleria m\u00f2bil quan cal<\/li>\n<\/ul>\n<p>&nbsp;<\/p>\n<p><a href=\"http:\/\/agora.xtec.cat\/ceipelturomontcada\/wp-content\/uploads\/usu621\/2012\/11\/wpid-IMG_20121112_161412.jpg\"><img loading=\"lazy\" decoding=\"async\" class=\"alignnone wp-image-947 size-medium\" src=\"http:\/\/agora.xtec.cat\/ceipelturomontcada\/wp-content\/uploads\/usu621\/2012\/11\/wpid-IMG_20121112_161412-300x225.jpg\" alt=\"\" width=\"300\" height=\"225\" srcset=\"https:\/\/agora.xtec.cat\/ceipelturomontcada\/wp-content\/uploads\/usu621\/2012\/11\/wpid-IMG_20121112_161412-300x225.jpg 300w, https:\/\/agora.xtec.cat\/ceipelturomontcada\/wp-content\/uploads\/usu621\/2012\/11\/wpid-IMG_20121112_161412-200x150.jpg 200w, https:\/\/agora.xtec.cat\/ceipelturomontcada\/wp-content\/uploads\/usu621\/2012\/11\/wpid-IMG_20121112_161412.jpg 500w\" sizes=\"auto, (max-width: 300px) 100vw, 300px\" \/><\/a>\u00a0\u00a0<a href=\"http:\/\/agora.xtec.cat\/ceipelturomontcada\/wp-content\/uploads\/usu621\/2011\/02\/wpid-imag0314.jpg\"><img loading=\"lazy\" decoding=\"async\" class=\"alignnone wp-image-534\" src=\"http:\/\/agora.xtec.cat\/ceipelturomontcada\/wp-content\/uploads\/usu621\/2011\/02\/wpid-imag0314-300x200.jpg\" alt=\"wpid-imag0314.jpg\" width=\"339\" height=\"226\" srcset=\"https:\/\/agora.xtec.cat\/ceipelturomontcada\/wp-content\/uploads\/usu621\/2011\/02\/wpid-imag0314-300x200.jpg 300w, https:\/\/agora.xtec.cat\/ceipelturomontcada\/wp-content\/uploads\/usu621\/2011\/02\/wpid-imag0314.jpg 500w\" sizes=\"auto, (max-width: 339px) 100vw, 339px\" \/><\/a><\/p>\n","protected":false},"excerpt":{"rendered":"<p>La nostra escola des del seus inicis, ja fa m\u00e9s de 50 anys, ha treballat &#8220;els aspectes de conservaci\u00f3 de la natura en tots els \u00e0mbits i \u00e0rees&#8221; com ho marca el nostre Projecte Educatiu.<br \/>\n<a href=\"http:\/\/agora.xtec.cat\/ceipelturomontcada\/wp-content\/uploads\/usu621\/2015\/03\/wpid-2015-03-27-15.46.52.jpeg.jpeg\"><\/a><br \/>\nAvui ja al S.XXI aix\u00f2 es tradueix en ser impulsors&hellip;  <a href=\"https:\/\/agora.xtec.cat\/ceipelturomontcada\/lescola\/escola-verda\/\" title=\"Read Escola verda\">Llegeix m\u00e9s\u00bb<\/a><\/p>\n","protected":false},"author":3,"featured_media":0,"parent":22,"menu_order":5,"comment_status":"closed","ping_status":"closed","template":"page-templates\/side-menu.php","meta":{"_bbp_topic_count":0,"_bbp_reply_count":0,"_bbp_total_topic_count":0,"_bbp_total_reply_count":0,"_bbp_voice_count":0,"_bbp_anonymous_reply_count":0,"_bbp_topic_count_hidden":0,"_bbp_reply_count_hidden":0,"_bbp_forum_subforum_count":0,"footnotes":""},"class_list":["post-2379","page","type-page","status-publish","hentry"],"post_mailing_queue_ids":[],"_links":{"self":[{"href":"https:\/\/agora.xtec.cat\/ceipelturomontcada\/wp-json\/wp\/v2\/pages\/2379","targetHints":{"allow":["GET"]}}],"collection":[{"href":"https:\/\/agora.xtec.cat\/ceipelturomontcada\/wp-json\/wp\/v2\/pages"}],"about":[{"href":"https:\/\/agora.xtec.cat\/ceipelturomontcada\/wp-json\/wp\/v2\/types\/page"}],"author":[{"embeddable":true,"href":"https:\/\/agora.xtec.cat\/ceipelturomontcada\/wp-json\/wp\/v2\/users\/3"}],"replies":[{"embeddable":true,"href":"https:\/\/agora.xtec.cat\/ceipelturomontcada\/wp-json\/wp\/v2\/comments?post=2379"}],"version-history":[{"count":6,"href":"https:\/\/agora.xtec.cat\/ceipelturomontcada\/wp-json\/wp\/v2\/pages\/2379\/revisions"}],"predecessor-version":[{"id":18640,"href":"https:\/\/agora.xtec.cat\/ceipelturomontcada\/wp-json\/wp\/v2\/pages\/2379\/revisions\/18640"}],"up":[{"embeddable":true,"href":"https:\/\/agora.xtec.cat\/ceipelturomontcada\/wp-json\/wp\/v2\/pages\/22"}],"wp:attachment":[{"href":"https:\/\/agora.xtec.cat\/ceipelturomontcada\/wp-json\/wp\/v2\/media?parent=2379"}],"curies":[{"name":"wp","href":"https:\/\/api.w.org\/{rel}","templated":true}]}}