{"id":22,"date":"2014-09-18T12:19:57","date_gmt":"2014-09-18T12:19:57","guid":{"rendered":"http:\/\/agora.xtec.cat\/ceipelturomontcada\/?page_id=22"},"modified":"2019-12-13T19:19:15","modified_gmt":"2019-12-13T18:19:15","slug":"lescola","status":"publish","type":"page","link":"https:\/\/agora.xtec.cat\/ceipelturomontcada\/lescola\/","title":{"rendered":"L&#8217;escola"},"content":{"rendered":"<p><a href=\"https:\/\/youtu.be\/dnwxs8Ksct8\">https:\/\/youtu.be\/dnwxs8Ksct8<\/a><\/p>\n<p>Som una escola p\u00fablica situada al centre de Montcada i Reixac.<\/p>\n<p>Com som i que fem:<\/p>\n<p>Escola d&#8217;una l\u00ednia<br \/>\nEscola verda<br \/>\nMenjador escolar<br \/>\nActivitats extraescolars (futbol i karate).<br \/>\nEnfocament constructivista de l&#8217;aprenentatge.<br \/>\nTreball per projectes<br \/>\nParticipaci\u00f3 de les families en activitats educatives.<br \/>\nCelebraci\u00f3 de festes populars integrades al curr\u00edculum<br \/>\nCol\u00f2nies i sortides integrades en l&#8217;aprenentatge (de P3 a 6\u00e8).<br \/>\nNataci\u00f3 escolar a 1r<br \/>\nIniciaci\u00f3 en la llengua anglesa a partir de P4.<br \/>\n\u00das de la llengua anglesa en \u00e0rees no ling\u00fc\u00edstiques a 6\u00e8 (coneixement del medi).<br \/>\n\u00das de les tecnologies de l&#8217;informaci\u00f3 a partir de parvulari com a mitj\u00e0 d&#8217;aprenentatge dins de totes les aules.<br \/>\nReutilitzaci\u00f3 de llibres i material did\u00e0ctic (banc de llibres).<br \/>\nRevista escolar confeccionada pels mateixos alumnes.<br \/>\nProfessorat:<\/p>\n<p>3 mestres d&#8217;educaci\u00f3 infantil.<br \/>\n1 t\u00e9cnica en educaci\u00f3 infantil.<br \/>\n7 mestres d&#8217;educaci\u00f3 prim\u00e0ria.<br \/>\n2 especialistes d&#8217;angl\u00e8s.<br \/>\n1 especialista d&#8217;educaci\u00f3 especial.<br \/>\n1 tutor d&#8217;aula d&#8217;acollida.<br \/>\n1 especialista d&#8217;educaci\u00f3 m\u00fasica.<br \/>\n1 especial\u00edsta d&#8217;educaci\u00f3 f\u00edsica.<br \/>\nPsicopedagog i logopeda.<\/p>\n","protected":false},"excerpt":{"rendered":"<p><a href=\"https:\/\/youtu.be\/dnwxs8Ksct8\">https:\/\/youtu.be\/dnwxs8Ksct8<\/a><br \/>\nSom una escola p\u00fablica situada al centre de Montcada i Reixac.<br \/>\nCom som i que fem:<br \/>\nEscola d&#8217;una l\u00ednia<br \/>\nEscola verda<br \/>\nMenjador escolar<br \/>\nActivitats extraescolars (futbol i karate).<br \/>\nEnfocament constructivista de l&#8217;aprenentatge.<br \/>\nTreball per projectes<br \/>\nParticipaci\u00f3 de les families en activitats educatives.<br \/>\nCelebraci\u00f3 de festes populars integrades al curr\u00edculum<br \/>\nCol\u00f2nies i sortides integrades en&hellip;  <a href=\"https:\/\/agora.xtec.cat\/ceipelturomontcada\/lescola\/\" title=\"Read L&#8217;escola\">Llegeix m\u00e9s\u00bb<\/a><\/p>\n","protected":false},"author":2,"featured_media":0,"parent":0,"menu_order":0,"comment_status":"closed","ping_status":"closed","template":"page-templates\/side-menu.php","meta":{"_bbp_topic_count":0,"_bbp_reply_count":0,"_bbp_total_topic_count":0,"_bbp_total_reply_count":0,"_bbp_voice_count":0,"_bbp_anonymous_reply_count":0,"_bbp_topic_count_hidden":0,"_bbp_reply_count_hidden":0,"_bbp_forum_subforum_count":0,"footnotes":""},"class_list":["post-22","page","type-page","status-publish","hentry"],"post_mailing_queue_ids":[],"_links":{"self":[{"href":"https:\/\/agora.xtec.cat\/ceipelturomontcada\/wp-json\/wp\/v2\/pages\/22","targetHints":{"allow":["GET"]}}],"collection":[{"href":"https:\/\/agora.xtec.cat\/ceipelturomontcada\/wp-json\/wp\/v2\/pages"}],"about":[{"href":"https:\/\/agora.xtec.cat\/ceipelturomontcada\/wp-json\/wp\/v2\/types\/page"}],"author":[{"embeddable":true,"href":"https:\/\/agora.xtec.cat\/ceipelturomontcada\/wp-json\/wp\/v2\/users\/2"}],"replies":[{"embeddable":true,"href":"https:\/\/agora.xtec.cat\/ceipelturomontcada\/wp-json\/wp\/v2\/comments?post=22"}],"version-history":[{"count":4,"href":"https:\/\/agora.xtec.cat\/ceipelturomontcada\/wp-json\/wp\/v2\/pages\/22\/revisions"}],"predecessor-version":[{"id":15022,"href":"https:\/\/agora.xtec.cat\/ceipelturomontcada\/wp-json\/wp\/v2\/pages\/22\/revisions\/15022"}],"wp:attachment":[{"href":"https:\/\/agora.xtec.cat\/ceipelturomontcada\/wp-json\/wp\/v2\/media?parent=22"}],"curies":[{"name":"wp","href":"https:\/\/api.w.org\/{rel}","templated":true}]}}