{"id":18524,"date":"2024-04-12T09:11:05","date_gmt":"2024-04-12T07:11:05","guid":{"rendered":"https:\/\/agora.xtec.cat\/ceipelturomontcada\/?page_id=18524"},"modified":"2024-04-12T09:11:05","modified_gmt":"2024-04-12T07:11:05","slug":"afa-associacio-de-families-dalumnes-de-lescola-el-turo","status":"publish","type":"page","link":"https:\/\/agora.xtec.cat\/ceipelturomontcada\/serveis\/afa-associacio-de-families-dalumnes-de-lescola-el-turo\/","title":{"rendered":"AFA &#8211; Associaci\u00f3 de Fam\u00edlies d&#8217;Alumnes de l&#8217;Escola el Tur\u00f3"},"content":{"rendered":"","protected":false},"excerpt":{"rendered":"","protected":false},"author":1,"featured_media":0,"parent":66,"menu_order":0,"comment_status":"closed","ping_status":"closed","template":"","meta":{"_bbp_topic_count":0,"_bbp_reply_count":0,"_bbp_total_topic_count":0,"_bbp_total_reply_count":0,"_bbp_voice_count":0,"_bbp_anonymous_reply_count":0,"_bbp_topic_count_hidden":0,"_bbp_reply_count_hidden":0,"_bbp_forum_subforum_count":0,"footnotes":""},"class_list":["post-18524","page","type-page","status-publish","hentry"],"post_mailing_queue_ids":[],"_links":{"self":[{"href":"https:\/\/agora.xtec.cat\/ceipelturomontcada\/wp-json\/wp\/v2\/pages\/18524","targetHints":{"allow":["GET"]}}],"collection":[{"href":"https:\/\/agora.xtec.cat\/ceipelturomontcada\/wp-json\/wp\/v2\/pages"}],"about":[{"href":"https:\/\/agora.xtec.cat\/ceipelturomontcada\/wp-json\/wp\/v2\/types\/page"}],"author":[{"embeddable":true,"href":"https:\/\/agora.xtec.cat\/ceipelturomontcada\/wp-json\/wp\/v2\/users\/1"}],"replies":[{"embeddable":true,"href":"https:\/\/agora.xtec.cat\/ceipelturomontcada\/wp-json\/wp\/v2\/comments?post=18524"}],"version-history":[{"count":1,"href":"https:\/\/agora.xtec.cat\/ceipelturomontcada\/wp-json\/wp\/v2\/pages\/18524\/revisions"}],"predecessor-version":[{"id":18525,"href":"https:\/\/agora.xtec.cat\/ceipelturomontcada\/wp-json\/wp\/v2\/pages\/18524\/revisions\/18525"}],"up":[{"embeddable":true,"href":"https:\/\/agora.xtec.cat\/ceipelturomontcada\/wp-json\/wp\/v2\/pages\/66"}],"wp:attachment":[{"href":"https:\/\/agora.xtec.cat\/ceipelturomontcada\/wp-json\/wp\/v2\/media?parent=18524"}],"curies":[{"name":"wp","href":"https:\/\/api.w.org\/{rel}","templated":true}]}}