{"id":18429,"date":"2024-03-25T10:01:49","date_gmt":"2024-03-25T09:01:49","guid":{"rendered":"https:\/\/agora.xtec.cat\/ceipelturomontcada\/?page_id=18429"},"modified":"2024-03-25T10:57:59","modified_gmt":"2024-03-25T09:57:59","slug":"tallers-de-parentalitat","status":"publish","type":"page","link":"https:\/\/agora.xtec.cat\/ceipelturomontcada\/comunitat-daprenentatge\/tallers-de-parentalitat\/","title":{"rendered":"Tallers de parentalitat"},"content":{"rendered":"<p><b>TALLERS DE PARENTALITAT<\/b><\/p>\n<p>&nbsp;<\/p>\n<p><b>Una taula rodona \u00e9s una oportunitat excel\u00b7lent per abordar aspectes importants del curs i resoldre dubtes. A trav\u00e9s del di\u00e0leg obert i la participaci\u00f3, es facilita la comunicaci\u00f3 entre docents i les fam\u00edlies creant un espai per aclarir q\u00fcestions i millorar la comprensi\u00f3 d\u2019aspectes relacionats amb els aprenentatges.<\/b><\/p>\n","protected":false},"excerpt":{"rendered":"<p>TALLERS DE PARENTALITAT<br \/>\n&nbsp;<br \/>\nUna taula rodona \u00e9s una oportunitat excel\u00b7lent per abordar aspectes importants del curs i resoldre dubtes. A trav\u00e9s del di\u00e0leg obert i la participaci\u00f3, es facilita la comunicaci\u00f3 entre docents i les fam\u00edlies creant un espai per aclarir q\u00fcestions i millorar la comprensi\u00f3&hellip;  <a href=\"https:\/\/agora.xtec.cat\/ceipelturomontcada\/comunitat-daprenentatge\/tallers-de-parentalitat\/\" title=\"Read Tallers de parentalitat\">Llegeix m\u00e9s\u00bb<\/a><\/p>\n","protected":false},"author":1,"featured_media":0,"parent":18410,"menu_order":0,"comment_status":"closed","ping_status":"closed","template":"","meta":{"_bbp_topic_count":0,"_bbp_reply_count":0,"_bbp_total_topic_count":0,"_bbp_total_reply_count":0,"_bbp_voice_count":0,"_bbp_anonymous_reply_count":0,"_bbp_topic_count_hidden":0,"_bbp_reply_count_hidden":0,"_bbp_forum_subforum_count":0,"footnotes":""},"class_list":["post-18429","page","type-page","status-publish","hentry"],"post_mailing_queue_ids":[],"_links":{"self":[{"href":"https:\/\/agora.xtec.cat\/ceipelturomontcada\/wp-json\/wp\/v2\/pages\/18429","targetHints":{"allow":["GET"]}}],"collection":[{"href":"https:\/\/agora.xtec.cat\/ceipelturomontcada\/wp-json\/wp\/v2\/pages"}],"about":[{"href":"https:\/\/agora.xtec.cat\/ceipelturomontcada\/wp-json\/wp\/v2\/types\/page"}],"author":[{"embeddable":true,"href":"https:\/\/agora.xtec.cat\/ceipelturomontcada\/wp-json\/wp\/v2\/users\/1"}],"replies":[{"embeddable":true,"href":"https:\/\/agora.xtec.cat\/ceipelturomontcada\/wp-json\/wp\/v2\/comments?post=18429"}],"version-history":[{"count":2,"href":"https:\/\/agora.xtec.cat\/ceipelturomontcada\/wp-json\/wp\/v2\/pages\/18429\/revisions"}],"predecessor-version":[{"id":18443,"href":"https:\/\/agora.xtec.cat\/ceipelturomontcada\/wp-json\/wp\/v2\/pages\/18429\/revisions\/18443"}],"up":[{"embeddable":true,"href":"https:\/\/agora.xtec.cat\/ceipelturomontcada\/wp-json\/wp\/v2\/pages\/18410"}],"wp:attachment":[{"href":"https:\/\/agora.xtec.cat\/ceipelturomontcada\/wp-json\/wp\/v2\/media?parent=18429"}],"curies":[{"name":"wp","href":"https:\/\/api.w.org\/{rel}","templated":true}]}}