{"id":18418,"date":"2024-03-25T09:56:58","date_gmt":"2024-03-25T08:56:58","guid":{"rendered":"https:\/\/agora.xtec.cat\/ceipelturomontcada\/?page_id=18418"},"modified":"2024-05-07T10:27:38","modified_gmt":"2024-05-07T08:27:38","slug":"tertulies-literaries","status":"publish","type":"page","link":"https:\/\/agora.xtec.cat\/ceipelturomontcada\/comunitat-daprenentatge\/tertulies-literaries\/","title":{"rendered":"Tert\u00falies liter\u00e0ries"},"content":{"rendered":"<p><b>TERT\u00daLIES LITER\u00c0RIES<\/b><\/p>\n<p><b>Les tert\u00falies liter\u00e0ries dial\u00f2giques <\/b>estan dedicades a la literatura cl\u00e0ssica universal. Ofereixen un espai enriquidor on l\u2019alumnat pot explorar i debatre els temes sorgits de la lectura. Aquestes sessions, basades en la discussi\u00f3 i intercanvi d&#8217;idees, s\u00f3n una oportunitat per fomentar el di\u00e0leg cr\u00edtic i la reflexi\u00f3 profunda entre l&#8217;alumnat.<\/p>\n<p><b>LLISTAT LLIBRES DE TERT\u00daLIES LITER\u00c0RIES<\/b><\/p>\n<table style=\"border-collapse: collapse; width: 55.5221%;\">\n<tbody>\n<tr>\n<td style=\"width: 7.22892%;\"><strong>I3<\/strong><\/td>\n<td style=\"width: 48.2932%;\"><b>Pinotxo<\/b><\/td>\n<\/tr>\n<tr>\n<td style=\"width: 7.22892%;\"><strong>I4<\/strong><\/td>\n<td style=\"width: 48.2932%;\"><b>En Pere i el llop<\/b><\/td>\n<\/tr>\n<tr>\n<td style=\"width: 7.22892%;\"><strong>I5<\/strong><\/td>\n<td style=\"width: 48.2932%;\"><b>De la Terra a la Lluna<\/b><\/p>\n<p><b>Don Quixot<\/b><\/p>\n<p><b>La volta al m\u00f3n en 80 dies<\/b><\/td>\n<\/tr>\n<tr>\n<td style=\"width: 7.22892%;\"><strong>1r<\/strong><\/td>\n<td style=\"width: 48.2932%;\"><b>El viatge de Gulliver a Lil\u00b7liput\u00a0<\/b><\/p>\n<p><b>El geperut de Notre Dame\u00a0<\/b><\/p>\n<p><b>El soldadet de plom\u00a0<\/b><\/td>\n<\/tr>\n<tr>\n<td style=\"width: 7.22892%;\"><strong>2n<\/strong><\/td>\n<td style=\"width: 48.2932%;\"><b>Faules explicades als infants\u00a0<\/b><\/p>\n<p><b>L&#8217;illa del tresor\u00a0<\/b><\/td>\n<\/tr>\n<tr>\n<td style=\"width: 7.22892%;\"><strong>3r<\/strong><\/td>\n<td style=\"width: 48.2932%;\"><b>Peter Pan\u00a0<\/b><\/p>\n<p><b>El llibre de la jungla\u00a0<\/b><\/p>\n<p><b>Platero y yo\u00a0<\/b><\/td>\n<\/tr>\n<tr>\n<td style=\"width: 7.22892%;\"><strong>4rt<\/strong><\/td>\n<td style=\"width: 48.2932%;\"><b>El mag d\u2019Oz\u00a0<\/b><\/p>\n<p><b>Maurice i la cabana del pescador\u00a0<\/b><\/td>\n<\/tr>\n<tr>\n<td style=\"width: 7.22892%;\"><strong>5\u00e8<\/strong><\/td>\n<td style=\"width: 48.2932%;\"><b>La volta al m\u00f3n en 80 dies\u00a0<\/b><\/p>\n<p><b>Les aventures de Tom Sawyer\u00a0<\/b><\/td>\n<\/tr>\n<tr>\n<td style=\"width: 7.22892%;\"><strong>6\u00e8<\/strong><\/td>\n<td style=\"width: 48.2932%;\"><b>Capitans valents\u00a0<\/b><\/p>\n<p><b>Oliver Twist\u00a0<\/b><\/td>\n<\/tr>\n<\/tbody>\n<\/table>\n<p>&nbsp;<\/p>\n<p><b>Les <\/b><b>tert\u00falies dial\u00f2giques pl\u00e0stiques<\/b> es fan a trav\u00e9s de l\u2019observaci\u00f3 d\u2019una obra art. Cadasc\u00fa pot expressar qu\u00e8 li transmet el quadre i es creen hist\u00f2ries.<\/p>\n<p>&nbsp;<\/p>\n<p><b>Les <\/b><b>tert\u00falies dial\u00f2giques musicals<\/b> es fan a trav\u00e9s de l\u2019audici\u00f3 d\u2019una obra musical. L\u2019alumnat pot expressar les seves emocions en funci\u00f3 d\u2019all\u00f2 que sent.<\/p>\n<p>&nbsp;<\/p>\n<p>&nbsp;<\/p>\n<p>&nbsp;<\/p>\n","protected":false},"excerpt":{"rendered":"<p>TERT\u00daLIES LITER\u00c0RIES<br \/>\nLes tert\u00falies liter\u00e0ries dial\u00f2giques estan dedicades a la literatura cl\u00e0ssica universal. Ofereixen un espai enriquidor on l\u2019alumnat pot explorar i debatre els temes sorgits de la lectura. Aquestes sessions, basades en la discussi\u00f3 i intercanvi d&#8217;idees, s\u00f3n una oportunitat per fomentar el di\u00e0leg cr\u00edtic&hellip;  <a href=\"https:\/\/agora.xtec.cat\/ceipelturomontcada\/comunitat-daprenentatge\/tertulies-literaries\/\" title=\"Read Tert\u00falies liter\u00e0ries\">Llegeix m\u00e9s\u00bb<\/a><\/p>\n","protected":false},"author":1,"featured_media":0,"parent":18410,"menu_order":0,"comment_status":"closed","ping_status":"closed","template":"","meta":{"_bbp_topic_count":0,"_bbp_reply_count":0,"_bbp_total_topic_count":0,"_bbp_total_reply_count":0,"_bbp_voice_count":0,"_bbp_anonymous_reply_count":0,"_bbp_topic_count_hidden":0,"_bbp_reply_count_hidden":0,"_bbp_forum_subforum_count":0,"footnotes":""},"class_list":["post-18418","page","type-page","status-publish","hentry"],"post_mailing_queue_ids":[],"_links":{"self":[{"href":"https:\/\/agora.xtec.cat\/ceipelturomontcada\/wp-json\/wp\/v2\/pages\/18418","targetHints":{"allow":["GET"]}}],"collection":[{"href":"https:\/\/agora.xtec.cat\/ceipelturomontcada\/wp-json\/wp\/v2\/pages"}],"about":[{"href":"https:\/\/agora.xtec.cat\/ceipelturomontcada\/wp-json\/wp\/v2\/types\/page"}],"author":[{"embeddable":true,"href":"https:\/\/agora.xtec.cat\/ceipelturomontcada\/wp-json\/wp\/v2\/users\/1"}],"replies":[{"embeddable":true,"href":"https:\/\/agora.xtec.cat\/ceipelturomontcada\/wp-json\/wp\/v2\/comments?post=18418"}],"version-history":[{"count":5,"href":"https:\/\/agora.xtec.cat\/ceipelturomontcada\/wp-json\/wp\/v2\/pages\/18418\/revisions"}],"predecessor-version":[{"id":18642,"href":"https:\/\/agora.xtec.cat\/ceipelturomontcada\/wp-json\/wp\/v2\/pages\/18418\/revisions\/18642"}],"up":[{"embeddable":true,"href":"https:\/\/agora.xtec.cat\/ceipelturomontcada\/wp-json\/wp\/v2\/pages\/18410"}],"wp:attachment":[{"href":"https:\/\/agora.xtec.cat\/ceipelturomontcada\/wp-json\/wp\/v2\/media?parent=18418"}],"curies":[{"name":"wp","href":"https:\/\/api.w.org\/{rel}","templated":true}]}}