{"id":18416,"date":"2024-03-25T09:51:20","date_gmt":"2024-03-25T08:51:20","guid":{"rendered":"https:\/\/agora.xtec.cat\/ceipelturomontcada\/?page_id=18416"},"modified":"2024-03-25T11:00:01","modified_gmt":"2024-03-25T10:00:01","slug":"grups-interactius","status":"publish","type":"page","link":"https:\/\/agora.xtec.cat\/ceipelturomontcada\/comunitat-daprenentatge\/grups-interactius\/","title":{"rendered":"Grups interactius"},"content":{"rendered":"<p><b>GRUPS INTERACTIUS<\/b><\/p>\n<p>&nbsp;<\/p>\n<p><span style=\"font-weight: 400;\">Els <\/span><b>grups interactius<\/b><span style=\"font-weight: 400;\"> s\u00f3n una forma d&#8217;organitzaci\u00f3 de l&#8217;aula que dona els millors resultats en l&#8217;actualitat quant a la millora de l&#8217;aprenentatge i la conviv\u00e8ncia. Pel seu desenvolupament, es multipliquen i es diversifiquen les interaccions a la vegada que augmenta el temps de treball efectiu. S\u00f3n classes en petits grups heterogenis en el que es respecta el g\u00e8nere, l&#8217;idioma, les motivacions, el nivell d&#8217;aprenentatge i l&#8217;origen cultural. Cada grup est\u00e0 a c\u00e0rrec d&#8217;una persona adulta volunt\u00e0ria que facilita la interacci\u00f3, el di\u00e0leg i l&#8217;aprenentatge. El docent coordina les activitats i proporciona un suport. S\u00f3n grups de 4 a 6 alumnes amb canvis d&#8217;activitats curtes cada 15 o 20 minuts. Es caracteritza per ser una organitzaci\u00f3 inclusiva cap a l&#8217;alumnat. La interacci\u00f3 \u00e9s un factor clau a l&#8217;activitat; el moment de canvi de l&#8217;activitat influeix i genera un augment de motivaci\u00f3, involucrant-se en el treball i ajuda a l&#8217;alumnat a enfrontar-se a noves situacions i estimular el seu aprenentatge.\u00a0<\/span><\/p>\n<p>&nbsp;<\/p>\n<p><span style=\"font-weight: 400;\">BENEFICIS DELS GI<\/span><\/p>\n<p><span style=\"font-weight: 400;\">&#8211; Acceleraci\u00f3 dels aprenentatges.<\/span><\/p>\n<p><span style=\"font-weight: 400;\">&#8211; Millora de la conviv\u00e8ncia escolar.<\/span><\/p>\n<p><span style=\"font-weight: 400;\">&#8211; Potenciaci\u00f3 de la interrelaci\u00f3 entre els infants. \u00c9s potencia el di\u00e0leg igualitari.\u00a0<\/span><\/p>\n<p><span style=\"font-weight: 400;\">&#8211; Potenciaci\u00f3 del treball cooperatiu.<\/span><\/p>\n<p><span style=\"font-weight: 400;\">&#8211; Seguiment m\u00e9s individual dels infants.<\/span><\/p>\n<p><span style=\"font-weight: 400;\">&#8211; Potenciaci\u00f3 de les altes expectatives i l\u2019\u00e8xit escolar.\u00a0<\/span><\/p>\n<p><b>\u00a0V\u00cdDEO GI:\u00a0 <\/b><a href=\"https:\/\/www.youtube.com\/watch?v=mby5o0cQV1w\" target=\"_blank\" rel=\"noopener\"><b>https:\/\/www.youtube.com\/watch?v=mby5o0cQV1w<\/b><\/a><b>\u00a0<\/b><\/p>\n","protected":false},"excerpt":{"rendered":"<p>GRUPS INTERACTIUS<br \/>\n&nbsp;<br \/>\nEls grups interactius s\u00f3n una forma d&#8217;organitzaci\u00f3 de l&#8217;aula que dona els millors resultats en l&#8217;actualitat quant a la millora de l&#8217;aprenentatge i la conviv\u00e8ncia. Pel seu desenvolupament, es multipliquen i es diversifiquen les interaccions a la vegada que augmenta el temps de treball&hellip;  <a href=\"https:\/\/agora.xtec.cat\/ceipelturomontcada\/comunitat-daprenentatge\/grups-interactius\/\" title=\"Read Grups interactius\">Llegeix m\u00e9s\u00bb<\/a><\/p>\n","protected":false},"author":1,"featured_media":0,"parent":18410,"menu_order":0,"comment_status":"closed","ping_status":"closed","template":"","meta":{"_bbp_topic_count":0,"_bbp_reply_count":0,"_bbp_total_topic_count":0,"_bbp_total_reply_count":0,"_bbp_voice_count":0,"_bbp_anonymous_reply_count":0,"_bbp_topic_count_hidden":0,"_bbp_reply_count_hidden":0,"_bbp_forum_subforum_count":0,"footnotes":""},"class_list":["post-18416","page","type-page","status-publish","hentry"],"post_mailing_queue_ids":[],"_links":{"self":[{"href":"https:\/\/agora.xtec.cat\/ceipelturomontcada\/wp-json\/wp\/v2\/pages\/18416","targetHints":{"allow":["GET"]}}],"collection":[{"href":"https:\/\/agora.xtec.cat\/ceipelturomontcada\/wp-json\/wp\/v2\/pages"}],"about":[{"href":"https:\/\/agora.xtec.cat\/ceipelturomontcada\/wp-json\/wp\/v2\/types\/page"}],"author":[{"embeddable":true,"href":"https:\/\/agora.xtec.cat\/ceipelturomontcada\/wp-json\/wp\/v2\/users\/1"}],"replies":[{"embeddable":true,"href":"https:\/\/agora.xtec.cat\/ceipelturomontcada\/wp-json\/wp\/v2\/comments?post=18416"}],"version-history":[{"count":2,"href":"https:\/\/agora.xtec.cat\/ceipelturomontcada\/wp-json\/wp\/v2\/pages\/18416\/revisions"}],"predecessor-version":[{"id":18449,"href":"https:\/\/agora.xtec.cat\/ceipelturomontcada\/wp-json\/wp\/v2\/pages\/18416\/revisions\/18449"}],"up":[{"embeddable":true,"href":"https:\/\/agora.xtec.cat\/ceipelturomontcada\/wp-json\/wp\/v2\/pages\/18410"}],"wp:attachment":[{"href":"https:\/\/agora.xtec.cat\/ceipelturomontcada\/wp-json\/wp\/v2\/media?parent=18416"}],"curies":[{"name":"wp","href":"https:\/\/api.w.org\/{rel}","templated":true}]}}