{"id":558,"date":"2016-10-21T22:05:53","date_gmt":"2016-10-21T20:05:53","guid":{"rendered":"http:\/\/agora.xtec.cat\/ceipelstilers\/?page_id=558"},"modified":"2019-12-15T21:55:14","modified_gmt":"2019-12-15T20:55:14","slug":"historia-de-lescola","status":"publish","type":"page","link":"https:\/\/agora.xtec.cat\/ceipelstilers\/pagines-dinici\/historia-de-lescola\/","title":{"rendered":"Hist\u00f2ria"},"content":{"rendered":"<p style=\"text-align: justify;\">L&#8217;Ajuntament de La Mas\u00f3 sol\u2022licit\u00e0 a la Mancomunitat de Catalunya la participaci\u00f3 en un concurs p\u00fablic per a la construcci\u00f3 de noves escoles ja que reunia totes les condicions de les bases. Comptava amb 25 nens i nenes, l&#8217;Ajuntament cedia els terrenys i es comprometia a dotar-lo d&#8217;aigua, de llum i de tots els elements que fessin falta per a una escola moderna i plural. Aix\u00ed li va ser concedit per La Mancomunitat de Catalunya i va ser una de les quatre escoles model creades, essent les altres les de els Torms (Garrigues), Sant Lloren\u00e7 Savall (Vall\u00e8s Occidental) i Palau-saverdera (Alt Empord\u00e0), inaugurades totes abans del 1923.<\/p>\n<p style=\"text-align: justify;\">El terreny que ocuparia l&#8217;escola fou comprat a Ramon Palau i tenia una extensi\u00f3 de 380 m2. A principis de l&#8217;any 1919 l&#8217;edifici ja estava enllestit. La nova escola fou inaugurada el 19 de gener de 1919, a la inauguraci\u00f3 hi va assistir Eugeni d&#8217;Ors i Rovira (Barcelona, 28 de setembre de 1881 &#8211; Vilanova i la Geltr\u00fa, Garraf, 25 de setembre de 1954)<\/p>\n<p style=\"text-align: justify;\">Per iniciativa del president Enric Prat de la Riba i Sarr\u00e0 (Castellter\u00e7ol, 29 de novembre de 1870 &#8211; 1 d&#8217;agost de 1917), la Mancomunitat de Catalunya va inaugurar quatre escoles model, abans de l&#8217;adveniment de la dictadura, amb projectes d&#8217; Adolf Florensa i Ferrer (Lleida, 15 de maig de 1889 \u2013 Barcelona, 14 de juliol de 1968).<\/p>\n<p style=\"text-align: justify;\">L&#8217;escola de la Mas\u00f3 es project\u00e0 el 1914 i va ser la primera.Tamb\u00e9 \u00e9s el primer projecte de Florensa, que va obtenir el t\u00edtol d&#8217;arquitecte el gener d&#8217;aquell any.<\/p>\n<p style=\"text-align: justify;\">L&#8217;escola, encara en funcionament avui, \u00e9s un petit edifici d&#8217;estructura senzilla, teulada a dues aig\u00fces, porticat amb sis columnes d\u00f2riques de pedra i un r\u00e0fec que deixa l&#8217;embigat del porxo a la vista. L&#8217;envolta el pati d&#8217;esbarjo per a la canalla, amb arbres. Les obertures de portes i finestres s\u00f3n en fals arc i en punt rod\u00f3 i el s\u00f2col \u00e9s de pedra carejada. El projecte es va adjudicar el novembre de 1915, no es va acabar fins a principi de 1919 i a la inauguraci\u00f3, el 20 de gener de 1920, hi va assistir Eugeni d&#8217;Ors i Rovira (Barcelona, 28 de setembre de 1881 &#8211; Vilanova i la Geltr\u00fa, Garraf, 25 de setembre de 1954), llavors director d&#8217;Instrucci\u00f3 P\u00fablica de la Mancomunitat.<\/p>\n","protected":false},"excerpt":{"rendered":"<p>L&#8217;Ajuntament de La Mas\u00f3 sol\u2022licit\u00e0 a la Mancomunitat de Catalunya la participaci\u00f3 en un concurs p\u00fablic per a la construcci\u00f3 de noves escoles ja que reunia totes les condicions de les bases. Comptava amb 25 nens i nenes, l&#8217;Ajuntament cedia els terrenys i es comprometia a dotar-lo d&#8217;aigua, de llum i de tots els elements [&hellip;]<\/p>\n","protected":false},"author":1,"featured_media":0,"parent":7,"menu_order":2,"comment_status":"closed","ping_status":"closed","template":"page-templates\/side-menu.php","meta":{"_bbp_topic_count":0,"_bbp_reply_count":0,"_bbp_total_topic_count":0,"_bbp_total_reply_count":0,"_bbp_voice_count":0,"_bbp_anonymous_reply_count":0,"_bbp_topic_count_hidden":0,"_bbp_reply_count_hidden":0,"_bbp_forum_subforum_count":0,"site-sidebar-layout":"default","site-content-layout":"","ast-site-content-layout":"","site-content-style":"default","site-sidebar-style":"default","ast-global-header-display":"","ast-banner-title-visibility":"","ast-main-header-display":"","ast-hfb-above-header-display":"","ast-hfb-below-header-display":"","ast-hfb-mobile-header-display":"","site-post-title":"","ast-breadcrumbs-content":"","ast-featured-img":"","footer-sml-layout":"","theme-transparent-header-meta":"","adv-header-id-meta":"","stick-header-meta":"","header-above-stick-meta":"","header-main-stick-meta":"","header-below-stick-meta":"","astra-migrate-meta-layouts":"default","ast-page-background-enabled":"default","ast-page-background-meta":{"desktop":{"background-color":"var(--ast-global-color-4)","background-image":"","background-repeat":"repeat","background-position":"center center","background-size":"auto","background-attachment":"scroll","background-type":"","background-media":"","overlay-type":"","overlay-color":"","overlay-opacity":"","overlay-gradient":""},"tablet":{"background-color":"","background-image":"","background-repeat":"repeat","background-position":"center center","background-size":"auto","background-attachment":"scroll","background-type":"","background-media":"","overlay-type":"","overlay-color":"","overlay-opacity":"","overlay-gradient":""},"mobile":{"background-color":"","background-image":"","background-repeat":"repeat","background-position":"center center","background-size":"auto","background-attachment":"scroll","background-type":"","background-media":"","overlay-type":"","overlay-color":"","overlay-opacity":"","overlay-gradient":""}},"ast-content-background-meta":{"desktop":{"background-color":"var(--ast-global-color-5)","background-image":"","background-repeat":"repeat","background-position":"center center","background-size":"auto","background-attachment":"scroll","background-type":"","background-media":"","overlay-type":"","overlay-color":"","overlay-opacity":"","overlay-gradient":""},"tablet":{"background-color":"var(--ast-global-color-5)","background-image":"","background-repeat":"repeat","background-position":"center center","background-size":"auto","background-attachment":"scroll","background-type":"","background-media":"","overlay-type":"","overlay-color":"","overlay-opacity":"","overlay-gradient":""},"mobile":{"background-color":"var(--ast-global-color-5)","background-image":"","background-repeat":"repeat","background-position":"center center","background-size":"auto","background-attachment":"scroll","background-type":"","background-media":"","overlay-type":"","overlay-color":"","overlay-opacity":"","overlay-gradient":""}},"footnotes":""},"class_list":["post-558","page","type-page","status-publish","hentry"],"post_mailing_queue_ids":[],"_links":{"self":[{"href":"https:\/\/agora.xtec.cat\/ceipelstilers\/wp-json\/wp\/v2\/pages\/558","targetHints":{"allow":["GET"]}}],"collection":[{"href":"https:\/\/agora.xtec.cat\/ceipelstilers\/wp-json\/wp\/v2\/pages"}],"about":[{"href":"https:\/\/agora.xtec.cat\/ceipelstilers\/wp-json\/wp\/v2\/types\/page"}],"author":[{"embeddable":true,"href":"https:\/\/agora.xtec.cat\/ceipelstilers\/wp-json\/wp\/v2\/users\/1"}],"replies":[{"embeddable":true,"href":"https:\/\/agora.xtec.cat\/ceipelstilers\/wp-json\/wp\/v2\/comments?post=558"}],"version-history":[{"count":4,"href":"https:\/\/agora.xtec.cat\/ceipelstilers\/wp-json\/wp\/v2\/pages\/558\/revisions"}],"predecessor-version":[{"id":4626,"href":"https:\/\/agora.xtec.cat\/ceipelstilers\/wp-json\/wp\/v2\/pages\/558\/revisions\/4626"}],"up":[{"embeddable":true,"href":"https:\/\/agora.xtec.cat\/ceipelstilers\/wp-json\/wp\/v2\/pages\/7"}],"wp:attachment":[{"href":"https:\/\/agora.xtec.cat\/ceipelstilers\/wp-json\/wp\/v2\/media?parent=558"}],"curies":[{"name":"wp","href":"https:\/\/api.w.org\/{rel}","templated":true}]}}