{"id":4502,"date":"2019-07-30T18:12:05","date_gmt":"2019-07-30T16:12:05","guid":{"rendered":"http:\/\/agora.xtec.cat\/ceipelstilers\/?page_id=4502"},"modified":"2019-09-24T12:57:15","modified_gmt":"2019-09-24T10:57:15","slug":"qui-som","status":"publish","type":"page","link":"https:\/\/agora.xtec.cat\/ceipelstilers\/pagines-dinici\/qui-som\/","title":{"rendered":"Qui som"},"content":{"rendered":"<h4><strong><span style=\"text-decoration: underline;\">L&#8217;escola<\/span><\/strong><\/h4>\n<p>L&#8217;escola Els Til\u00b7lers, som una petita escola rural que forma part de la ZER Francol\u00ed.<\/p>\n<p>Som un centre unitari format per dos grups, acompanyats per dues mestres, la Carol, per al grup dels petits i l&#8217;Aurora, per al grup dels grans.<\/p>\n<p>Tamb\u00e9 hi intervenen altres mestres que compartim amb les altres tres escoles de la ZER, elles s\u00f3n la N\u00faria, la mestra d&#8217;educaci\u00f3 f\u00edsica, la Bel\u00e9n, la mestra de m\u00fasica, la Marta, la mestra d&#8217;angl\u00e8s, i l&#8217;Esther, la mestra de suport i de religi\u00f3 per als alumnes que demanen aquesta opci\u00f3.<\/p>\n<p>&nbsp;<\/p>\n<h4><span style=\"text-decoration: underline;\">La ZER<\/span><\/h4>\n<p>L&#8217;escola Els Til\u00b7lers forma part de la ZER el Francol\u00b7l\u00ed.<\/p>\n<p>Una ZER \u00e9s un grup d&#8217;escoles petites, generalment properes, que decideixen tirar endavant un projecte educatiu com\u00fa.<\/p>\n<p>La creaci\u00f3 de les ZERS, al mateix temps que ha perm\u00e8s als mestres superar l&#8217;a\u00efllament que es patia a les escoles rurals, ha facilitat poder comptar amb els mateixos especialistes que una escola ordin\u00e0ria, i sobretot que les nenes i els nens que viuen en pobles petits puguin compartir aprenentatges i amistat amb altres nenes i nens que viuen en pobles propers.<\/p>\n<p>La Zona Escolar Rural Francol\u00ed est\u00e0 situada a la comarca de l\u2019Alt Camp dins la prov\u00edncia de Tarragona i est\u00e0 formada per quatre escoles rurals:<\/p>\n<ul>\n<li><a href=\"https:\/\/agora.xtec.cat\/escola-elboscmontral\/\"><strong>Escola El Bosc<\/strong><\/a> del municipi de Mont-ral<\/li>\n<li><a href=\"https:\/\/agora.xtec.cat\/esclariba\/\"><strong>Escola de la Riba<\/strong><\/a> del municipi de la Riba<\/li>\n<li><a href=\"https:\/\/agora.xtec.cat\/escola-rocabruna\/\"><strong>Escola Rocabruna<\/strong><\/a> del municipi de Valls<\/li>\n<li><a href=\"https:\/\/agora.xtec.cat\/ceipelstilers\/\"><strong>Escola Els Til.lers<\/strong><\/a> del municipi de la Mas\u00f3<\/li>\n<\/ul>\n<p>Son quatre escoles d\u2019entorns diversos que volen compartir un projecte i un model educatiu. Als centres s\u2019imparteixen els nivells educatius d\u2019Infantil i Prim\u00e0ria. La ZER disposa tamb\u00e9 de mestres especialistes que s\u00f3n itinerants ( mestre\/a de m\u00fasica, mestre\/a d\u2019educaci\u00f3 f\u00edsica i mestre\/a d\u2019angl\u00e8s ).<\/p>\n<p>Les quatre escoles tenen uns trets d\u2019identitat que les caracteritzen. Es tracta d&#8217;escoles catalanes, p\u00fabliques i obertes a tothom, amb unes metodologies respectuoses amb els ritmes i els processos interns dels infants. El prop\u00f2sit \u00e9s el desenvolupament de les compet\u00e8ncies per la vida, aquelles que ens serveixen per poder donar resposta als reptes individuals i col\u00b7lectius. Es tracta d&#8217;una ZER compromesa amb el canvi educatiu i per aix\u00f2 s\u00f3n un centres que estan dins el programa d\u2019Escola Nova 21. El programa d\u2019escola nova 21 proposa una transformaci\u00f3 del sistema educatiu per tal que s\u2019actualitzi, adoptant plenament un prop\u00f2sit dirigit a desenvolupar compet\u00e8ncies per a la vida en el nostre context hist\u00f2ric i unes pr\u00e0ctiques d\u2019aprenentatge fonamentades en el coneixement existent de com les persones aprenem.<\/p>\n","protected":false},"excerpt":{"rendered":"<p>L&#8217;escola L&#8217;escola Els Til\u00b7lers, som una petita escola rural que forma part de la ZER Francol\u00ed. Som un centre unitari format per dos grups, acompanyats per dues mestres, la Carol, per al grup dels petits i l&#8217;Aurora, per al grup dels grans. Tamb\u00e9 hi intervenen altres mestres que compartim amb les altres tres escoles de [&hellip;]<\/p>\n","protected":false},"author":1,"featured_media":0,"parent":7,"menu_order":3,"comment_status":"closed","ping_status":"closed","template":"page-templates\/side-menu.php","meta":{"_bbp_topic_count":0,"_bbp_reply_count":0,"_bbp_total_topic_count":0,"_bbp_total_reply_count":0,"_bbp_voice_count":0,"_bbp_anonymous_reply_count":0,"_bbp_topic_count_hidden":0,"_bbp_reply_count_hidden":0,"_bbp_forum_subforum_count":0,"site-sidebar-layout":"default","site-content-layout":"","ast-site-content-layout":"","site-content-style":"default","site-sidebar-style":"default","ast-global-header-display":"","ast-banner-title-visibility":"","ast-main-header-display":"","ast-hfb-above-header-display":"","ast-hfb-below-header-display":"","ast-hfb-mobile-header-display":"","site-post-title":"","ast-breadcrumbs-content":"","ast-featured-img":"","footer-sml-layout":"","theme-transparent-header-meta":"","adv-header-id-meta":"","stick-header-meta":"","header-above-stick-meta":"","header-main-stick-meta":"","header-below-stick-meta":"","astra-migrate-meta-layouts":"default","ast-page-background-enabled":"default","ast-page-background-meta":{"desktop":{"background-color":"var(--ast-global-color-4)","background-image":"","background-repeat":"repeat","background-position":"center center","background-size":"auto","background-attachment":"scroll","background-type":"","background-media":"","overlay-type":"","overlay-color":"","overlay-opacity":"","overlay-gradient":""},"tablet":{"background-color":"","background-image":"","background-repeat":"repeat","background-position":"center center","background-size":"auto","background-attachment":"scroll","background-type":"","background-media":"","overlay-type":"","overlay-color":"","overlay-opacity":"","overlay-gradient":""},"mobile":{"background-color":"","background-image":"","background-repeat":"repeat","background-position":"center center","background-size":"auto","background-attachment":"scroll","background-type":"","background-media":"","overlay-type":"","overlay-color":"","overlay-opacity":"","overlay-gradient":""}},"ast-content-background-meta":{"desktop":{"background-color":"var(--ast-global-color-5)","background-image":"","background-repeat":"repeat","background-position":"center center","background-size":"auto","background-attachment":"scroll","background-type":"","background-media":"","overlay-type":"","overlay-color":"","overlay-opacity":"","overlay-gradient":""},"tablet":{"background-color":"var(--ast-global-color-5)","background-image":"","background-repeat":"repeat","background-position":"center center","background-size":"auto","background-attachment":"scroll","background-type":"","background-media":"","overlay-type":"","overlay-color":"","overlay-opacity":"","overlay-gradient":""},"mobile":{"background-color":"var(--ast-global-color-5)","background-image":"","background-repeat":"repeat","background-position":"center center","background-size":"auto","background-attachment":"scroll","background-type":"","background-media":"","overlay-type":"","overlay-color":"","overlay-opacity":"","overlay-gradient":""}},"footnotes":""},"class_list":["post-4502","page","type-page","status-publish","hentry"],"post_mailing_queue_ids":[],"_links":{"self":[{"href":"https:\/\/agora.xtec.cat\/ceipelstilers\/wp-json\/wp\/v2\/pages\/4502","targetHints":{"allow":["GET"]}}],"collection":[{"href":"https:\/\/agora.xtec.cat\/ceipelstilers\/wp-json\/wp\/v2\/pages"}],"about":[{"href":"https:\/\/agora.xtec.cat\/ceipelstilers\/wp-json\/wp\/v2\/types\/page"}],"author":[{"embeddable":true,"href":"https:\/\/agora.xtec.cat\/ceipelstilers\/wp-json\/wp\/v2\/users\/1"}],"replies":[{"embeddable":true,"href":"https:\/\/agora.xtec.cat\/ceipelstilers\/wp-json\/wp\/v2\/comments?post=4502"}],"version-history":[{"count":3,"href":"https:\/\/agora.xtec.cat\/ceipelstilers\/wp-json\/wp\/v2\/pages\/4502\/revisions"}],"predecessor-version":[{"id":4618,"href":"https:\/\/agora.xtec.cat\/ceipelstilers\/wp-json\/wp\/v2\/pages\/4502\/revisions\/4618"}],"up":[{"embeddable":true,"href":"https:\/\/agora.xtec.cat\/ceipelstilers\/wp-json\/wp\/v2\/pages\/7"}],"wp:attachment":[{"href":"https:\/\/agora.xtec.cat\/ceipelstilers\/wp-json\/wp\/v2\/media?parent=4502"}],"curies":[{"name":"wp","href":"https:\/\/api.w.org\/{rel}","templated":true}]}}