{"id":4500,"date":"2019-07-30T18:11:19","date_gmt":"2019-07-30T16:11:19","guid":{"rendered":"http:\/\/agora.xtec.cat\/ceipelstilers\/?page_id=4500"},"modified":"2019-08-28T01:29:45","modified_gmt":"2019-08-27T23:29:45","slug":"on-som","status":"publish","type":"page","link":"https:\/\/agora.xtec.cat\/ceipelstilers\/pagines-dinici\/on-som\/","title":{"rendered":"On som"},"content":{"rendered":"<p><span style=\"color: #000000;\">L&#8217;escola Els Til\u00b7lers, est\u00e0 situada a la poblaci\u00f3 de La Mas\u00f3.<\/span><\/p>\n<p><span style=\"color: #000000;\">Actualment, La Mas\u00f3, t\u00e9 una poblaci\u00f3 de 288 habitants, la majoria, d\u2019edat avan\u00e7ada, que no desenvolupa cap tipus d\u2019activitat. Tot i aix\u00ed, l\u2019activitat econ\u00f2mica principal que es desenvolupa al poble \u00e9s l\u2019agricultura, seguit dels serveis, sent inexistent cap mena d\u2019activitat industrial.<\/span><\/p>\n<p><span style=\"color: #000000;\">La majoria de la poblaci\u00f3 en edat activa treballa en ciutats pr\u00f2ximes al municipi, com ara Valls, Tarragona o Reus, amb les quals La Mas\u00f3 est\u00e0 molt ben comunicada per l\u2019autovia A-27.<\/span><\/p>\n<p><a href=\"http:\/\/www.maso.altanet.org\/coneixer\/municipi\"><span style=\"color: #33cccc;\">http:\/\/www.maso.altanet.org\/coneixer\/municipi<\/span><\/a><\/p>\n<p>&nbsp;<\/p>\n","protected":false},"excerpt":{"rendered":"<p>L&#8217;escola Els Til\u00b7lers, est\u00e0 situada a la poblaci\u00f3 de La Mas\u00f3. Actualment, La Mas\u00f3, t\u00e9 una poblaci\u00f3 de 288 habitants, la majoria, d\u2019edat avan\u00e7ada, que no desenvolupa cap tipus d\u2019activitat. Tot i aix\u00ed, l\u2019activitat econ\u00f2mica principal que es desenvolupa al poble \u00e9s l\u2019agricultura, seguit dels serveis, sent inexistent cap mena d\u2019activitat industrial. La majoria de [&hellip;]<\/p>\n","protected":false},"author":1,"featured_media":0,"parent":7,"menu_order":1,"comment_status":"closed","ping_status":"closed","template":"page-templates\/side-menu.php","meta":{"_bbp_topic_count":0,"_bbp_reply_count":0,"_bbp_total_topic_count":0,"_bbp_total_reply_count":0,"_bbp_voice_count":0,"_bbp_anonymous_reply_count":0,"_bbp_topic_count_hidden":0,"_bbp_reply_count_hidden":0,"_bbp_forum_subforum_count":0,"site-sidebar-layout":"default","site-content-layout":"","ast-site-content-layout":"","site-content-style":"default","site-sidebar-style":"default","ast-global-header-display":"","ast-banner-title-visibility":"","ast-main-header-display":"","ast-hfb-above-header-display":"","ast-hfb-below-header-display":"","ast-hfb-mobile-header-display":"","site-post-title":"","ast-breadcrumbs-content":"","ast-featured-img":"","footer-sml-layout":"","theme-transparent-header-meta":"","adv-header-id-meta":"","stick-header-meta":"","header-above-stick-meta":"","header-main-stick-meta":"","header-below-stick-meta":"","astra-migrate-meta-layouts":"default","ast-page-background-enabled":"default","ast-page-background-meta":{"desktop":{"background-color":"var(--ast-global-color-4)","background-image":"","background-repeat":"repeat","background-position":"center center","background-size":"auto","background-attachment":"scroll","background-type":"","background-media":"","overlay-type":"","overlay-color":"","overlay-opacity":"","overlay-gradient":""},"tablet":{"background-color":"","background-image":"","background-repeat":"repeat","background-position":"center center","background-size":"auto","background-attachment":"scroll","background-type":"","background-media":"","overlay-type":"","overlay-color":"","overlay-opacity":"","overlay-gradient":""},"mobile":{"background-color":"","background-image":"","background-repeat":"repeat","background-position":"center center","background-size":"auto","background-attachment":"scroll","background-type":"","background-media":"","overlay-type":"","overlay-color":"","overlay-opacity":"","overlay-gradient":""}},"ast-content-background-meta":{"desktop":{"background-color":"var(--ast-global-color-5)","background-image":"","background-repeat":"repeat","background-position":"center center","background-size":"auto","background-attachment":"scroll","background-type":"","background-media":"","overlay-type":"","overlay-color":"","overlay-opacity":"","overlay-gradient":""},"tablet":{"background-color":"var(--ast-global-color-5)","background-image":"","background-repeat":"repeat","background-position":"center center","background-size":"auto","background-attachment":"scroll","background-type":"","background-media":"","overlay-type":"","overlay-color":"","overlay-opacity":"","overlay-gradient":""},"mobile":{"background-color":"var(--ast-global-color-5)","background-image":"","background-repeat":"repeat","background-position":"center center","background-size":"auto","background-attachment":"scroll","background-type":"","background-media":"","overlay-type":"","overlay-color":"","overlay-opacity":"","overlay-gradient":""}},"footnotes":""},"class_list":["post-4500","page","type-page","status-publish","hentry"],"post_mailing_queue_ids":[],"_links":{"self":[{"href":"https:\/\/agora.xtec.cat\/ceipelstilers\/wp-json\/wp\/v2\/pages\/4500","targetHints":{"allow":["GET"]}}],"collection":[{"href":"https:\/\/agora.xtec.cat\/ceipelstilers\/wp-json\/wp\/v2\/pages"}],"about":[{"href":"https:\/\/agora.xtec.cat\/ceipelstilers\/wp-json\/wp\/v2\/types\/page"}],"author":[{"embeddable":true,"href":"https:\/\/agora.xtec.cat\/ceipelstilers\/wp-json\/wp\/v2\/users\/1"}],"replies":[{"embeddable":true,"href":"https:\/\/agora.xtec.cat\/ceipelstilers\/wp-json\/wp\/v2\/comments?post=4500"}],"version-history":[{"count":2,"href":"https:\/\/agora.xtec.cat\/ceipelstilers\/wp-json\/wp\/v2\/pages\/4500\/revisions"}],"predecessor-version":[{"id":4557,"href":"https:\/\/agora.xtec.cat\/ceipelstilers\/wp-json\/wp\/v2\/pages\/4500\/revisions\/4557"}],"up":[{"embeddable":true,"href":"https:\/\/agora.xtec.cat\/ceipelstilers\/wp-json\/wp\/v2\/pages\/7"}],"wp:attachment":[{"href":"https:\/\/agora.xtec.cat\/ceipelstilers\/wp-json\/wp\/v2\/media?parent=4500"}],"curies":[{"name":"wp","href":"https:\/\/api.w.org\/{rel}","templated":true}]}}