{"id":4488,"date":"2019-07-30T17:46:47","date_gmt":"2019-07-30T15:46:47","guid":{"rendered":"http:\/\/agora.xtec.cat\/ceipelstilers\/?page_id=4488"},"modified":"2019-10-17T22:36:10","modified_gmt":"2019-10-17T20:36:10","slug":"per-saber-ne-mes","status":"publish","type":"page","link":"https:\/\/agora.xtec.cat\/ceipelstilers\/per-saber-ne-mes\/","title":{"rendered":"PER SABER-NE M\u00c9S"},"content":{"rendered":"<p>En aquesta p\u00e0gina us anirem posant aquells llibres i articles que anem descobrint per saber m\u00e9s coses sobre educaci\u00f3, crian\u00e7a i altres&#8230;<\/p>\n<p><strong>Llibres<\/strong><\/p>\n<ul style=\"list-style-type: disc;\">\n<li>BUENO I TORRENS, David. <em>Neuroci\u00e8ncia per a educadors. <\/em>Associaci\u00f3 de mestres Rosa Sensat.<\/li>\n<li>CARVALLO MARQUEZ, Anna; PORTERO TRESSERRA, Marta. <em>10 ideas clave: Neurociencia y eduaci\u00f3n.<\/em> Gra\u00f3.<\/li>\n<li>GONZ\u00c1LEZ, Carlos; <em>Omple&#8217;m de petons. <\/em>Angle Editorial.<\/li>\n<li>JUUL, Jesper. <em>El seu fill, una persona competent: Cap als nous valors b\u00e0sics de la fam\u00edlia.<\/em> Herder.<\/li>\n<li>JUUL, Jesper. <em>L&#8217;art de dir no, per amor. <\/em>Herder.<\/li>\n<li>JUUL, Jesper. <em>La familia competente. <\/em>Herder.<\/li>\n<li>WILD, Rebeca. <em>Educar per Ser. <\/em>Herder.<\/li>\n<li>WILD, Rebeca. Qualitat de vida<em>. <\/em>Herder.<\/li>\n<li>WILD, Rebeca. <em>Llibertat i l\u00edmits. Amor i respecte. <\/em>Herder.<\/li>\n<li>WILD, Rebeca. <em>Aprendre a viure amb nens. <\/em>Herder.<\/li>\n<li>WILD, Rebeca. <em>La vida en una escuela no directiva. <\/em>Herder.<\/li>\n<li>WILD, Rebeca. <em>Etapas del desarrollo. <\/em>Herder.<\/li>\n<\/ul>\n<p><strong>Articles<\/strong><\/p>\n<ul>\n<li><a href=\"https:\/\/terramater.es\/la-educacion-infantil-en-europa-jugar-todo-el-tiempo-y-aprender-a-leer-a-los-7-anos\/?fbclid=IwAR1IfKE_lS4RgVLY3ahKs_VrZk49e2tvdyaM5WRopOj-jubPGwDVv1DwIyQ\">La Educaci\u00f3n Infantil en Europa: jugar todo el tiempo y aprender a leer a los 7 a\u00f1os<\/a><\/li>\n<li><a href=\"https:\/\/www.lavozdegalicia.es\/noticia\/educacion\/2015\/04\/07\/deberes-equivocacion-pedagogica-abuso\/00031428264968120321927.htm?fbclid=IwAR3X1YIu4URNgdrpIdhctPTTvZU0ROhfxM65HhXar2kkhocNYmo268at2M8\">Francesco Tonucci:\u00a0\u00abLos deberes son una equivocaci\u00f3n pedag\u00f3gica y un abuso\u00bb<\/a><\/li>\n<li><a href=\"http:\/\/diarieducacio.cat\/blogs\/educaciolocal\/2018\/05\/22\/el-que-no-sapren-a-primer-ja-saprendra-a-segon-anar-amb-calma-no-es-perdre-temps-es-respectar-el-ritme-del-cervell\/?fbclid=IwAR1T06cv12boUiFr3jJ1obEvk_dQ5C8WboJvPAupuR-yiNw3ceT1GhrDI7I\">David Bueno: \u201cEl que no s\u2019apr\u00e8n a primer, s\u2019aprendr\u00e0 a segon: anar amb calma no \u00e9s perdre temps, \u00e9s respectar el ritme del cervell\u201d<\/a><\/li>\n<li><a href=\"https:\/\/www.catorze.cat\/noticia\/10409\/david\/bueno\/musica\/plastica\/educacio\/fisica\/haurien\/ser\/assignatures\/principals?fbclid=IwAR3HxsALHpsIIMLCb-O6qUDXcTC_BFj9eEpp4T2sx1A2myM8RPkn4DtuPIQ\">David Bueno: \u00abM\u00fasica, pl\u00e0stica i educaci\u00f3 f\u00edsica haurien de ser les assignatures principals\u00bb<\/a><\/li>\n<li><a href=\"https:\/\/criatures.ara.cat\/opinio\/infants-Tenen-dret-avorrir-se_0_2084791509.html?utm_medium=social&amp;utm_source=facebook&amp;utm_campaign=ara\">Tenen dret a avorrir-se<\/a><\/li>\n<li><a href=\"https:\/\/www.tamarachubarovsky.com\/2019\/04\/10\/mejor-jugar-que-lectoescritura-en-menores-de-6-anos\/?fbclid=IwAR3jgmfZRyWVDM_PwzM_oqjaiPUQYC8bWgT2KCFELTE_w2mgt7PSehrA3Gk\">Mejor jugar que lectoescritura en menores de 6 a\u00f1os<\/a><\/li>\n<li><a href=\"https:\/\/www.ara.cat\/societat\/consum-porno-menors_0_2250375031.html\">Els nens topen amb el porno als 8 anys i als 14 en s\u00f3n consumidors regulars<\/a><\/li>\n<li>\n<p id=\"articulo-titulo\" class=\"articulo-titulo \"><a href=\"https:\/\/elpais.com\/sociedad\/2019\/10\/15\/actualidad\/1571167287_185798.html\">Salman Khan \u201cLa escuela tradicional no responde al funcionamiento del cerebro\u201d<\/a><\/p>\n<\/li>\n<\/ul>\n","protected":false},"excerpt":{"rendered":"<p>En aquesta p\u00e0gina us anirem posant aquells llibres i articles que anem descobrint per saber m\u00e9s coses sobre educaci\u00f3, crian\u00e7a i altres&#8230; Llibres BUENO I TORRENS, David. Neuroci\u00e8ncia per a educadors. Associaci\u00f3 de mestres Rosa Sensat. CARVALLO MARQUEZ, Anna; PORTERO TRESSERRA, Marta. 10 ideas clave: Neurociencia y eduaci\u00f3n. Gra\u00f3. GONZ\u00c1LEZ, Carlos; Omple&#8217;m de petons. Angle [&hellip;]<\/p>\n","protected":false},"author":1,"featured_media":0,"parent":0,"menu_order":5,"comment_status":"closed","ping_status":"closed","template":"page-templates\/side-menu.php","meta":{"_bbp_topic_count":0,"_bbp_reply_count":0,"_bbp_total_topic_count":0,"_bbp_total_reply_count":0,"_bbp_voice_count":0,"_bbp_anonymous_reply_count":0,"_bbp_topic_count_hidden":0,"_bbp_reply_count_hidden":0,"_bbp_forum_subforum_count":0,"site-sidebar-layout":"default","site-content-layout":"","ast-site-content-layout":"","site-content-style":"default","site-sidebar-style":"default","ast-global-header-display":"","ast-banner-title-visibility":"","ast-main-header-display":"","ast-hfb-above-header-display":"","ast-hfb-below-header-display":"","ast-hfb-mobile-header-display":"","site-post-title":"","ast-breadcrumbs-content":"","ast-featured-img":"","footer-sml-layout":"","theme-transparent-header-meta":"","adv-header-id-meta":"","stick-header-meta":"","header-above-stick-meta":"","header-main-stick-meta":"","header-below-stick-meta":"","astra-migrate-meta-layouts":"default","ast-page-background-enabled":"default","ast-page-background-meta":{"desktop":{"background-color":"var(--ast-global-color-4)","background-image":"","background-repeat":"repeat","background-position":"center center","background-size":"auto","background-attachment":"scroll","background-type":"","background-media":"","overlay-type":"","overlay-color":"","overlay-opacity":"","overlay-gradient":""},"tablet":{"background-color":"","background-image":"","background-repeat":"repeat","background-position":"center center","background-size":"auto","background-attachment":"scroll","background-type":"","background-media":"","overlay-type":"","overlay-color":"","overlay-opacity":"","overlay-gradient":""},"mobile":{"background-color":"","background-image":"","background-repeat":"repeat","background-position":"center center","background-size":"auto","background-attachment":"scroll","background-type":"","background-media":"","overlay-type":"","overlay-color":"","overlay-opacity":"","overlay-gradient":""}},"ast-content-background-meta":{"desktop":{"background-color":"var(--ast-global-color-5)","background-image":"","background-repeat":"repeat","background-position":"center center","background-size":"auto","background-attachment":"scroll","background-type":"","background-media":"","overlay-type":"","overlay-color":"","overlay-opacity":"","overlay-gradient":""},"tablet":{"background-color":"var(--ast-global-color-5)","background-image":"","background-repeat":"repeat","background-position":"center center","background-size":"auto","background-attachment":"scroll","background-type":"","background-media":"","overlay-type":"","overlay-color":"","overlay-opacity":"","overlay-gradient":""},"mobile":{"background-color":"var(--ast-global-color-5)","background-image":"","background-repeat":"repeat","background-position":"center center","background-size":"auto","background-attachment":"scroll","background-type":"","background-media":"","overlay-type":"","overlay-color":"","overlay-opacity":"","overlay-gradient":""}},"footnotes":""},"class_list":["post-4488","page","type-page","status-publish","hentry"],"post_mailing_queue_ids":[],"_links":{"self":[{"href":"https:\/\/agora.xtec.cat\/ceipelstilers\/wp-json\/wp\/v2\/pages\/4488","targetHints":{"allow":["GET"]}}],"collection":[{"href":"https:\/\/agora.xtec.cat\/ceipelstilers\/wp-json\/wp\/v2\/pages"}],"about":[{"href":"https:\/\/agora.xtec.cat\/ceipelstilers\/wp-json\/wp\/v2\/types\/page"}],"author":[{"embeddable":true,"href":"https:\/\/agora.xtec.cat\/ceipelstilers\/wp-json\/wp\/v2\/users\/1"}],"replies":[{"embeddable":true,"href":"https:\/\/agora.xtec.cat\/ceipelstilers\/wp-json\/wp\/v2\/comments?post=4488"}],"version-history":[{"count":3,"href":"https:\/\/agora.xtec.cat\/ceipelstilers\/wp-json\/wp\/v2\/pages\/4488\/revisions"}],"predecessor-version":[{"id":4625,"href":"https:\/\/agora.xtec.cat\/ceipelstilers\/wp-json\/wp\/v2\/pages\/4488\/revisions\/4625"}],"wp:attachment":[{"href":"https:\/\/agora.xtec.cat\/ceipelstilers\/wp-json\/wp\/v2\/media?parent=4488"}],"curies":[{"name":"wp","href":"https:\/\/api.w.org\/{rel}","templated":true}]}}