{"id":34,"date":"2014-09-18T12:32:18","date_gmt":"2014-09-18T10:32:18","guid":{"rendered":"http:\/\/agora.xtec.cat\/ceipelssetfocs\/?page_id=34"},"modified":"2021-03-18T23:56:03","modified_gmt":"2021-03-18T22:56:03","slug":"oferta-educativa","status":"publish","type":"page","link":"https:\/\/agora.xtec.cat\/ceipelssetfocs\/lescola\/preinscripcio-2025-2026\/oferta-educativa\/","title":{"rendered":"Oferta educativa"},"content":{"rendered":"<div class=\"panel-heading\">\n<h5><img loading=\"lazy\" decoding=\"async\" class=\"size-medium wp-image-3551 aligncenter\" src=\"https:\/\/agora.xtec.cat\/ceipelssetfocs\/wp-content\/uploads\/usu1477\/2021\/03\/preins2021-300x95.jpg\" alt=\"\" width=\"300\" height=\"95\" srcset=\"https:\/\/agora.xtec.cat\/ceipelssetfocs\/wp-content\/uploads\/usu1477\/2021\/03\/preins2021-300x95.jpg 300w, https:\/\/agora.xtec.cat\/ceipelssetfocs\/wp-content\/uploads\/usu1477\/2021\/03\/preins2021.jpg 500w\" sizes=\"auto, (max-width: 300px) 100vw, 300px\" \/><\/h5>\n<h5><a href=\"https:\/\/agora.xtec.cat\/ceipelssetfocs\/wp-content\/uploads\/usu1477\/2021\/03\/INFORME_OFERTA_OME_INFORME_OFERTA-4.pdf\">OFERTA INICIAL DE PLACES PER AL CURS 2021 &#8211; 2022<\/a><\/h5>\n<h5><span style=\"text-decoration: underline;\"><em>Qu\u00e8 necessites per fer la preinscripci\u00f3<\/em><\/span><em>?\u00a0<\/em><\/h5>\n<ul>\n<li><strong>Ordinador, tauleta o tel\u00e8fon m\u00f2bil amb connexi\u00f3 a Internet:<\/strong><\/li>\n<\/ul>\n<p>En el proc\u00e9s de preinscripci\u00f3 d&#8217;aquest any, <span style=\"text-decoration: underline;\">la sol\u00b7licitud de preinscripci\u00f3 \u00e9s electr\u00f2nica<\/span> i es pot fer des de qualsevol ordinador, tauleta o m\u00f2bil connectats a Internet, accedint al web <a href=\"http:\/\/preinscripcio.gencat.cat\/\">gencat.cat<\/a><\/p>\n<ul>\n<li><strong>Eina d&#8217;identificaci\u00f3 digital:<\/strong><\/li>\n<\/ul>\n<p>\u00c9s m\u00e9s segur que quan facis el tr\u00e0mit (el pare, la mare o el tutor o tutora que faci el tr\u00e0mit) tinguis una eina d&#8217;identificaci\u00f3 digital com el DNI electr\u00f2nic, la T-CAT, el sistema Cl@ve o l&#8217;<a href=\"https:\/\/web.gencat.cat\/ca\/tramits\/que-cal-fer-si\/Vull-identificar-me-digitalment\/idcat-mobil\/\">idCAT M\u00f2bil<\/a>.<\/p>\n<ul>\n<li><strong>Documentaci\u00f3 identificativa:\u00a0<\/strong><\/li>\n<\/ul>\n<p>Si no tens identificador digital, cal que adjuntis el llibre de fam\u00edlia i el document d&#8217;identitat (del pare, la mare o el tutor o tutora que presenta la sol\u00b7licitud): DNI, NIE, passaport o document d&#8217;identitat d&#8217;un pa\u00eds membre de la Uni\u00f3 Europea.<\/p>\n<h5><span style=\"text-decoration: underline;\">Com es fa i com es presenta la sol\u00b7licitud de preinscripci\u00f3?<\/span><\/h5>\n<ol>\n<li>Ves al formulari de <a href=\"https:\/\/preinscripcio.gencat.cat\/ca\/estudis\/infantil-3-6\/preinscriute\/sollicitud\/\">preinscripci\u00f3 electr\u00f2nic<\/a> (amb identificaci\u00f3 digital) o en suport inform\u00e0tic (en aquest darrer cas has d&#8217;adjuntar el teu document identificatiu i tamb\u00e9 el de filiaci\u00f3, per seguretat).<\/li>\n<li>Obre el formulari de preinscripci\u00f3.<\/li>\n<li>Especifica els centres on t&#8217;agradaria obtenir pla\u00e7a (fins a 10).<\/li>\n<li>Marca els criteris de prioritat que vulguis al\u00b7legar (si t\u00e9 germans o germanes al mateix centre, la proximitat del domicili de resid\u00e8ncia, etc.).<\/li>\n<li>Adjunta tota la documentaci\u00f3 escanejada o fotografiada que es requereixi.<\/li>\n<li>Envia la sol\u00b7licitud de preinscripci\u00f3.<\/li>\n<\/ol>\n<h2 class=\"panel-title\" style=\"text-align: center;\"><iframe loading=\"lazy\" src=\"\/\/www.youtube.com\/embed\/OuhbC06EQSs\" width=\"560\" height=\"314\"><\/iframe><\/h2>\n<\/div>\n<div id=\"acordio-tramits-1\" class=\"panel-collapse collapse in\">\n<div class=\"panel-body\">\n<p>&nbsp;<\/p>\n<\/div>\n<\/div>\n<p>&nbsp;<\/p>\n","protected":false},"excerpt":{"rendered":"<p><a href=\"https:\/\/agora.xtec.cat\/ceipelssetfocs\/wp-content\/uploads\/usu1477\/2021\/03\/INFORME_OFERTA_OME_INFORME_OFERTA-4.pdf\">OFERTA INICIAL DE PLACES PER AL CURS 2021 &#8211; 2022<\/a><br \/>\nQu\u00e8 necessites per fer la preinscripci\u00f3?\u00a0<\/p>\n<ul>\n<li>Ordinador, tauleta o tel\u00e8fon m\u00f2bil amb connexi\u00f3 a Internet:<\/li>\n<\/ul>\n<p>En el proc\u00e9s de preinscripci\u00f3 d&#8217;aquest any, la sol\u00b7licitud de preinscripci\u00f3 \u00e9s electr\u00f2nica i es pot fer des de qualsevol ordinador, tauleta&hellip;  <a href=\"https:\/\/agora.xtec.cat\/ceipelssetfocs\/lescola\/preinscripcio-2025-2026\/oferta-educativa\/\" title=\"Read Oferta educativa\">Llegeix m\u00e9s\u00bb<\/a><\/p>\n","protected":false},"author":1,"featured_media":0,"parent":3064,"menu_order":6,"comment_status":"closed","ping_status":"closed","template":"page-templates\/front-page.php","meta":{"_bbp_topic_count":0,"_bbp_reply_count":0,"_bbp_total_topic_count":0,"_bbp_total_reply_count":0,"_bbp_voice_count":0,"_bbp_anonymous_reply_count":0,"_bbp_topic_count_hidden":0,"_bbp_reply_count_hidden":0,"_bbp_forum_subforum_count":0,"footnotes":""},"class_list":["post-34","page","type-page","status-publish","hentry"],"post_mailing_queue_ids":[],"_links":{"self":[{"href":"https:\/\/agora.xtec.cat\/ceipelssetfocs\/wp-json\/wp\/v2\/pages\/34","targetHints":{"allow":["GET"]}}],"collection":[{"href":"https:\/\/agora.xtec.cat\/ceipelssetfocs\/wp-json\/wp\/v2\/pages"}],"about":[{"href":"https:\/\/agora.xtec.cat\/ceipelssetfocs\/wp-json\/wp\/v2\/types\/page"}],"author":[{"embeddable":true,"href":"https:\/\/agora.xtec.cat\/ceipelssetfocs\/wp-json\/wp\/v2\/users\/1"}],"replies":[{"embeddable":true,"href":"https:\/\/agora.xtec.cat\/ceipelssetfocs\/wp-json\/wp\/v2\/comments?post=34"}],"version-history":[{"count":3,"href":"https:\/\/agora.xtec.cat\/ceipelssetfocs\/wp-json\/wp\/v2\/pages\/34\/revisions"}],"predecessor-version":[{"id":3553,"href":"https:\/\/agora.xtec.cat\/ceipelssetfocs\/wp-json\/wp\/v2\/pages\/34\/revisions\/3553"}],"up":[{"embeddable":true,"href":"https:\/\/agora.xtec.cat\/ceipelssetfocs\/wp-json\/wp\/v2\/pages\/3064"}],"wp:attachment":[{"href":"https:\/\/agora.xtec.cat\/ceipelssetfocs\/wp-json\/wp\/v2\/media?parent=34"}],"curies":[{"name":"wp","href":"https:\/\/api.w.org\/{rel}","templated":true}]}}