{"id":3342,"date":"2021-01-27T15:29:58","date_gmt":"2021-01-27T14:29:58","guid":{"rendered":"http:\/\/agora.xtec.cat\/ceipelssetfocs\/?page_id=3342"},"modified":"2023-02-08T12:27:49","modified_gmt":"2023-02-08T11:27:49","slug":"apadrinem-el-nostre-patrimoni","status":"publish","type":"page","link":"https:\/\/agora.xtec.cat\/ceipelssetfocs\/apadrinem-el-nostre-patrimoni\/","title":{"rendered":"Apadrinem el nostre patrimoni"},"content":{"rendered":"<p><img loading=\"lazy\" decoding=\"async\" class=\"size-medium wp-image-3481 alignleft\" src=\"https:\/\/agora.xtec.cat\/ceipelssetfocs\/wp-content\/uploads\/usu1477\/2021\/03\/553x553-apadrinem-patrimoni-2021.jpg_1595044798-300x300.jpg\" alt=\"\" width=\"300\" height=\"300\" srcset=\"https:\/\/agora.xtec.cat\/ceipelssetfocs\/wp-content\/uploads\/usu1477\/2021\/03\/553x553-apadrinem-patrimoni-2021.jpg_1595044798-300x300.jpg 300w, https:\/\/agora.xtec.cat\/ceipelssetfocs\/wp-content\/uploads\/usu1477\/2021\/03\/553x553-apadrinem-patrimoni-2021.jpg_1595044798-150x150.jpg 150w, https:\/\/agora.xtec.cat\/ceipelssetfocs\/wp-content\/uploads\/usu1477\/2021\/03\/553x553-apadrinem-patrimoni-2021.jpg_1595044798.jpg 538w\" sizes=\"auto, (max-width: 300px) 100vw, 300px\" \/>Aquest programa es basa en la idea de l&#8217;apadrinament d&#8217;un\u00a0 element patrimonial per part del centre educatiu. La qual cosa\u00a0 comporta donar-li valor i aprofundir en el seu coneixement des del punt de vista cultural i, alhora, fer que aquest coneixement sigui socialment rellevant, \u00e9s a dir, que arribi a la pr\u00f2pia comunitat i a l\u2019entorn de l\u2019escola.<\/p>\n<p>Els\u00a0<strong>objectius<\/strong>\u00a0del Programa d\u2019Apadrinem el nostre patrimoni s\u00f3n els seg\u00fcents:<\/p>\n<ul>\n<li>Afavorir la implicaci\u00f3 de l\u2019alumnat a partir d\u2019una proposta did\u00e0ctica dissenyada amb els criteris de significativitat, comunicaci\u00f3, acci\u00f3 i projecci\u00f3 del model competencial orientador.<\/li>\n<li>Promoure el coneixement del patrimoni m\u00e9s proper al centre educatiu.<\/li>\n<li>Projectar el coneixement adquirit per l\u2019alumnat sobre l\u2019element patrimonial a la pr\u00f2pia comunitat i a l\u2019entorn.<\/li>\n<\/ul>\n<p><a href=\"https:\/\/blocs.xtec.cat\/setfocs\/apadrinament-dun-monument\/\">https:\/\/blocs.xtec.cat\/setfocs\/apadrinament-dun-monument\/<\/a><\/p>\n<p>&nbsp;<\/p>\n<p>Aquest curs 2020- 2021 hem decidit apadrinar, a m\u00e9s\u00a0 de l&#8217;<b>esgl\u00e9sia de Sant Antoni Abad<\/b>\u00a0del nostre municipi, el <strong>Pou de la Vila<\/strong> i la <strong>Bassa Bona<\/strong> ja que formen part de la ruta dels Molins.<\/p>\n","protected":false},"excerpt":{"rendered":"<p>Aquest programa es basa en la idea de l&#8217;apadrinament d&#8217;un\u00a0 element patrimonial per part del centre educatiu. La qual cosa\u00a0 comporta donar-li valor i aprofundir en el seu coneixement des del punt de vista cultural i, alhora, fer que aquest coneixement sigui socialment rellevant, \u00e9s&hellip;  <a href=\"https:\/\/agora.xtec.cat\/ceipelssetfocs\/apadrinem-el-nostre-patrimoni\/\" title=\"Read Apadrinem el nostre patrimoni\">Llegeix m\u00e9s\u00bb<\/a><\/p>\n","protected":false},"author":1,"featured_media":0,"parent":0,"menu_order":0,"comment_status":"closed","ping_status":"closed","template":"","meta":{"_bbp_topic_count":0,"_bbp_reply_count":0,"_bbp_total_topic_count":0,"_bbp_total_reply_count":0,"_bbp_voice_count":0,"_bbp_anonymous_reply_count":0,"_bbp_topic_count_hidden":0,"_bbp_reply_count_hidden":0,"_bbp_forum_subforum_count":0,"footnotes":""},"class_list":["post-3342","page","type-page","status-publish","hentry"],"post_mailing_queue_ids":[],"_links":{"self":[{"href":"https:\/\/agora.xtec.cat\/ceipelssetfocs\/wp-json\/wp\/v2\/pages\/3342","targetHints":{"allow":["GET"]}}],"collection":[{"href":"https:\/\/agora.xtec.cat\/ceipelssetfocs\/wp-json\/wp\/v2\/pages"}],"about":[{"href":"https:\/\/agora.xtec.cat\/ceipelssetfocs\/wp-json\/wp\/v2\/types\/page"}],"author":[{"embeddable":true,"href":"https:\/\/agora.xtec.cat\/ceipelssetfocs\/wp-json\/wp\/v2\/users\/1"}],"replies":[{"embeddable":true,"href":"https:\/\/agora.xtec.cat\/ceipelssetfocs\/wp-json\/wp\/v2\/comments?post=3342"}],"version-history":[{"count":3,"href":"https:\/\/agora.xtec.cat\/ceipelssetfocs\/wp-json\/wp\/v2\/pages\/3342\/revisions"}],"predecessor-version":[{"id":4429,"href":"https:\/\/agora.xtec.cat\/ceipelssetfocs\/wp-json\/wp\/v2\/pages\/3342\/revisions\/4429"}],"wp:attachment":[{"href":"https:\/\/agora.xtec.cat\/ceipelssetfocs\/wp-json\/wp\/v2\/media?parent=3342"}],"curies":[{"name":"wp","href":"https:\/\/api.w.org\/{rel}","templated":true}]}}