{"id":3064,"date":"2024-03-06T09:00:29","date_gmt":"2024-03-06T08:00:29","guid":{"rendered":"http:\/\/agora.xtec.cat\/ceipelssetfocs\/?page_id=3064"},"modified":"2025-03-12T17:52:04","modified_gmt":"2025-03-12T16:52:04","slug":"preinscripcio-2025-2026","status":"publish","type":"page","link":"https:\/\/agora.xtec.cat\/ceipelssetfocs\/lescola\/preinscripcio-2025-2026\/","title":{"rendered":"Preinscripci\u00f3 2025-2026"},"content":{"rendered":"<h4><a href=\"https:\/\/preinscripcio.gencat.cat\/ca\/inici\/index.html\"><img loading=\"lazy\" decoding=\"async\" class=\"aligncenter wp-image-5187 size-full\" src=\"https:\/\/agora.xtec.cat\/ceipelssetfocs\/wp-content\/uploads\/usu1477\/2025\/02\/preinscripcio-dates-1.png\" alt=\"\" width=\"839\" height=\"463\" srcset=\"https:\/\/agora.xtec.cat\/ceipelssetfocs\/wp-content\/uploads\/usu1477\/2025\/02\/preinscripcio-dates-1.png 839w, https:\/\/agora.xtec.cat\/ceipelssetfocs\/wp-content\/uploads\/usu1477\/2025\/02\/preinscripcio-dates-1-300x166.png 300w, https:\/\/agora.xtec.cat\/ceipelssetfocs\/wp-content\/uploads\/usu1477\/2025\/02\/preinscripcio-dates-1-768x424.png 768w\" sizes=\"auto, (max-width: 839px) 100vw, 839px\" \/><\/a><\/h4>\n<h4 style=\"text-align: center;\"><strong>PREINSCRIPCI\u00d3 I MATR\u00cdCULA 2025-2026<\/strong><\/h4>\n<p><em>En aquesta p\u00e0gina anirem actualitzant les informacions referents a la <a href=\"https:\/\/preinscripcio.gencat.cat\/ca\/inici\/\">preinscripci\u00f3<\/a> i matr\u00edcula per al curs 2025 &#8211; 2026.<\/em><\/p>\n<p>Si has de preinscriure el teu fill o filla a educaci\u00f3 infantil (3-6), prim\u00e0ria o secund\u00e0ria obligat\u00f2ria, t&#8217;avancem algunes dates, entre les quals destaquem les de<strong>\u00a0presentaci\u00f3 de sol\u00b7licituds<\/strong>:<\/p>\n<ul>\n<li style=\"list-style-type: none;\">\n<ul>\n<li><a href=\"https:\/\/educacio.gencat.cat\/ca\/tramits\/tramits-temes\/perinscripcio-obligatoris?&amp;moda=1\">educaci\u00f3 infantil<\/a> (3-6 anys) i <a href=\"https:\/\/preinscripcio.gencat.cat\/ca\/estudis\/primaria\/preinscriute\/sollicitud\/\">prim\u00e0ria<\/a>,\u00a0<strong>del 12 al 26 de mar\u00e7<\/strong><\/li>\n<li><a href=\"https:\/\/preinscripcio.gencat.cat\/ca\/estudis\/eso\/inici\/\">educaci\u00f3 secund\u00e0ria obligat\u00f2ria<\/a>,\u00a0<strong>del 14 al 26 de mar\u00e7<\/strong><\/li>\n<\/ul>\n<\/li>\n<\/ul>\n<p>Us recordem el\u00a0 codi de centre de l\u2019Escola Els Set Focs de Bellaguarda \u00e9s:<strong> 25003676<\/strong><\/p>\n<p>V\u00eddeo explicatiu per emplenar la sol\u00b7licitud:<\/p>\n<p style=\"text-align: center;\"><iframe loading=\"lazy\" src=\"\/\/www.youtube.com\/embed\/9xMdvXoFR_4\" width=\"560\" height=\"314\" allowfullscreen=\"allowfullscreen\"><\/iframe><\/p>\n<p>&nbsp;<\/p>\n","protected":false},"excerpt":{"rendered":"<p><a href=\"https:\/\/preinscripcio.gencat.cat\/ca\/inici\/index.html\"><\/a><br \/>\nPREINSCRIPCI\u00d3 I MATR\u00cdCULA 2025-2026<br \/>\nEn aquesta p\u00e0gina anirem actualitzant les informacions referents a la <a href=\"https:\/\/preinscripcio.gencat.cat\/ca\/inici\/\">preinscripci\u00f3<\/a> i matr\u00edcula per al curs 2025 &#8211; 2026.<br \/>\nSi has de preinscriure el teu fill o filla a educaci\u00f3 infantil (3-6), prim\u00e0ria o secund\u00e0ria obligat\u00f2ria, t&#8217;avancem algunes dates, entre les&hellip;  <a href=\"https:\/\/agora.xtec.cat\/ceipelssetfocs\/lescola\/preinscripcio-2025-2026\/\" title=\"Read Preinscripci\u00f3 2025-2026\">Llegeix m\u00e9s\u00bb<\/a><\/p>\n","protected":false},"author":1,"featured_media":0,"parent":22,"menu_order":0,"comment_status":"closed","ping_status":"closed","template":"","meta":{"_bbp_topic_count":0,"_bbp_reply_count":0,"_bbp_total_topic_count":0,"_bbp_total_reply_count":0,"_bbp_voice_count":0,"_bbp_anonymous_reply_count":0,"_bbp_topic_count_hidden":0,"_bbp_reply_count_hidden":0,"_bbp_forum_subforum_count":0,"footnotes":""},"class_list":["post-3064","page","type-page","status-publish","hentry"],"post_mailing_queue_ids":[],"_links":{"self":[{"href":"https:\/\/agora.xtec.cat\/ceipelssetfocs\/wp-json\/wp\/v2\/pages\/3064","targetHints":{"allow":["GET"]}}],"collection":[{"href":"https:\/\/agora.xtec.cat\/ceipelssetfocs\/wp-json\/wp\/v2\/pages"}],"about":[{"href":"https:\/\/agora.xtec.cat\/ceipelssetfocs\/wp-json\/wp\/v2\/types\/page"}],"author":[{"embeddable":true,"href":"https:\/\/agora.xtec.cat\/ceipelssetfocs\/wp-json\/wp\/v2\/users\/1"}],"replies":[{"embeddable":true,"href":"https:\/\/agora.xtec.cat\/ceipelssetfocs\/wp-json\/wp\/v2\/comments?post=3064"}],"version-history":[{"count":6,"href":"https:\/\/agora.xtec.cat\/ceipelssetfocs\/wp-json\/wp\/v2\/pages\/3064\/revisions"}],"predecessor-version":[{"id":5211,"href":"https:\/\/agora.xtec.cat\/ceipelssetfocs\/wp-json\/wp\/v2\/pages\/3064\/revisions\/5211"}],"up":[{"embeddable":true,"href":"https:\/\/agora.xtec.cat\/ceipelssetfocs\/wp-json\/wp\/v2\/pages\/22"}],"wp:attachment":[{"href":"https:\/\/agora.xtec.cat\/ceipelssetfocs\/wp-json\/wp\/v2\/media?parent=3064"}],"curies":[{"name":"wp","href":"https:\/\/api.w.org\/{rel}","templated":true}]}}