{"id":26,"date":"2014-09-18T12:24:32","date_gmt":"2014-09-18T10:24:32","guid":{"rendered":"http:\/\/agora.xtec.cat\/ceipelssetfocs\/?page_id=26"},"modified":"2023-03-20T18:38:29","modified_gmt":"2023-03-20T17:38:29","slug":"historia","status":"publish","type":"page","link":"https:\/\/agora.xtec.cat\/ceipelssetfocs\/lescola-2\/historia\/","title":{"rendered":"Qui som?"},"content":{"rendered":"<p>L&#8217;escola &#8220;Els Set Focs&#8221; de Bellaguarda \u00a0conjuntament amb l&#8217;escola &#8220;Vallmajor&#8221; de Bovera i l&#8217;escola de La Granadella\u00a0formen la ZER Elaia a la comarca de les Garrigues.<\/p>\n<p>El <strong>curs 2016-17<\/strong>, la nostra escola va passar a ser unit\u00e0ria, amb una sola mestra tutora.<\/p>\n<p>Aquest curs <strong>2020-21<\/strong> tenim una aula multinivell amb <strong>11 alumnes<\/strong> que pertanyen als cursos seg\u00fcents:<\/p>\n<ul>\n<li style=\"list-style-type: none;\">\n<ul>\n<li style=\"list-style-type: none;\">\n<ul>\n<li style=\"list-style-type: none;\">\n<ul>\n<li style=\"list-style-type: none;\">\n<ul>\n<li style=\"list-style-type: none;\">\n<ul>\n<li style=\"list-style-type: none;\">\n<ul>\n<li style=\"list-style-type: none;\">\n<ul>\n<li style=\"list-style-type: none;\">\n<ul>\n<li style=\"list-style-type: none;\">\n<ul>\n<li style=\"list-style-type: none;\">\n<ul>\n<li style=\"list-style-type: none;\">\n<ul>\n<li style=\"list-style-type: none;\">\n<ul>\n<li style=\"list-style-type: none;\">\n<ul>\n<li style=\"list-style-type: none;\">\n<ul>\n<li style=\"list-style-type: none;\">\n<ul>\n<li style=\"list-style-type: none;\">\n<ul>\n<li style=\"list-style-type: none;\">\n<ul>\n<li>EDUCACI\u00d3 INFANTIL: <strong>P3<\/strong>: 3 alumnes<\/li>\n<li>CICLE INICIAL: <strong>1r<\/strong>: dos alumnes; <strong>2n<\/strong>: 1 alumna<\/li>\n<li>CICLE MITJ\u00c0: <strong>3r<\/strong>: dues alumnes<\/li>\n<li>CICLE SUPERIOR: <strong>6\u00e8<\/strong>: tres alumnes<\/li>\n<\/ul>\n<\/li>\n<\/ul>\n<\/li>\n<\/ul>\n<\/li>\n<\/ul>\n<\/li>\n<\/ul>\n<\/li>\n<\/ul>\n<\/li>\n<\/ul>\n<\/li>\n<\/ul>\n<\/li>\n<\/ul>\n<\/li>\n<\/ul>\n<\/li>\n<\/ul>\n<\/li>\n<\/ul>\n<\/li>\n<\/ul>\n<\/li>\n<\/ul>\n<\/li>\n<\/ul>\n<\/li>\n<\/ul>\n<\/li>\n<\/ul>\n<\/li>\n<\/ul>\n<p>Un dels aspectes destacats de les ZER \u00e9s que la seva organitzaci\u00f3 pedag\u00f2gica afavoreix l&#8217;\u00fas d&#8217;estrat\u00e8gies did\u00e0ctiques innovadores i inclusives.<\/p>\n<p>Algunes de les claus que permeten aquest \u00e8xit s\u00f3n, entre d&#8217;altres, el treball de grups multinivell; la proximitat dels alumnes, mestres, fam\u00edlia i poble en contacte continuat i l&#8217;ambient de treball relacionat amb la natura i l&#8217;entorn m\u00e9s proper&#8230;i, sobretot, estimar la nostra feina i cadascun dels i les nostres alumnes respectant la seva manera de ser i potenciant totes les seves capacitats per a que esdevinguin la millor versi\u00f3 d&#8217;elles i ells mateixes\/os.<\/p>\n<p>Aquest <strong>curs 2022-23<\/strong>, l&#8217;escola acull el primer cicle d&#8217;educaci\u00f3 infantil, alumnat d&#8217;un i dos anys.<\/p>\n<ul>\n<li>EDUCACI\u00d3 INFANTIL:\n<ul>\n<li>PRIMER CICLE:\n<ul>\n<li>Infantil 1 any: 2 alumnes<\/li>\n<li>Infantil 2 anys: 2 alumnes<\/li>\n<\/ul>\n<\/li>\n<li>SEGON CICLE:\n<ul>\n<li>Infantil 3 anys: 1 alumna<\/li>\n<li>Infantil 4 anys: 2 alumnes<\/li>\n<li>Infantil 5 anys: 3 alumnes<\/li>\n<\/ul>\n<\/li>\n<\/ul>\n<\/li>\n<li>CICLE INICIAL:1 alumna<\/li>\n<li>CICLE MITJ\u00c0: 4 alumnes<\/li>\n<li>CICLE SUPERIOR: 3 alumnes<\/li>\n<\/ul>\n<h4 style=\"text-align: center;\"><\/h4>\n<h4 style=\"text-align: center;\"><\/h4>\n<h4 style=\"text-align: center;\"><\/h4>\n<p>&nbsp;<\/p>\n<p>&nbsp;<\/p>\n","protected":false},"excerpt":{"rendered":"<p>L&#8217;escola &#8220;Els Set Focs&#8221; de Bellaguarda \u00a0conjuntament amb l&#8217;escola &#8220;Vallmajor&#8221; de Bovera i l&#8217;escola de La Granadella\u00a0formen la ZER Elaia a la comarca de les Garrigues.<br \/>\nEl curs 2016-17, la nostra escola va passar a ser unit\u00e0ria, amb una sola mestra tutora.<br \/>\nAquest curs 2020-21 tenim una&hellip;  <a href=\"https:\/\/agora.xtec.cat\/ceipelssetfocs\/lescola-2\/historia\/\" title=\"Read Qui som?\">Llegeix m\u00e9s\u00bb<\/a><\/p>\n","protected":false},"author":1,"featured_media":0,"parent":2192,"menu_order":1,"comment_status":"closed","ping_status":"closed","template":"page-templates\/side-menu.php","meta":{"_bbp_topic_count":0,"_bbp_reply_count":0,"_bbp_total_topic_count":0,"_bbp_total_reply_count":0,"_bbp_voice_count":0,"_bbp_anonymous_reply_count":0,"_bbp_topic_count_hidden":0,"_bbp_reply_count_hidden":0,"_bbp_forum_subforum_count":0,"footnotes":""},"class_list":["post-26","page","type-page","status-publish","hentry"],"post_mailing_queue_ids":[],"_links":{"self":[{"href":"https:\/\/agora.xtec.cat\/ceipelssetfocs\/wp-json\/wp\/v2\/pages\/26","targetHints":{"allow":["GET"]}}],"collection":[{"href":"https:\/\/agora.xtec.cat\/ceipelssetfocs\/wp-json\/wp\/v2\/pages"}],"about":[{"href":"https:\/\/agora.xtec.cat\/ceipelssetfocs\/wp-json\/wp\/v2\/types\/page"}],"author":[{"embeddable":true,"href":"https:\/\/agora.xtec.cat\/ceipelssetfocs\/wp-json\/wp\/v2\/users\/1"}],"replies":[{"embeddable":true,"href":"https:\/\/agora.xtec.cat\/ceipelssetfocs\/wp-json\/wp\/v2\/comments?post=26"}],"version-history":[{"count":3,"href":"https:\/\/agora.xtec.cat\/ceipelssetfocs\/wp-json\/wp\/v2\/pages\/26\/revisions"}],"predecessor-version":[{"id":4504,"href":"https:\/\/agora.xtec.cat\/ceipelssetfocs\/wp-json\/wp\/v2\/pages\/26\/revisions\/4504"}],"up":[{"embeddable":true,"href":"https:\/\/agora.xtec.cat\/ceipelssetfocs\/wp-json\/wp\/v2\/pages\/2192"}],"wp:attachment":[{"href":"https:\/\/agora.xtec.cat\/ceipelssetfocs\/wp-json\/wp\/v2\/media?parent=26"}],"curies":[{"name":"wp","href":"https:\/\/api.w.org\/{rel}","templated":true}]}}