{"id":4592,"date":"2020-10-30T10:58:59","date_gmt":"2020-10-30T09:58:59","guid":{"rendered":"http:\/\/agora.xtec.cat\/ceipelsraiers\/?page_id=4592"},"modified":"2020-10-30T11:00:36","modified_gmt":"2020-10-30T10:00:36","slug":"pla-dobertura-curs-20-21","status":"publish","type":"page","link":"https:\/\/agora.xtec.cat\/ceipelsraiers\/projecte-educatiu-de-centre\/pla-dobertura-curs-20-21\/","title":{"rendered":"PLA D&#8217;OBERTURA CURS 20-21"},"content":{"rendered":"<p>Davant la situaci\u00f3 mundial de pand\u00e8mia a causa de la CoVID-19 les escoles , seguint les instruccions del Departament d&#8217;Educaci\u00f3, fem un esfor\u00e7 , ens hem adaptat , tot provant de compatibilitzar l&#8217;acci\u00f3 educativa , la socialitzaci\u00f3 dels infants i les mesures sanit\u00e0ries i de control.<\/p>\n<p>Podeu llegir el nostre PLA D&#8217;OBERTURA DEL CURS 2020-2021 a continuaci\u00f3:<\/p>\n<p><iframe loading=\"lazy\" src=\"https:\/\/drive.google.com\/file\/d\/12WzqNluvIzM-oA15h_giEK3aKAXvkALz\/preview\" width=\"640\" height=\"480\"><\/iframe><\/p>\n","protected":false},"excerpt":{"rendered":"<p>Davant la situaci\u00f3 mundial de pand\u00e8mia a causa de la CoVID-19 les escoles , seguint les instruccions del Departament d&#8217;Educaci\u00f3, fem un esfor\u00e7 , ens hem adaptat , tot provant de compatibilitzar l&#8217;acci\u00f3 educativa , la socialitzaci\u00f3 dels infants i les mesures sanit\u00e0ries i de control. Podeu llegir el nostre PLA D&#8217;OBERTURA DEL CURS 2020-2021 [&hellip;]<\/p>\n","protected":false},"author":4,"featured_media":0,"parent":3085,"menu_order":0,"comment_status":"closed","ping_status":"closed","template":"","meta":{"_bbp_topic_count":0,"_bbp_reply_count":0,"_bbp_total_topic_count":0,"_bbp_total_reply_count":0,"_bbp_voice_count":0,"_bbp_anonymous_reply_count":0,"_bbp_topic_count_hidden":0,"_bbp_reply_count_hidden":0,"_bbp_forum_subforum_count":0,"site-sidebar-layout":"default","site-content-layout":"","ast-site-content-layout":"","site-content-style":"default","site-sidebar-style":"default","ast-global-header-display":"","ast-banner-title-visibility":"","ast-main-header-display":"","ast-hfb-above-header-display":"","ast-hfb-below-header-display":"","ast-hfb-mobile-header-display":"","site-post-title":"","ast-breadcrumbs-content":"","ast-featured-img":"","footer-sml-layout":"","theme-transparent-header-meta":"","adv-header-id-meta":"","stick-header-meta":"","header-above-stick-meta":"","header-main-stick-meta":"","header-below-stick-meta":"","astra-migrate-meta-layouts":"default","ast-page-background-enabled":"default","ast-page-background-meta":{"desktop":{"background-color":"var(--ast-global-color-4)","background-image":"","background-repeat":"repeat","background-position":"center center","background-size":"auto","background-attachment":"scroll","background-type":"","background-media":"","overlay-type":"","overlay-color":"","overlay-opacity":"","overlay-gradient":""},"tablet":{"background-color":"","background-image":"","background-repeat":"repeat","background-position":"center center","background-size":"auto","background-attachment":"scroll","background-type":"","background-media":"","overlay-type":"","overlay-color":"","overlay-opacity":"","overlay-gradient":""},"mobile":{"background-color":"","background-image":"","background-repeat":"repeat","background-position":"center center","background-size":"auto","background-attachment":"scroll","background-type":"","background-media":"","overlay-type":"","overlay-color":"","overlay-opacity":"","overlay-gradient":""}},"ast-content-background-meta":{"desktop":{"background-color":"var(--ast-global-color-5)","background-image":"","background-repeat":"repeat","background-position":"center center","background-size":"auto","background-attachment":"scroll","background-type":"","background-media":"","overlay-type":"","overlay-color":"","overlay-opacity":"","overlay-gradient":""},"tablet":{"background-color":"var(--ast-global-color-5)","background-image":"","background-repeat":"repeat","background-position":"center center","background-size":"auto","background-attachment":"scroll","background-type":"","background-media":"","overlay-type":"","overlay-color":"","overlay-opacity":"","overlay-gradient":""},"mobile":{"background-color":"var(--ast-global-color-5)","background-image":"","background-repeat":"repeat","background-position":"center center","background-size":"auto","background-attachment":"scroll","background-type":"","background-media":"","overlay-type":"","overlay-color":"","overlay-opacity":"","overlay-gradient":""}},"footnotes":""},"class_list":["post-4592","page","type-page","status-publish","hentry"],"post_mailing_queue_ids":[],"_links":{"self":[{"href":"https:\/\/agora.xtec.cat\/ceipelsraiers\/wp-json\/wp\/v2\/pages\/4592","targetHints":{"allow":["GET"]}}],"collection":[{"href":"https:\/\/agora.xtec.cat\/ceipelsraiers\/wp-json\/wp\/v2\/pages"}],"about":[{"href":"https:\/\/agora.xtec.cat\/ceipelsraiers\/wp-json\/wp\/v2\/types\/page"}],"author":[{"embeddable":true,"href":"https:\/\/agora.xtec.cat\/ceipelsraiers\/wp-json\/wp\/v2\/users\/4"}],"replies":[{"embeddable":true,"href":"https:\/\/agora.xtec.cat\/ceipelsraiers\/wp-json\/wp\/v2\/comments?post=4592"}],"version-history":[{"count":2,"href":"https:\/\/agora.xtec.cat\/ceipelsraiers\/wp-json\/wp\/v2\/pages\/4592\/revisions"}],"predecessor-version":[{"id":4594,"href":"https:\/\/agora.xtec.cat\/ceipelsraiers\/wp-json\/wp\/v2\/pages\/4592\/revisions\/4594"}],"up":[{"embeddable":true,"href":"https:\/\/agora.xtec.cat\/ceipelsraiers\/wp-json\/wp\/v2\/pages\/3085"}],"wp:attachment":[{"href":"https:\/\/agora.xtec.cat\/ceipelsraiers\/wp-json\/wp\/v2\/media?parent=4592"}],"curies":[{"name":"wp","href":"https:\/\/api.w.org\/{rel}","templated":true}]}}