{"id":3085,"date":"2019-01-17T18:01:37","date_gmt":"2019-01-17T17:01:37","guid":{"rendered":"http:\/\/agora.xtec.cat\/ceipelsraiers\/?page_id=3085"},"modified":"2025-06-10T20:40:00","modified_gmt":"2025-06-10T18:40:00","slug":"projecte-educatiu-de-centre","status":"publish","type":"page","link":"https:\/\/agora.xtec.cat\/ceipelsraiers\/projecte-educatiu-de-centre\/","title":{"rendered":"PROJECTE EDUCATIU DE CENTRE"},"content":{"rendered":"<p>Podeu trobar els documents seg\u00fcents:<\/p>\n<ul style=\"list-style-type: disc;\">\n<li><a href=\"https:\/\/drive.google.com\/file\/d\/1i2bAO8H5N_R5ai4S86foe8AmpajxJqIR\/view?usp=sharing\">PROJECTE EDUCATIU DE CENTRE- 2025<\/a><\/li>\n<li><a href=\"https:\/\/agora.xtec.cat\/ceipelsraiers\/projecte-educatiu-de-centre\/nof\/\">NOFC- 2023<\/a><\/li>\n<li><a href=\"https:\/\/agora.xtec.cat\/ceipelsraiers\/projecte-educatiu-de-centre\/projecte-linguistic\/\">PROJECTE LING\u00dc\u00cdSTIC 2025<\/a><\/li>\n<li><a href=\"https:\/\/agora.xtec.cat\/ceipelsraiers\/projecte-educatiu-de-centre\/pla-dacollida\/\">PLA D&#8217;ACOLLIDA 2024<\/a><\/li>\n<li><a href=\"https:\/\/agora.xtec.cat\/ceipelsraiers\/projecte-educatiu-de-centre\/pla-daccio-tutorial\/\">PLA D&#8217;ACCI\u00d3 TUTORIAL<\/a><\/li>\n<li><a href=\"https:\/\/agora.xtec.cat\/ceipelsraiers\/projecte-educatiu-de-centre\/projecte-descola-verda\/\">PROJECTE D&#8217;ESCOLA VERDA &#8211; 2024<\/a><\/li>\n<li><a href=\"https:\/\/agora.xtec.cat\/ceipelsraiers\/projecte-educatiu-de-centre\/projecte-de-convivencia\/\">PROJECTE DE CONVIV\u00c8NCIA- 2025<\/a><\/li>\n<li><a href=\"https:\/\/agora.xtec.cat\/ceipelsraiers\/pla-de-comunicacio\/\">PLA DE COMUNICACI\u00d3 DE CENTRE 2022<\/a><\/li>\n<li><a href=\"https:\/\/sites.google.com\/escolaelsraiers.cat\/pladestrategiadigital\/presentaci%C3%B3\">PLA D&#8217;ESTRAT\u00c8GIA DIGITAL<\/a><\/li>\n<\/ul>\n","protected":false},"excerpt":{"rendered":"<p>Podeu trobar els documents seg\u00fcents: PROJECTE EDUCATIU DE CENTRE- 2025 NOFC- 2023 PROJECTE LING\u00dc\u00cdSTIC 2025 PLA D&#8217;ACOLLIDA 2024 PLA D&#8217;ACCI\u00d3 TUTORIAL PROJECTE D&#8217;ESCOLA VERDA &#8211; 2024 PROJECTE DE CONVIV\u00c8NCIA- 2025 PLA DE COMUNICACI\u00d3 DE CENTRE 2022 PLA D&#8217;ESTRAT\u00c8GIA DIGITAL<\/p>\n","protected":false},"author":4,"featured_media":0,"parent":0,"menu_order":0,"comment_status":"closed","ping_status":"closed","template":"","meta":{"_bbp_topic_count":0,"_bbp_reply_count":0,"_bbp_total_topic_count":0,"_bbp_total_reply_count":0,"_bbp_voice_count":0,"_bbp_anonymous_reply_count":0,"_bbp_topic_count_hidden":0,"_bbp_reply_count_hidden":0,"_bbp_forum_subforum_count":0,"site-sidebar-layout":"default","site-content-layout":"","ast-site-content-layout":"","site-content-style":"default","site-sidebar-style":"default","ast-global-header-display":"","ast-banner-title-visibility":"","ast-main-header-display":"","ast-hfb-above-header-display":"","ast-hfb-below-header-display":"","ast-hfb-mobile-header-display":"","site-post-title":"","ast-breadcrumbs-content":"","ast-featured-img":"","footer-sml-layout":"","theme-transparent-header-meta":"","adv-header-id-meta":"","stick-header-meta":"","header-above-stick-meta":"","header-main-stick-meta":"","header-below-stick-meta":"","astra-migrate-meta-layouts":"default","ast-page-background-enabled":"default","ast-page-background-meta":{"desktop":{"background-color":"var(--ast-global-color-4)","background-image":"","background-repeat":"repeat","background-position":"center center","background-size":"auto","background-attachment":"scroll","background-type":"","background-media":"","overlay-type":"","overlay-color":"","overlay-opacity":"","overlay-gradient":""},"tablet":{"background-color":"","background-image":"","background-repeat":"repeat","background-position":"center center","background-size":"auto","background-attachment":"scroll","background-type":"","background-media":"","overlay-type":"","overlay-color":"","overlay-opacity":"","overlay-gradient":""},"mobile":{"background-color":"","background-image":"","background-repeat":"repeat","background-position":"center center","background-size":"auto","background-attachment":"scroll","background-type":"","background-media":"","overlay-type":"","overlay-color":"","overlay-opacity":"","overlay-gradient":""}},"ast-content-background-meta":{"desktop":{"background-color":"var(--ast-global-color-5)","background-image":"","background-repeat":"repeat","background-position":"center center","background-size":"auto","background-attachment":"scroll","background-type":"","background-media":"","overlay-type":"","overlay-color":"","overlay-opacity":"","overlay-gradient":""},"tablet":{"background-color":"var(--ast-global-color-5)","background-image":"","background-repeat":"repeat","background-position":"center center","background-size":"auto","background-attachment":"scroll","background-type":"","background-media":"","overlay-type":"","overlay-color":"","overlay-opacity":"","overlay-gradient":""},"mobile":{"background-color":"var(--ast-global-color-5)","background-image":"","background-repeat":"repeat","background-position":"center center","background-size":"auto","background-attachment":"scroll","background-type":"","background-media":"","overlay-type":"","overlay-color":"","overlay-opacity":"","overlay-gradient":""}},"footnotes":""},"class_list":["post-3085","page","type-page","status-publish","hentry"],"post_mailing_queue_ids":[],"_links":{"self":[{"href":"https:\/\/agora.xtec.cat\/ceipelsraiers\/wp-json\/wp\/v2\/pages\/3085","targetHints":{"allow":["GET"]}}],"collection":[{"href":"https:\/\/agora.xtec.cat\/ceipelsraiers\/wp-json\/wp\/v2\/pages"}],"about":[{"href":"https:\/\/agora.xtec.cat\/ceipelsraiers\/wp-json\/wp\/v2\/types\/page"}],"author":[{"embeddable":true,"href":"https:\/\/agora.xtec.cat\/ceipelsraiers\/wp-json\/wp\/v2\/users\/4"}],"replies":[{"embeddable":true,"href":"https:\/\/agora.xtec.cat\/ceipelsraiers\/wp-json\/wp\/v2\/comments?post=3085"}],"version-history":[{"count":6,"href":"https:\/\/agora.xtec.cat\/ceipelsraiers\/wp-json\/wp\/v2\/pages\/3085\/revisions"}],"predecessor-version":[{"id":5636,"href":"https:\/\/agora.xtec.cat\/ceipelsraiers\/wp-json\/wp\/v2\/pages\/3085\/revisions\/5636"}],"wp:attachment":[{"href":"https:\/\/agora.xtec.cat\/ceipelsraiers\/wp-json\/wp\/v2\/media?parent=3085"}],"curies":[{"name":"wp","href":"https:\/\/api.w.org\/{rel}","templated":true}]}}