{"id":3068,"date":"2019-01-17T17:48:24","date_gmt":"2019-01-17T16:48:24","guid":{"rendered":"http:\/\/agora.xtec.cat\/ceipelsraiers\/?page_id=3068"},"modified":"2023-02-02T12:43:31","modified_gmt":"2023-02-02T11:43:31","slug":"estrategia-digital","status":"publish","type":"page","link":"https:\/\/agora.xtec.cat\/ceipelsraiers\/projecte-educatiu-de-centre\/estrategia-digital\/","title":{"rendered":"COORDINACI\u00d3 D&#8217;ESTRAT\u00c8GIA DIGITAL"},"content":{"rendered":"<p>La Comissi\u00f3 d&#8217;Estrat\u00e8gia Digital est\u00e0 formada per:<\/p>\n<p>Xavi Farr\u00e0s,\u00a0 Anna Canut i Laura Caselles<\/p>\n<p>El curs 2021-2022 es realitza la Formaci\u00f3 Interna de Centre (FIC) sobre l&#8217;Estrat\u00e8gia Digital. La formaci\u00f3 la imparteixen els membres de la Comissi\u00f3 i hi assisteix la majoria del claustre.<\/p>\n<p>Us presentem el <a href=\"https:\/\/sites.google.com\/escolaelsraiers.cat\/pladestrategiadigital\/presentaci%C3%B3\">PLA D&#8217;ESTRAT\u00c8GIA DIGITAL DE LA NOSTRA ESCOLA<\/a>.<\/p>\n<p>Es troba en construcci\u00f3, per\u00f2 hi anem treballant!<\/p>\n<p>&nbsp;<\/p>\n<p>&nbsp;<\/p>\n<p>&nbsp;<\/p>\n","protected":false},"excerpt":{"rendered":"<p>La Comissi\u00f3 d&#8217;Estrat\u00e8gia Digital est\u00e0 formada per: Xavi Farr\u00e0s,\u00a0 Anna Canut i Laura Caselles El curs 2021-2022 es realitza la Formaci\u00f3 Interna de Centre (FIC) sobre l&#8217;Estrat\u00e8gia Digital. La formaci\u00f3 la imparteixen els membres de la Comissi\u00f3 i hi assisteix la majoria del claustre. Us presentem el PLA D&#8217;ESTRAT\u00c8GIA DIGITAL DE LA NOSTRA ESCOLA. Es [&hellip;]<\/p>\n","protected":false},"author":4,"featured_media":0,"parent":3085,"menu_order":0,"comment_status":"closed","ping_status":"closed","template":"","meta":{"_bbp_topic_count":0,"_bbp_reply_count":0,"_bbp_total_topic_count":0,"_bbp_total_reply_count":0,"_bbp_voice_count":0,"_bbp_anonymous_reply_count":0,"_bbp_topic_count_hidden":0,"_bbp_reply_count_hidden":0,"_bbp_forum_subforum_count":0,"site-sidebar-layout":"default","site-content-layout":"","ast-site-content-layout":"","site-content-style":"default","site-sidebar-style":"default","ast-global-header-display":"","ast-banner-title-visibility":"","ast-main-header-display":"","ast-hfb-above-header-display":"","ast-hfb-below-header-display":"","ast-hfb-mobile-header-display":"","site-post-title":"","ast-breadcrumbs-content":"","ast-featured-img":"","footer-sml-layout":"","theme-transparent-header-meta":"","adv-header-id-meta":"","stick-header-meta":"","header-above-stick-meta":"","header-main-stick-meta":"","header-below-stick-meta":"","astra-migrate-meta-layouts":"default","ast-page-background-enabled":"default","ast-page-background-meta":{"desktop":{"background-color":"var(--ast-global-color-4)","background-image":"","background-repeat":"repeat","background-position":"center center","background-size":"auto","background-attachment":"scroll","background-type":"","background-media":"","overlay-type":"","overlay-color":"","overlay-opacity":"","overlay-gradient":""},"tablet":{"background-color":"","background-image":"","background-repeat":"repeat","background-position":"center center","background-size":"auto","background-attachment":"scroll","background-type":"","background-media":"","overlay-type":"","overlay-color":"","overlay-opacity":"","overlay-gradient":""},"mobile":{"background-color":"","background-image":"","background-repeat":"repeat","background-position":"center center","background-size":"auto","background-attachment":"scroll","background-type":"","background-media":"","overlay-type":"","overlay-color":"","overlay-opacity":"","overlay-gradient":""}},"ast-content-background-meta":{"desktop":{"background-color":"var(--ast-global-color-5)","background-image":"","background-repeat":"repeat","background-position":"center center","background-size":"auto","background-attachment":"scroll","background-type":"","background-media":"","overlay-type":"","overlay-color":"","overlay-opacity":"","overlay-gradient":""},"tablet":{"background-color":"var(--ast-global-color-5)","background-image":"","background-repeat":"repeat","background-position":"center center","background-size":"auto","background-attachment":"scroll","background-type":"","background-media":"","overlay-type":"","overlay-color":"","overlay-opacity":"","overlay-gradient":""},"mobile":{"background-color":"var(--ast-global-color-5)","background-image":"","background-repeat":"repeat","background-position":"center center","background-size":"auto","background-attachment":"scroll","background-type":"","background-media":"","overlay-type":"","overlay-color":"","overlay-opacity":"","overlay-gradient":""}},"footnotes":""},"class_list":["post-3068","page","type-page","status-publish","hentry"],"post_mailing_queue_ids":[],"_links":{"self":[{"href":"https:\/\/agora.xtec.cat\/ceipelsraiers\/wp-json\/wp\/v2\/pages\/3068","targetHints":{"allow":["GET"]}}],"collection":[{"href":"https:\/\/agora.xtec.cat\/ceipelsraiers\/wp-json\/wp\/v2\/pages"}],"about":[{"href":"https:\/\/agora.xtec.cat\/ceipelsraiers\/wp-json\/wp\/v2\/types\/page"}],"author":[{"embeddable":true,"href":"https:\/\/agora.xtec.cat\/ceipelsraiers\/wp-json\/wp\/v2\/users\/4"}],"replies":[{"embeddable":true,"href":"https:\/\/agora.xtec.cat\/ceipelsraiers\/wp-json\/wp\/v2\/comments?post=3068"}],"version-history":[{"count":3,"href":"https:\/\/agora.xtec.cat\/ceipelsraiers\/wp-json\/wp\/v2\/pages\/3068\/revisions"}],"predecessor-version":[{"id":5300,"href":"https:\/\/agora.xtec.cat\/ceipelsraiers\/wp-json\/wp\/v2\/pages\/3068\/revisions\/5300"}],"up":[{"embeddable":true,"href":"https:\/\/agora.xtec.cat\/ceipelsraiers\/wp-json\/wp\/v2\/pages\/3085"}],"wp:attachment":[{"href":"https:\/\/agora.xtec.cat\/ceipelsraiers\/wp-json\/wp\/v2\/media?parent=3068"}],"curies":[{"name":"wp","href":"https:\/\/api.w.org\/{rel}","templated":true}]}}