{"id":26,"date":"2014-09-18T12:24:32","date_gmt":"2014-09-18T11:24:32","guid":{"rendered":"http:\/\/agora.xtec.cat\/ceipelsraiers\/?page_id=26"},"modified":"2016-08-25T16:57:16","modified_gmt":"2016-08-25T15:57:16","slug":"historia","status":"publish","type":"page","link":"https:\/\/agora.xtec.cat\/ceipelsraiers\/lescola\/historia\/","title":{"rendered":"LA HIST\u00d2RIA DE L&#8217;ESCOLA"},"content":{"rendered":"<p>&nbsp;<\/p>\n<p><a href=\"http:\/\/agora.xtec.cat\/ceipelsraiers\/wp-content\/uploads\/usu633\/2014\/09\/escola1.gif\"><img loading=\"lazy\" decoding=\"async\" class=\"alignnone size-full wp-image-197\" src=\"http:\/\/agora.xtec.cat\/ceipelsraiers\/wp-content\/uploads\/usu633\/2014\/09\/escola1.gif\" alt=\"escola1\" width=\"350\" height=\"262\" \/><\/a><\/p>\n<p style=\"text-align: center;\" align=\"justify\"><span style=\"font-family: Comic Sans MS;\"><b><span style=\"color: #996633;\">LA HIST\u00d2RIA DE L&#8217;ESCOLA<\/span><\/b><\/span><\/p>\n<p align=\"justify\"><span style=\"color: #996633; font-family: Comic Sans MS; font-size: medium;\">La inauguraci\u00f3 d&#8217;aquesta escola t\u00e9 lloc el 30 de setembre de 1935. Fou constru\u00efda al mig del Parc Municipal &#8220;Alcalde Boixareu&#8221;.<br \/>\nDurant els anys de la guerra civil, a l&#8217;edifici es don\u00e0 acollida als ferits, servint com a hospital. L&#8217;escola va haver d&#8217;instal\u00b7lar-se en un altre lloc fins a finals dels anys 40, que es pogu\u00e9 recuperar.<\/span><\/p>\n<p><span style=\"color: #996633; font-family: Comic Sans MS; font-size: medium;\">El 19 de novembre de 1962 es pos\u00e0 en funcionament per primera vegada el menjador escolar.<br \/>\nEl 30 de setembre de 1963 s&#8217;instal\u00b7l\u00e0 per primer cop una aula destinada a p\u00e0rvuls.<br \/>\nL&#8217;any 1968 s&#8217;organitz\u00e0 la biblioteca del col\u00b7legi, amb la recollida de llibres que ja hi havia al centre, amb noves adquisicions i amb la donaci\u00f3 del &#8220;Com\u00fa de Particulars&#8221;, entitat cultural que existeix al poble.<br \/>\nL&#8217;any 1969 es cre\u00e0 una aula d&#8217;educaci\u00f3 especial.<br \/>\nDegut al progressiu augment de la matr\u00edcula del col\u00b7legi i la concentraci\u00f3 escolar dels diferents pobles de les rodalies, l&#8217;any 1971 es constru\u00ed un nou edifici empla\u00e7at en una petita parcel\u00b7la del parc.<br \/>\n<\/span><span style=\"color: #996633; font-family: Comic Sans MS; font-size: medium;\">I en tota aquesta hist\u00f2ria el col\u00b7legi pren el nom de &#8220;els Raiers&#8221; l&#8217;any 1983, posant de relleu la feina que havien fet durant molts anys una colla d&#8217;homes &#8220;aventurers&#8221; de les nostres contrades.<\/span><\/p>\n<p><span style=\"color: #996633; font-family: Comic Sans MS; font-size: medium;\">Al 2010 s&#8217;iniciaven les obres d&#8217;ampliaci\u00f3 i reforma ; l&#8217;escola ocupava tres espais: els dos edificis m\u00e9s un m\u00f2dul\u00a0 prefabricat i provisional:<br \/>\n&#8211; Raiers I, on hi ha part d&#8217;Educaci\u00f3 Infantil i de Prim\u00e0ria<br \/>\n&#8211; Raiers II, edifici on es realitzava Cicle Inicial.<br \/>\n&#8211; Raiers III, el m\u00f2duls on es realitzava primer curs del segon cicle d&#8217;Educaci\u00f3 Infantil (P3)<\/span><\/p>\n<p><span style=\"color: #996633; font-family: Comic Sans MS; font-size: medium;\">Actualment, l&#8217;Escola Els Raiers \u00e9s un edifici antic amb les prestacions d&#8217;una escola nova, amb dos adjunts formant una \u00fanica unitat.<\/span><\/p>\n<p>&nbsp;<\/p>\n<p><span style=\"border-radius: 2px; text-indent: 20px; width: auto; padding: 0px 4px 0px 0px; text-align: center; font: bold 11px\/20px 'Helvetica Neue',Helvetica,sans-serif; color: #ffffff; background: #bd081c no-repeat scroll 3px 50% \/ 14px 14px; position: absolute; opacity: 1; z-index: 8675309; display: none; cursor: pointer;\">Guardar<\/span><\/p>\n<p><span style=\"border-radius: 2px; text-indent: 20px; width: auto; padding: 0px 4px 0px 0px; text-align: center; font: bold 11px\/20px 'Helvetica Neue',Helvetica,sans-serif; color: #ffffff; background: #bd081c  no-repeat scroll 3px 50% \/ 14px 14px; position: absolute; opacity: 1; z-index: 8675309; display: none; cursor: pointer;\">Guardar<\/span><\/p>\n","protected":false},"excerpt":{"rendered":"<p>&nbsp; LA HIST\u00d2RIA DE L&#8217;ESCOLA La inauguraci\u00f3 d&#8217;aquesta escola t\u00e9 lloc el 30 de setembre de 1935. Fou constru\u00efda al mig del Parc Municipal &#8220;Alcalde Boixareu&#8221;. Durant els anys de la guerra civil, a l&#8217;edifici es don\u00e0 acollida als ferits, servint com a hospital. L&#8217;escola va haver d&#8217;instal\u00b7lar-se en un altre lloc fins a finals [&hellip;]<\/p>\n","protected":false},"author":1,"featured_media":0,"parent":22,"menu_order":2,"comment_status":"closed","ping_status":"closed","template":"","meta":{"_bbp_topic_count":0,"_bbp_reply_count":0,"_bbp_total_topic_count":0,"_bbp_total_reply_count":0,"_bbp_voice_count":0,"_bbp_anonymous_reply_count":0,"_bbp_topic_count_hidden":0,"_bbp_reply_count_hidden":0,"_bbp_forum_subforum_count":0,"site-sidebar-layout":"default","site-content-layout":"","ast-site-content-layout":"","site-content-style":"default","site-sidebar-style":"default","ast-global-header-display":"","ast-banner-title-visibility":"","ast-main-header-display":"","ast-hfb-above-header-display":"","ast-hfb-below-header-display":"","ast-hfb-mobile-header-display":"","site-post-title":"","ast-breadcrumbs-content":"","ast-featured-img":"","footer-sml-layout":"","theme-transparent-header-meta":"","adv-header-id-meta":"","stick-header-meta":"","header-above-stick-meta":"","header-main-stick-meta":"","header-below-stick-meta":"","astra-migrate-meta-layouts":"default","ast-page-background-enabled":"default","ast-page-background-meta":{"desktop":{"background-color":"var(--ast-global-color-4)","background-image":"","background-repeat":"repeat","background-position":"center center","background-size":"auto","background-attachment":"scroll","background-type":"","background-media":"","overlay-type":"","overlay-color":"","overlay-opacity":"","overlay-gradient":""},"tablet":{"background-color":"","background-image":"","background-repeat":"repeat","background-position":"center center","background-size":"auto","background-attachment":"scroll","background-type":"","background-media":"","overlay-type":"","overlay-color":"","overlay-opacity":"","overlay-gradient":""},"mobile":{"background-color":"","background-image":"","background-repeat":"repeat","background-position":"center center","background-size":"auto","background-attachment":"scroll","background-type":"","background-media":"","overlay-type":"","overlay-color":"","overlay-opacity":"","overlay-gradient":""}},"ast-content-background-meta":{"desktop":{"background-color":"var(--ast-global-color-5)","background-image":"","background-repeat":"repeat","background-position":"center center","background-size":"auto","background-attachment":"scroll","background-type":"","background-media":"","overlay-type":"","overlay-color":"","overlay-opacity":"","overlay-gradient":""},"tablet":{"background-color":"var(--ast-global-color-5)","background-image":"","background-repeat":"repeat","background-position":"center center","background-size":"auto","background-attachment":"scroll","background-type":"","background-media":"","overlay-type":"","overlay-color":"","overlay-opacity":"","overlay-gradient":""},"mobile":{"background-color":"var(--ast-global-color-5)","background-image":"","background-repeat":"repeat","background-position":"center center","background-size":"auto","background-attachment":"scroll","background-type":"","background-media":"","overlay-type":"","overlay-color":"","overlay-opacity":"","overlay-gradient":""}},"footnotes":""},"class_list":["post-26","page","type-page","status-publish","hentry"],"post_mailing_queue_ids":[],"_links":{"self":[{"href":"https:\/\/agora.xtec.cat\/ceipelsraiers\/wp-json\/wp\/v2\/pages\/26","targetHints":{"allow":["GET"]}}],"collection":[{"href":"https:\/\/agora.xtec.cat\/ceipelsraiers\/wp-json\/wp\/v2\/pages"}],"about":[{"href":"https:\/\/agora.xtec.cat\/ceipelsraiers\/wp-json\/wp\/v2\/types\/page"}],"author":[{"embeddable":true,"href":"https:\/\/agora.xtec.cat\/ceipelsraiers\/wp-json\/wp\/v2\/users\/1"}],"replies":[{"embeddable":true,"href":"https:\/\/agora.xtec.cat\/ceipelsraiers\/wp-json\/wp\/v2\/comments?post=26"}],"version-history":[{"count":4,"href":"https:\/\/agora.xtec.cat\/ceipelsraiers\/wp-json\/wp\/v2\/pages\/26\/revisions"}],"predecessor-version":[{"id":453,"href":"https:\/\/agora.xtec.cat\/ceipelsraiers\/wp-json\/wp\/v2\/pages\/26\/revisions\/453"}],"up":[{"embeddable":true,"href":"https:\/\/agora.xtec.cat\/ceipelsraiers\/wp-json\/wp\/v2\/pages\/22"}],"wp:attachment":[{"href":"https:\/\/agora.xtec.cat\/ceipelsraiers\/wp-json\/wp\/v2\/media?parent=26"}],"curies":[{"name":"wp","href":"https:\/\/api.w.org\/{rel}","templated":true}]}}