{"id":22,"date":"2014-09-18T12:19:57","date_gmt":"2014-09-18T11:19:57","guid":{"rendered":"http:\/\/agora.xtec.cat\/ceipelsraiers\/?page_id=22"},"modified":"2026-01-04T19:32:30","modified_gmt":"2026-01-04T18:32:30","slug":"lescola","status":"publish","type":"page","link":"https:\/\/agora.xtec.cat\/ceipelsraiers\/lescola\/","title":{"rendered":"L&#8217;escola"},"content":{"rendered":"<p>Tota la informaci\u00f3 sobre l&#8217;Escola Els Raiers la podeu trobar aqu\u00ed:<\/p>\n<ol>\n<li><a href=\"http:\/\/agora.xtec.cat\/ceipelsraiers\/lescola\/on-som\/\">On som<\/a><\/li>\n<li><a href=\"http:\/\/agora.xtec.cat\/ceipelsraiers\/lescola\/historia\/\">La hist\u00f2ria de l&#8217;escola<\/a><\/li>\n<li><a href=\"http:\/\/agora.xtec.cat\/ceipelsraiers\/lescola\/trets-didentitat\/\">Trets d&#8217;Identitat<\/a><br \/>\n<a href=\"http:\/\/agora.xtec.cat\/ceipelsraiers\/wp-content\/uploads\/usu633\/2015\/12\/logocolors.jpg\"><img loading=\"lazy\" decoding=\"async\" class=\" wp-image-181 alignright\" src=\"http:\/\/agora.xtec.cat\/ceipelsraiers\/wp-content\/uploads\/usu633\/2015\/12\/logocolors-725x1024.jpg\" alt=\"logocolors\" width=\"183\" height=\"258\" srcset=\"https:\/\/agora.xtec.cat\/ceipelsraiers\/wp-content\/uploads\/usu633\/2015\/12\/logocolors-725x1024.jpg 725w, https:\/\/agora.xtec.cat\/ceipelsraiers\/wp-content\/uploads\/usu633\/2015\/12\/logocolors-212x300.jpg 212w, https:\/\/agora.xtec.cat\/ceipelsraiers\/wp-content\/uploads\/usu633\/2015\/12\/logocolors.jpg 1433w\" sizes=\"auto, (max-width: 183px) 100vw, 183px\" \/><\/a><\/li>\n<li><a href=\"http:\/\/agora.xtec.cat\/ceipelsraiers\/lescola\/els-projectes\/\">Els projectes<\/a><\/li>\n<li><a href=\"http:\/\/agora.xtec.cat\/ceipelsraiers\/lescola\/instal%c2%b7lacions\/\">Les instal\u00b7lacions<\/a><\/li>\n<li><a href=\"https:\/\/agora.xtec.cat\/ceipelsraiers\/lescola\/calendari-del-curs\/\">Calendari- horari<\/a><\/li>\n<li><a href=\"http:\/\/agora.xtec.cat\/ceipelsraiers\/nivells\/\">Els nivells<\/a><\/li>\n<li><a href=\"http:\/\/agora.xtec.cat\/ceipelsraiers\/categoria\/especialistes\/\">Les especialitats<\/a><\/li>\n<li><a href=\"http:\/\/agora.xtec.cat\/ceipelsraiers\/lescola\/papers\/\">Documents<\/a><\/li>\n<li><a href=\"https:\/\/agora.xtec.cat\/ceipelsraiers\/lescola\/material-escolar\/\">Material escolar i llibres de text<\/a><\/li>\n<\/ol>\n<p><span style=\"border-radius: 2px; text-indent: 20px; width: auto; padding: 0px 4px 0px 0px; text-align: center; font: bold 11px\/20px 'Helvetica Neue',Helvetica,sans-serif; color: #ffffff; background: #bd081c no-repeat scroll 3px 50% \/ 14px 14px; position: absolute; opacity: 0.85; z-index: 8675309; display: none; cursor: pointer; top: 141px; left: 566px;\">Guardar<\/span><\/p>\n<p><span style=\"border-radius: 2px; text-indent: 20px; width: auto; padding: 0px 4px 0px 0px; text-align: center; font: bold 11px\/20px 'Helvetica Neue',Helvetica,sans-serif; color: #ffffff; background: #bd081c no-repeat scroll 3px 50% \/ 14px 14px; position: absolute; opacity: 1; z-index: 8675309; display: none; cursor: pointer;\">Guardar<\/span><\/p>\n<p><span style=\"border-radius: 2px; text-indent: 20px; width: auto; padding: 0px 4px 0px 0px; text-align: center; font: bold 11px\/20px 'Helvetica Neue',Helvetica,sans-serif; color: #ffffff; background: #bd081c no-repeat scroll 3px 50% \/ 14px 14px; position: absolute; opacity: 1; z-index: 8675309; display: none; cursor: pointer;\">Guardar<\/span><\/p>\n<p><span style=\"border-radius: 2px; text-indent: 20px; width: auto; padding: 0px 4px 0px 0px; text-align: center; font: bold 11px\/20px 'Helvetica Neue',Helvetica,sans-serif; color: #ffffff; background: #bd081c no-repeat scroll 3px 50% \/ 14px 14px; position: absolute; opacity: 0.85; z-index: 8675309; display: none; cursor: pointer; top: 141px; left: 566px;\">Guardar<\/span><\/p>\n<p><span style=\"border-radius: 2px; text-indent: 20px; width: auto; padding: 0px 4px 0px 0px; text-align: center; font: bold 11px\/20px 'Helvetica Neue',Helvetica,sans-serif; color: #ffffff; background: #bd081c no-repeat scroll 3px 50% \/ 14px 14px; position: absolute; opacity: 1; z-index: 8675309; display: none; cursor: pointer;\">Guardar<\/span><\/p>\n<p><span style=\"border-radius: 2px; text-indent: 20px; width: auto; padding: 0px 4px 0px 0px; text-align: center; font: bold 11px\/20px 'Helvetica Neue',Helvetica,sans-serif; color: #ffffff; background: #bd081c no-repeat scroll 3px 50% \/ 14px 14px; position: absolute; opacity: 1; z-index: 8675309; display: none; cursor: pointer;\">Guardar<\/span><\/p>\n","protected":false},"excerpt":{"rendered":"<p>Tota la informaci\u00f3 sobre l&#8217;Escola Els Raiers la podeu trobar aqu\u00ed: On som La hist\u00f2ria de l&#8217;escola Trets d&#8217;Identitat Els projectes Les instal\u00b7lacions Calendari- horari Els nivells Les especialitats Documents Material escolar i llibres de text Guardar Guardar Guardar Guardar Guardar Guardar<\/p>\n","protected":false},"author":1,"featured_media":0,"parent":0,"menu_order":0,"comment_status":"closed","ping_status":"closed","template":"","meta":{"_bbp_topic_count":0,"_bbp_reply_count":0,"_bbp_total_topic_count":0,"_bbp_total_reply_count":0,"_bbp_voice_count":0,"_bbp_anonymous_reply_count":0,"_bbp_topic_count_hidden":0,"_bbp_reply_count_hidden":0,"_bbp_forum_subforum_count":0,"site-sidebar-layout":"default","site-content-layout":"","ast-site-content-layout":"default","site-content-style":"default","site-sidebar-style":"default","ast-global-header-display":"","ast-banner-title-visibility":"","ast-main-header-display":"","ast-hfb-above-header-display":"","ast-hfb-below-header-display":"","ast-hfb-mobile-header-display":"","site-post-title":"","ast-breadcrumbs-content":"","ast-featured-img":"","footer-sml-layout":"","theme-transparent-header-meta":"default","adv-header-id-meta":"","stick-header-meta":"","header-above-stick-meta":"","header-main-stick-meta":"","header-below-stick-meta":"","astra-migrate-meta-layouts":"set","ast-page-background-enabled":"default","ast-page-background-meta":{"desktop":{"background-color":"var(--ast-global-color-4)","background-image":"","background-repeat":"repeat","background-position":"center center","background-size":"auto","background-attachment":"scroll","background-type":"","background-media":"","overlay-type":"","overlay-color":"","overlay-opacity":"","overlay-gradient":""},"tablet":{"background-color":"","background-image":"","background-repeat":"repeat","background-position":"center center","background-size":"auto","background-attachment":"scroll","background-type":"","background-media":"","overlay-type":"","overlay-color":"","overlay-opacity":"","overlay-gradient":""},"mobile":{"background-color":"","background-image":"","background-repeat":"repeat","background-position":"center center","background-size":"auto","background-attachment":"scroll","background-type":"","background-media":"","overlay-type":"","overlay-color":"","overlay-opacity":"","overlay-gradient":""}},"ast-content-background-meta":{"desktop":{"background-color":"var(--ast-global-color-5)","background-image":"","background-repeat":"repeat","background-position":"center center","background-size":"auto","background-attachment":"scroll","background-type":"","background-media":"","overlay-type":"","overlay-color":"","overlay-opacity":"","overlay-gradient":""},"tablet":{"background-color":"var(--ast-global-color-5)","background-image":"","background-repeat":"repeat","background-position":"center center","background-size":"auto","background-attachment":"scroll","background-type":"","background-media":"","overlay-type":"","overlay-color":"","overlay-opacity":"","overlay-gradient":""},"mobile":{"background-color":"var(--ast-global-color-5)","background-image":"","background-repeat":"repeat","background-position":"center center","background-size":"auto","background-attachment":"scroll","background-type":"","background-media":"","overlay-type":"","overlay-color":"","overlay-opacity":"","overlay-gradient":""}},"footnotes":""},"class_list":["post-22","page","type-page","status-publish","hentry"],"post_mailing_queue_ids":[],"_links":{"self":[{"href":"https:\/\/agora.xtec.cat\/ceipelsraiers\/wp-json\/wp\/v2\/pages\/22","targetHints":{"allow":["GET"]}}],"collection":[{"href":"https:\/\/agora.xtec.cat\/ceipelsraiers\/wp-json\/wp\/v2\/pages"}],"about":[{"href":"https:\/\/agora.xtec.cat\/ceipelsraiers\/wp-json\/wp\/v2\/types\/page"}],"author":[{"embeddable":true,"href":"https:\/\/agora.xtec.cat\/ceipelsraiers\/wp-json\/wp\/v2\/users\/1"}],"replies":[{"embeddable":true,"href":"https:\/\/agora.xtec.cat\/ceipelsraiers\/wp-json\/wp\/v2\/comments?post=22"}],"version-history":[{"count":7,"href":"https:\/\/agora.xtec.cat\/ceipelsraiers\/wp-json\/wp\/v2\/pages\/22\/revisions"}],"predecessor-version":[{"id":5790,"href":"https:\/\/agora.xtec.cat\/ceipelsraiers\/wp-json\/wp\/v2\/pages\/22\/revisions\/5790"}],"wp:attachment":[{"href":"https:\/\/agora.xtec.cat\/ceipelsraiers\/wp-json\/wp\/v2\/media?parent=22"}],"curies":[{"name":"wp","href":"https:\/\/api.w.org\/{rel}","templated":true}]}}