{"id":188,"date":"2016-01-12T13:20:22","date_gmt":"2016-01-12T12:20:22","guid":{"rendered":"http:\/\/agora.xtec.cat\/ceipelsraiers\/?page_id=188"},"modified":"2026-01-04T20:02:44","modified_gmt":"2026-01-04T19:02:44","slug":"enllacos","status":"publish","type":"page","link":"https:\/\/agora.xtec.cat\/ceipelsraiers\/enllacos\/","title":{"rendered":"EXPERTS RECOMANEN&#8230;"},"content":{"rendered":"<p>Arreu\u00a0 trobem expertes i experts en temes diferents relacionats amb l&#8217;educaci\u00f3 dels nostres alumnes, les vostres filles i fills. Si us serveix us orientem:<\/p>\n<p><strong>ALIMENTACI\u00d3.<\/strong><\/p>\n<p><strong><iframe loading=\"lazy\" title=\"YouTube video player\" src=\"\/\/www.youtube.com\/embed\/J71-faAglnk\" width=\"560\" height=\"315\" frameborder=\"0\" allowfullscreen=\"allowfullscreen\"><\/iframe><\/strong><\/p>\n<p><strong>ELS L\u00cdMITS<\/strong><br \/>\n<span style=\"color: #008000;\">L<\/span><span style=\"color: #008000;\"><strong>&#8216;AU<\/strong>TORITAT<\/span>: Alba Castellv\u00ed: \u00c9s soci\u00f2loga, educadora i mediadora de conflictes.<br \/>\n<iframe loading=\"lazy\" title=\"YouTube video player\" src=\"https:\/\/www.youtube.com\/embed\/yi7FUjy_gdA\" width=\"560\" height=\"315\" frameborder=\"0\" allowfullscreen=\"allowfullscreen\"><\/iframe><\/p>\n<p><strong><span style=\"color: #008000;\">EDUCAR SENSE CRIDAR<\/span><\/strong>: Alba Castellv\u00ed.<br \/>\n<iframe loading=\"lazy\" title=\"YouTube video player\" src=\"https:\/\/www.youtube.com\/embed\/KWP2blYoGdU\" width=\"560\" height=\"315\" frameborder=\"0\" allowfullscreen=\"allowfullscreen\"><\/iframe><\/p>\n<p><strong>LES EINES TECNOL\u00d2GIQUES<\/strong><br \/>\n&#8211; <strong><span style=\"color: #008000;\">SOM MODELS<\/span><\/strong>: Adam Alter: \u00c9s professor de Psicologia en la Stern School of Business de la Universidat de Nova York. Les seves \u00faltimes investigacions s&#8217;han centrat en les addiccions del comportament, un nou concepte que equipara les addiccions al m\u00f3bil, televisi\u00f3, videojocs, etc.\u2014 i les seves conseq\u00fc\u00e8ncies, fins i tot el s\u00edndrome d&#8217;abstin\u00e8ncia\u2014a les addicciones a las drogues o l&#8217;alcohol.<br \/>\n<iframe loading=\"lazy\" title=\"YouTube video player\" src=\"https:\/\/www.youtube.com\/embed\/P_T6mce2gWQ\" width=\"560\" height=\"315\" frameborder=\"0\" allowfullscreen=\"allowfullscreen\"><\/iframe><\/p>\n<p><strong>L&#8217;AUTONOMIA<\/strong><\/p>\n<p><strong>L&#8217;AUTOCONFIAN\u00c7A<\/strong>: David Bueno Doctor en biologia i professor i investigador de la Secci\u00f3 de Gen\u00e8tica Biom\u00e8dica, Evolutiva i del Desenvolupament de la Universitat de Barcelona. Des d\u2019octubre de 2019, a m\u00e9s, dirigeix la C\u00e0tedra de Neuroeducaci\u00f3n UB-EDU1st, la primera a tot el m\u00f3n que es dedica exclusivament a aquesta tem\u00e0tica.<br \/>\n<iframe loading=\"lazy\" title=\"YouTube video player\" src=\"https:\/\/www.youtube.com\/embed\/uWQRKSDdcNs\" width=\"560\" height=\"315\" frameborder=\"0\" allowfullscreen=\"allowfullscreen\"><\/iframe><\/p>\n","protected":false},"excerpt":{"rendered":"<p>Arreu\u00a0 trobem expertes i experts en temes diferents relacionats amb l&#8217;educaci\u00f3 dels nostres alumnes, les vostres filles i fills. Si us serveix us orientem: ALIMENTACI\u00d3. ELS L\u00cdMITS L&#8216;AUTORITAT: Alba Castellv\u00ed: \u00c9s soci\u00f2loga, educadora i mediadora de conflictes. EDUCAR SENSE CRIDAR: Alba Castellv\u00ed. LES EINES TECNOL\u00d2GIQUES &#8211; SOM MODELS: Adam Alter: \u00c9s professor de Psicologia en [&hellip;]<\/p>\n","protected":false},"author":4,"featured_media":0,"parent":0,"menu_order":0,"comment_status":"closed","ping_status":"closed","template":"","meta":{"_bbp_topic_count":0,"_bbp_reply_count":0,"_bbp_total_topic_count":0,"_bbp_total_reply_count":0,"_bbp_voice_count":0,"_bbp_anonymous_reply_count":0,"_bbp_topic_count_hidden":0,"_bbp_reply_count_hidden":0,"_bbp_forum_subforum_count":0,"site-sidebar-layout":"default","site-content-layout":"","ast-site-content-layout":"default","site-content-style":"default","site-sidebar-style":"default","ast-global-header-display":"","ast-banner-title-visibility":"","ast-main-header-display":"","ast-hfb-above-header-display":"","ast-hfb-below-header-display":"","ast-hfb-mobile-header-display":"","site-post-title":"","ast-breadcrumbs-content":"","ast-featured-img":"","footer-sml-layout":"","theme-transparent-header-meta":"","adv-header-id-meta":"","stick-header-meta":"","header-above-stick-meta":"","header-main-stick-meta":"","header-below-stick-meta":"","astra-migrate-meta-layouts":"set","ast-page-background-enabled":"default","ast-page-background-meta":{"desktop":{"background-color":"var(--ast-global-color-4)","background-image":"","background-repeat":"repeat","background-position":"center center","background-size":"auto","background-attachment":"scroll","background-type":"","background-media":"","overlay-type":"","overlay-color":"","overlay-opacity":"","overlay-gradient":""},"tablet":{"background-color":"","background-image":"","background-repeat":"repeat","background-position":"center center","background-size":"auto","background-attachment":"scroll","background-type":"","background-media":"","overlay-type":"","overlay-color":"","overlay-opacity":"","overlay-gradient":""},"mobile":{"background-color":"","background-image":"","background-repeat":"repeat","background-position":"center center","background-size":"auto","background-attachment":"scroll","background-type":"","background-media":"","overlay-type":"","overlay-color":"","overlay-opacity":"","overlay-gradient":""}},"ast-content-background-meta":{"desktop":{"background-color":"var(--ast-global-color-5)","background-image":"","background-repeat":"repeat","background-position":"center center","background-size":"auto","background-attachment":"scroll","background-type":"","background-media":"","overlay-type":"","overlay-color":"","overlay-opacity":"","overlay-gradient":""},"tablet":{"background-color":"var(--ast-global-color-5)","background-image":"","background-repeat":"repeat","background-position":"center center","background-size":"auto","background-attachment":"scroll","background-type":"","background-media":"","overlay-type":"","overlay-color":"","overlay-opacity":"","overlay-gradient":""},"mobile":{"background-color":"var(--ast-global-color-5)","background-image":"","background-repeat":"repeat","background-position":"center center","background-size":"auto","background-attachment":"scroll","background-type":"","background-media":"","overlay-type":"","overlay-color":"","overlay-opacity":"","overlay-gradient":""}},"footnotes":""},"class_list":["post-188","page","type-page","status-publish","hentry"],"post_mailing_queue_ids":[],"_links":{"self":[{"href":"https:\/\/agora.xtec.cat\/ceipelsraiers\/wp-json\/wp\/v2\/pages\/188","targetHints":{"allow":["GET"]}}],"collection":[{"href":"https:\/\/agora.xtec.cat\/ceipelsraiers\/wp-json\/wp\/v2\/pages"}],"about":[{"href":"https:\/\/agora.xtec.cat\/ceipelsraiers\/wp-json\/wp\/v2\/types\/page"}],"author":[{"embeddable":true,"href":"https:\/\/agora.xtec.cat\/ceipelsraiers\/wp-json\/wp\/v2\/users\/4"}],"replies":[{"embeddable":true,"href":"https:\/\/agora.xtec.cat\/ceipelsraiers\/wp-json\/wp\/v2\/comments?post=188"}],"version-history":[{"count":4,"href":"https:\/\/agora.xtec.cat\/ceipelsraiers\/wp-json\/wp\/v2\/pages\/188\/revisions"}],"predecessor-version":[{"id":5798,"href":"https:\/\/agora.xtec.cat\/ceipelsraiers\/wp-json\/wp\/v2\/pages\/188\/revisions\/5798"}],"wp:attachment":[{"href":"https:\/\/agora.xtec.cat\/ceipelsraiers\/wp-json\/wp\/v2\/media?parent=188"}],"curies":[{"name":"wp","href":"https:\/\/api.w.org\/{rel}","templated":true}]}}