{"id":64,"date":"2014-09-18T12:39:08","date_gmt":"2014-09-18T11:39:08","guid":{"rendered":"http:\/\/agora.xtec.cat\/ceipelsquatrevents\/?page_id=64"},"modified":"2026-02-13T12:20:04","modified_gmt":"2026-02-13T11:20:04","slug":"projecte-educatiu","status":"publish","type":"page","link":"https:\/\/agora.xtec.cat\/ceipelsquatrevents\/projecte-educatiu\/","title":{"rendered":"Projecte Educatiu"},"content":{"rendered":"<p><strong><em>\u201cConcebem el Projecte Educatiu, com una proposta integral que permet dirigir coherentment el proc\u00e9s d\u2019intervenci\u00f3 educativa en una instituci\u00f3 escolar (Antunez, Gair\u00edn, 1990\u201d)<\/em><\/strong><br \/>\nAquest document es desenvolupa dins el marc legal pertinent, en base al Decret, pel qual es regulen els \u00d2rgans de Govern dels Centres P\u00fablics d\u2019Ensenyament de nivell no universitari de Catalunya.<\/p>\n<p>El Projecte Educatiu de Centre reflecteix el cam\u00ed cap on va l\u2019escola. El PEC ha de referir-se als diferents \u00e0mbits d\u2019acci\u00f3:<br \/>\n\u2013 Pedag\u00f2gic<br \/>\n\u2013 Organitzatiu<br \/>\n\u2013 Administratiu<br \/>\n\u2013 Serveis<br \/>\n\u2013 Relacions humanes<\/p>\n<p>El projecte educatiu de l\u2019escola ELS QUATRE VENTS de Sant Jaume dels Domenys, fa una descripci\u00f3 de la hist\u00f2ria del centre, analitza el context , concreta els principis d\u2019identitat i explica la l\u00ednia estrat\u00e8gica a seguir, marca els objectius generals de l\u2019escola, defineix els \u00f2rgans de govern, tamb\u00e9 estableix la metodologia a aplicar, els projectes que desenvolupa el centre i concreta l\u2019\u00fas dels recursos. Aix\u00ed com les relacions que es porten a terme amb la comunitat educativa i amb l\u2019entorn.<\/p>\n<p>Si voleu continuar llegint el nostre PEC sols haureu de clicar a sobre del seg\u00fcent enlla\u00e7 o clicar a la foto per veure el resum del nostre projecte educatiu:<\/p>\n<p>&nbsp;<\/p>\n<p><a href=\"https:\/\/agora.xtec.cat\/ceipelsquatrevents\/wp-content\/uploads\/usu1091\/2026\/02\/PROJECTE-EDUCATIU-DE-CENTRE-2026.pdf\">PROJECTE EDUCATIU ACTUALITZAT CURS 2026<\/a><\/p>\n<p><a href=\"https:\/\/agora.xtec.cat\/ceipelsquatrevents\/wp-content\/uploads\/usu1091\/2026\/02\/SKMA9D4A026021311560-1.pdf\">ANNEXOS PROJECTE EDUCATIU<\/a><\/p>\n","protected":false},"excerpt":{"rendered":"<p>\u201cConcebem el Projecte Educatiu, com una proposta integral que permet dirigir coherentment el proc\u00e9s d\u2019intervenci\u00f3 educativa en una instituci\u00f3 escolar (Antunez, Gair\u00edn, 1990\u201d) Aquest document es desenvolupa dins el marc legal pertinent, en base al Decret, pel qual es regulen els \u00d2rgans de Govern dels Centres P\u00fablics d\u2019Ensenyament de nivell no universitari de Catalunya. El [&hellip;]<\/p>\n","protected":false},"author":1,"featured_media":0,"parent":0,"menu_order":0,"comment_status":"closed","ping_status":"closed","template":"","meta":{"_bbp_topic_count":0,"_bbp_reply_count":0,"_bbp_total_topic_count":0,"_bbp_total_reply_count":0,"_bbp_voice_count":0,"_bbp_anonymous_reply_count":0,"_bbp_topic_count_hidden":0,"_bbp_reply_count_hidden":0,"_bbp_forum_subforum_count":0,"site-sidebar-layout":"default","site-content-layout":"","ast-site-content-layout":"default","site-content-style":"default","site-sidebar-style":"default","ast-global-header-display":"","ast-banner-title-visibility":"","ast-main-header-display":"","ast-hfb-above-header-display":"","ast-hfb-below-header-display":"","ast-hfb-mobile-header-display":"","site-post-title":"","ast-breadcrumbs-content":"","ast-featured-img":"","footer-sml-layout":"","theme-transparent-header-meta":"default","adv-header-id-meta":"","stick-header-meta":"","header-above-stick-meta":"","header-main-stick-meta":"","header-below-stick-meta":"","astra-migrate-meta-layouts":"set","ast-page-background-enabled":"default","ast-page-background-meta":{"desktop":{"background-color":"var(--ast-global-color-4)","background-image":"","background-repeat":"repeat","background-position":"center center","background-size":"auto","background-attachment":"scroll","background-type":"","background-media":"","overlay-type":"","overlay-color":"","overlay-opacity":"","overlay-gradient":""},"tablet":{"background-color":"","background-image":"","background-repeat":"repeat","background-position":"center center","background-size":"auto","background-attachment":"scroll","background-type":"","background-media":"","overlay-type":"","overlay-color":"","overlay-opacity":"","overlay-gradient":""},"mobile":{"background-color":"","background-image":"","background-repeat":"repeat","background-position":"center center","background-size":"auto","background-attachment":"scroll","background-type":"","background-media":"","overlay-type":"","overlay-color":"","overlay-opacity":"","overlay-gradient":""}},"ast-content-background-meta":{"desktop":{"background-color":"var(--ast-global-color-5)","background-image":"","background-repeat":"repeat","background-position":"center center","background-size":"auto","background-attachment":"scroll","background-type":"","background-media":"","overlay-type":"","overlay-color":"","overlay-opacity":"","overlay-gradient":""},"tablet":{"background-color":"var(--ast-global-color-5)","background-image":"","background-repeat":"repeat","background-position":"center center","background-size":"auto","background-attachment":"scroll","background-type":"","background-media":"","overlay-type":"","overlay-color":"","overlay-opacity":"","overlay-gradient":""},"mobile":{"background-color":"var(--ast-global-color-5)","background-image":"","background-repeat":"repeat","background-position":"center center","background-size":"auto","background-attachment":"scroll","background-type":"","background-media":"","overlay-type":"","overlay-color":"","overlay-opacity":"","overlay-gradient":""}},"footnotes":""},"class_list":["post-64","page","type-page","status-publish","hentry"],"post_mailing_queue_ids":[],"_links":{"self":[{"href":"https:\/\/agora.xtec.cat\/ceipelsquatrevents\/wp-json\/wp\/v2\/pages\/64","targetHints":{"allow":["GET"]}}],"collection":[{"href":"https:\/\/agora.xtec.cat\/ceipelsquatrevents\/wp-json\/wp\/v2\/pages"}],"about":[{"href":"https:\/\/agora.xtec.cat\/ceipelsquatrevents\/wp-json\/wp\/v2\/types\/page"}],"author":[{"embeddable":true,"href":"https:\/\/agora.xtec.cat\/ceipelsquatrevents\/wp-json\/wp\/v2\/users\/1"}],"replies":[{"embeddable":true,"href":"https:\/\/agora.xtec.cat\/ceipelsquatrevents\/wp-json\/wp\/v2\/comments?post=64"}],"version-history":[{"count":6,"href":"https:\/\/agora.xtec.cat\/ceipelsquatrevents\/wp-json\/wp\/v2\/pages\/64\/revisions"}],"predecessor-version":[{"id":11730,"href":"https:\/\/agora.xtec.cat\/ceipelsquatrevents\/wp-json\/wp\/v2\/pages\/64\/revisions\/11730"}],"wp:attachment":[{"href":"https:\/\/agora.xtec.cat\/ceipelsquatrevents\/wp-json\/wp\/v2\/media?parent=64"}],"curies":[{"name":"wp","href":"https:\/\/api.w.org\/{rel}","templated":true}]}}