{"id":5108,"date":"2020-09-09T12:56:33","date_gmt":"2020-09-09T10:56:33","guid":{"rendered":"http:\/\/agora.xtec.cat\/ceipelsquatrevents\/?page_id=5108"},"modified":"2025-09-29T14:20:54","modified_gmt":"2025-09-29T12:20:54","slug":"presentacions-inici-curs-20-21-powerpoint","status":"publish","type":"page","link":"https:\/\/agora.xtec.cat\/ceipelsquatrevents\/presentacions-inici-curs-20-21-powerpoint\/","title":{"rendered":"PRESENTACIONS CLASSES INICI CURS 25-26"},"content":{"rendered":"<p>Informaci\u00f3 general de direcci\u00f3 i presentacions de les diferents reunions d&#8217;aula:<\/p>\n<p><a href=\"https:\/\/agora.xtec.cat\/ceipelsquatrevents\/wp-content\/uploads\/usu1091\/2025\/09\/I3-Power-INICI-CURS-2025-26.pdf\">POWER REUNI\u00d3 PARES I3<\/a><\/p>\n<p><a href=\"https:\/\/agora.xtec.cat\/ceipelsquatrevents\/wp-content\/uploads\/usu1091\/2025\/09\/I4-REUNIO-INICI-CURS-2025-2026.pdf\">POWER REUNI\u00d3 PARES I4<\/a><\/p>\n<p style=\"font-family: 'Helvetica Neue', Helvetica, Helvetica, Arial, sans-serif; font-size: 16px;\"><a href=\"https:\/\/agora.xtec.cat\/ceipelsquatrevents\/wp-content\/uploads\/usu1091\/2025\/09\/I5-REUNIO-INICI-CURS-2025-2026.pdf\">POWER REUNI\u00d3 PARES I5<\/a><\/p>\n<p><a href=\"https:\/\/agora.xtec.cat\/ceipelsquatrevents\/wp-content\/uploads\/usu1091\/2025\/09\/PRIMER-REUNIO-DE-PARES-CURS-2025-2026.pdf\">POWER REUNIO PARES 1r<\/a><\/p>\n<p><a href=\"https:\/\/agora.xtec.cat\/ceipelsquatrevents\/wp-content\/uploads\/usu1091\/2025\/09\/SEGON-REUNIO-DE-PARES-curs-2025-2026.pdf\">POWER REUNIO PARES 2n<\/a><\/p>\n<p><a href=\"https:\/\/agora.xtec.cat\/ceipelsquatrevents\/wp-content\/uploads\/usu1091\/2025\/09\/3r-REUNIO-INICI-DE-CURS-2025-2026.pdf\">POWER REUNIO PARES 3r<\/a><\/p>\n<p><a href=\"https:\/\/agora.xtec.cat\/ceipelsquatrevents\/wp-content\/uploads\/usu1091\/2025\/09\/QUART-REUNIO-DE-PARES-curs-2025-2026.pdf\">POWER REUNIO PARES 4t<\/a><\/p>\n<p><a href=\"https:\/\/agora.xtec.cat\/ceipelsquatrevents\/wp-content\/uploads\/usu1091\/2025\/09\/5e-REUNIO-INICI-CURS-2025-2026.pdf\">POWER REUNIO PARES 5\u00e8<\/a><\/p>\n<p><a href=\"https:\/\/agora.xtec.cat\/ceipelsquatrevents\/wp-content\/uploads\/usu1091\/2025\/09\/6e-REUNIO-INICI-DE-CURS.pdf\">POWER REUNIO PARES 6\u00e8<\/a><\/p>\n","protected":false},"excerpt":{"rendered":"<p>Informaci\u00f3 general de direcci\u00f3 i presentacions de les diferents reunions d&#8217;aula: POWER REUNI\u00d3 PARES I3 POWER REUNI\u00d3 PARES I4 POWER REUNI\u00d3 PARES I5 POWER REUNIO PARES 1r POWER REUNIO PARES 2n POWER REUNIO PARES 3r POWER REUNIO PARES 4t POWER REUNIO PARES 5\u00e8 POWER REUNIO PARES 6\u00e8<\/p>\n","protected":false},"author":1,"featured_media":0,"parent":0,"menu_order":0,"comment_status":"closed","ping_status":"closed","template":"","meta":{"_bbp_topic_count":0,"_bbp_reply_count":0,"_bbp_total_topic_count":0,"_bbp_total_reply_count":0,"_bbp_voice_count":0,"_bbp_anonymous_reply_count":0,"_bbp_topic_count_hidden":0,"_bbp_reply_count_hidden":0,"_bbp_forum_subforum_count":0,"site-sidebar-layout":"default","site-content-layout":"","ast-site-content-layout":"","site-content-style":"default","site-sidebar-style":"default","ast-global-header-display":"","ast-banner-title-visibility":"","ast-main-header-display":"","ast-hfb-above-header-display":"","ast-hfb-below-header-display":"","ast-hfb-mobile-header-display":"","site-post-title":"","ast-breadcrumbs-content":"","ast-featured-img":"","footer-sml-layout":"","theme-transparent-header-meta":"","adv-header-id-meta":"","stick-header-meta":"","header-above-stick-meta":"","header-main-stick-meta":"","header-below-stick-meta":"","astra-migrate-meta-layouts":"default","ast-page-background-enabled":"default","ast-page-background-meta":{"desktop":{"background-color":"var(--ast-global-color-4)","background-image":"","background-repeat":"repeat","background-position":"center center","background-size":"auto","background-attachment":"scroll","background-type":"","background-media":"","overlay-type":"","overlay-color":"","overlay-opacity":"","overlay-gradient":""},"tablet":{"background-color":"","background-image":"","background-repeat":"repeat","background-position":"center center","background-size":"auto","background-attachment":"scroll","background-type":"","background-media":"","overlay-type":"","overlay-color":"","overlay-opacity":"","overlay-gradient":""},"mobile":{"background-color":"","background-image":"","background-repeat":"repeat","background-position":"center center","background-size":"auto","background-attachment":"scroll","background-type":"","background-media":"","overlay-type":"","overlay-color":"","overlay-opacity":"","overlay-gradient":""}},"ast-content-background-meta":{"desktop":{"background-color":"var(--ast-global-color-5)","background-image":"","background-repeat":"repeat","background-position":"center center","background-size":"auto","background-attachment":"scroll","background-type":"","background-media":"","overlay-type":"","overlay-color":"","overlay-opacity":"","overlay-gradient":""},"tablet":{"background-color":"var(--ast-global-color-5)","background-image":"","background-repeat":"repeat","background-position":"center center","background-size":"auto","background-attachment":"scroll","background-type":"","background-media":"","overlay-type":"","overlay-color":"","overlay-opacity":"","overlay-gradient":""},"mobile":{"background-color":"var(--ast-global-color-5)","background-image":"","background-repeat":"repeat","background-position":"center center","background-size":"auto","background-attachment":"scroll","background-type":"","background-media":"","overlay-type":"","overlay-color":"","overlay-opacity":"","overlay-gradient":""}},"footnotes":""},"class_list":["post-5108","page","type-page","status-publish","hentry"],"post_mailing_queue_ids":[],"_links":{"self":[{"href":"https:\/\/agora.xtec.cat\/ceipelsquatrevents\/wp-json\/wp\/v2\/pages\/5108","targetHints":{"allow":["GET"]}}],"collection":[{"href":"https:\/\/agora.xtec.cat\/ceipelsquatrevents\/wp-json\/wp\/v2\/pages"}],"about":[{"href":"https:\/\/agora.xtec.cat\/ceipelsquatrevents\/wp-json\/wp\/v2\/types\/page"}],"author":[{"embeddable":true,"href":"https:\/\/agora.xtec.cat\/ceipelsquatrevents\/wp-json\/wp\/v2\/users\/1"}],"replies":[{"embeddable":true,"href":"https:\/\/agora.xtec.cat\/ceipelsquatrevents\/wp-json\/wp\/v2\/comments?post=5108"}],"version-history":[{"count":7,"href":"https:\/\/agora.xtec.cat\/ceipelsquatrevents\/wp-json\/wp\/v2\/pages\/5108\/revisions"}],"predecessor-version":[{"id":11351,"href":"https:\/\/agora.xtec.cat\/ceipelsquatrevents\/wp-json\/wp\/v2\/pages\/5108\/revisions\/11351"}],"wp:attachment":[{"href":"https:\/\/agora.xtec.cat\/ceipelsquatrevents\/wp-json\/wp\/v2\/media?parent=5108"}],"curies":[{"name":"wp","href":"https:\/\/api.w.org\/{rel}","templated":true}]}}