{"id":38,"date":"2014-09-18T12:34:08","date_gmt":"2014-09-18T11:34:08","guid":{"rendered":"http:\/\/agora.xtec.cat\/ceipelsquatrevents\/?page_id=38"},"modified":"2023-11-30T17:59:36","modified_gmt":"2023-11-30T16:59:36","slug":"salut","status":"publish","type":"page","link":"https:\/\/agora.xtec.cat\/ceipelsquatrevents\/lescola\/salut\/","title":{"rendered":"Salut"},"content":{"rendered":"<ul>\n<li>L&#8217;escola no administrar\u00e0 cap medicament a l&#8217;alumnat sense l&#8217;autoritzaci\u00f3 de la fam\u00edlia i la recepta m\u00e8dica.<\/li>\n<li>Les fam\u00edlies han d&#8217;informar a l&#8217;escola quan els nens\/es estan malalts.<\/li>\n<li>Si les fam\u00edlies tenen dubtes de l&#8217;assist\u00e8ncia a l&#8217;escola despr\u00e9s d&#8217;una malaltia infecciosa cal que consultin al seu pediatra. Les malalties infeccioses \u00e9s molt important comunicar-ho a la tutor\/a el m\u00e9s aviat possible.<\/li>\n<li>Les fam\u00edlies omplen una fitxa de dades m\u00e8diques a inici de l&#8217;escolaritzaci\u00f3. Qualsevol canvi cal informar a la mestra.<\/li>\n<li>Cal una bona coordinaci\u00f3 fam\u00edlia-escola\/tutor-a en cas d&#8217;al.l\u00e8rgies.<\/li>\n<li>Polls: L&#8217;escola enviar\u00e0 un email a les fam\u00edlies del grup-classe quan es doni un cap de polls a l&#8217;aula. Les fam\u00edlies han de revisar el cabell dels seus fills\/es durant uns dies i fer el tractament si cal. Si el\/la mestra veu polls al cap d&#8217;un nen\/a, seguirem el protocol del centre establer a les NOF.<\/li>\n<\/ul>\n<p>&nbsp;<\/p>\n<p>&nbsp;<\/p>\n<p>&nbsp;<\/p>\n<p>&nbsp;<\/p>\n<p>&nbsp;<\/p>\n","protected":false},"excerpt":{"rendered":"<p>L&#8217;escola no administrar\u00e0 cap medicament a l&#8217;alumnat sense l&#8217;autoritzaci\u00f3 de la fam\u00edlia i la recepta m\u00e8dica. Les fam\u00edlies han d&#8217;informar a l&#8217;escola quan els nens\/es estan malalts. Si les fam\u00edlies tenen dubtes de l&#8217;assist\u00e8ncia a l&#8217;escola despr\u00e9s d&#8217;una malaltia infecciosa cal que consultin al seu pediatra. Les malalties infeccioses \u00e9s molt important comunicar-ho a la [&hellip;]<\/p>\n","protected":false},"author":1,"featured_media":0,"parent":22,"menu_order":80,"comment_status":"closed","ping_status":"closed","template":"page-templates\/side-menu.php","meta":{"_bbp_topic_count":0,"_bbp_reply_count":0,"_bbp_total_topic_count":0,"_bbp_total_reply_count":0,"_bbp_voice_count":0,"_bbp_anonymous_reply_count":0,"_bbp_topic_count_hidden":0,"_bbp_reply_count_hidden":0,"_bbp_forum_subforum_count":0,"site-sidebar-layout":"default","site-content-layout":"","ast-site-content-layout":"","site-content-style":"default","site-sidebar-style":"default","ast-global-header-display":"","ast-banner-title-visibility":"","ast-main-header-display":"","ast-hfb-above-header-display":"","ast-hfb-below-header-display":"","ast-hfb-mobile-header-display":"","site-post-title":"","ast-breadcrumbs-content":"","ast-featured-img":"","footer-sml-layout":"","theme-transparent-header-meta":"","adv-header-id-meta":"","stick-header-meta":"","header-above-stick-meta":"","header-main-stick-meta":"","header-below-stick-meta":"","astra-migrate-meta-layouts":"default","ast-page-background-enabled":"default","ast-page-background-meta":{"desktop":{"background-color":"var(--ast-global-color-4)","background-image":"","background-repeat":"repeat","background-position":"center center","background-size":"auto","background-attachment":"scroll","background-type":"","background-media":"","overlay-type":"","overlay-color":"","overlay-opacity":"","overlay-gradient":""},"tablet":{"background-color":"","background-image":"","background-repeat":"repeat","background-position":"center center","background-size":"auto","background-attachment":"scroll","background-type":"","background-media":"","overlay-type":"","overlay-color":"","overlay-opacity":"","overlay-gradient":""},"mobile":{"background-color":"","background-image":"","background-repeat":"repeat","background-position":"center center","background-size":"auto","background-attachment":"scroll","background-type":"","background-media":"","overlay-type":"","overlay-color":"","overlay-opacity":"","overlay-gradient":""}},"ast-content-background-meta":{"desktop":{"background-color":"var(--ast-global-color-5)","background-image":"","background-repeat":"repeat","background-position":"center center","background-size":"auto","background-attachment":"scroll","background-type":"","background-media":"","overlay-type":"","overlay-color":"","overlay-opacity":"","overlay-gradient":""},"tablet":{"background-color":"var(--ast-global-color-5)","background-image":"","background-repeat":"repeat","background-position":"center center","background-size":"auto","background-attachment":"scroll","background-type":"","background-media":"","overlay-type":"","overlay-color":"","overlay-opacity":"","overlay-gradient":""},"mobile":{"background-color":"var(--ast-global-color-5)","background-image":"","background-repeat":"repeat","background-position":"center center","background-size":"auto","background-attachment":"scroll","background-type":"","background-media":"","overlay-type":"","overlay-color":"","overlay-opacity":"","overlay-gradient":""}},"footnotes":""},"class_list":["post-38","page","type-page","status-publish","hentry"],"post_mailing_queue_ids":[],"_links":{"self":[{"href":"https:\/\/agora.xtec.cat\/ceipelsquatrevents\/wp-json\/wp\/v2\/pages\/38","targetHints":{"allow":["GET"]}}],"collection":[{"href":"https:\/\/agora.xtec.cat\/ceipelsquatrevents\/wp-json\/wp\/v2\/pages"}],"about":[{"href":"https:\/\/agora.xtec.cat\/ceipelsquatrevents\/wp-json\/wp\/v2\/types\/page"}],"author":[{"embeddable":true,"href":"https:\/\/agora.xtec.cat\/ceipelsquatrevents\/wp-json\/wp\/v2\/users\/1"}],"replies":[{"embeddable":true,"href":"https:\/\/agora.xtec.cat\/ceipelsquatrevents\/wp-json\/wp\/v2\/comments?post=38"}],"version-history":[{"count":4,"href":"https:\/\/agora.xtec.cat\/ceipelsquatrevents\/wp-json\/wp\/v2\/pages\/38\/revisions"}],"predecessor-version":[{"id":9510,"href":"https:\/\/agora.xtec.cat\/ceipelsquatrevents\/wp-json\/wp\/v2\/pages\/38\/revisions\/9510"}],"up":[{"embeddable":true,"href":"https:\/\/agora.xtec.cat\/ceipelsquatrevents\/wp-json\/wp\/v2\/pages\/22"}],"wp:attachment":[{"href":"https:\/\/agora.xtec.cat\/ceipelsquatrevents\/wp-json\/wp\/v2\/media?parent=38"}],"curies":[{"name":"wp","href":"https:\/\/api.w.org\/{rel}","templated":true}]}}